{"id":27469,"date":"2020-05-29T17:05:54","date_gmt":"2020-05-29T22:05:54","guid":{"rendered":"https:\/\/www.grandsalondeguitare.com\/product\/c-508-wolfgang-jellinghaus-germany\/"},"modified":"2026-03-18T14:24:27","modified_gmt":"2026-03-18T19:24:27","slug":"c-508-wolfgang-jellinghaus-germany","status":"publish","type":"product","link":"https:\/\/www.grandsalondeguitare.com\/fr\/produit\/c-508-wolfgang-jellinghaus-germany\/","title":{"rendered":"C-508, W. Jellinghaus \u00ab\u00a0Modelo-114\u00a0\u00bb"},"content":{"rendered":"<div id=\"erdyt-6a007c39948f3\" data-id=\"0ZT8egPBxnI\" class=\"erd-youtube-responsive\" style=\"display:block;position:relative;clear:both;width:100%;max-width:800px;margin-left:auto;margin-right:auto;\"><div style=\"padding-bottom:56.25%;\"><div class=\"erd-ytplay\" id=\"erdytp-0ZT8egPBxnI-6a007c39948f3\" data-vid=\"0ZT8egPBxnI\"   data-src=\"https:\/\/www.youtube.com\/embed\/0ZT8egPBxnI?loop=1&#038;autoplay=1&#038;rel=0\" data-allowfullscreen=\"true\"><img decoding=\"async\" src=\"https:\/\/i.ytimg.com\/vi\/0ZT8egPBxnI\/hqdefault.jpg\" alt=\"YouTube Video\" \/><\/div><\/div><\/div>\n<p>&nbsp;<\/p>\n<p>Antonio De Torres (1817-1892)<\/p>\n<p>Nouvelle guitare de Wolfgang Jellinghaus<\/p>\n<p>R\u00e9plique \u00a0\u00bb Modelo 114 \u00a0\u00a0\u00bb<\/p>\n<p>\u00c9chelle de 650 mm avec sillet de\u00a052mm<\/p>\n<p>Table en \u00e9pic\u00e9a allemand \u00a0\u00bb Moon Cut \u00a0\u00bb<\/p>\n<p>Dos &amp; \u00e9clisses en Pau Ferro (3 pi\u00e8ces)<\/p>\n<p>Manche en c\u00e8dre<\/p>\n<p>Touche en \u00e9b\u00e8ne<\/p>\n<p>Rosace en bois<\/p>\n<p>Placage de la t\u00eate en bois de violette<\/p>\n<p>M\u00e9caniques Der Jung au rapport 1:18<\/p>\n<p>Finition au tampon en polis Fran\u00e7ais avec aspect relique<\/p>\n<p>\u00c9tui rigide sur mesure inclus<\/p>\n<p>&nbsp;<\/p>\n<p>La longueur du corps est de 48,26 cm \/ 19 pouces<\/p>\n<p>Le bout sup\u00e9rieur est de 27,5 cm \/ 10,826 pouces<\/p>\n<p>Le combat inf\u00e9rieur est de 36,195 cm \/ 14,25 pouces<\/p>\n<p>La largeur est de 9,5 cm \/ 3,74 pouces<\/p>\n<p>Le poids de la guitare est de 1,5 kg \/ 3,2 lb<\/p>\n<p>&nbsp;<\/p>\n<p>*** Veuillez noter que les photos utilis\u00e9es sont g\u00e9n\u00e9rique, la guitare exacte illustr\u00e9e n\u2019est plus disponible, la nouvelle guitare offerte diff\u00e9rera l\u00e9g\u00e8rement des images actuelles\u2026<\/p>\n<p>*** Des commandes sp\u00e9ciales peuvent \u00eatre faites avec des tailles d&rsquo;\u00e9chelle de 630 mm, 635 mm ou 640 mm ***<\/p>\n<p>R\u00e9plique de la derni\u00e8re guitare de Tarrega !!!<\/p>\n<p>En 1888, Torres re\u00e7ut une nouvelle commande de Tarrega. Cette fois, il construit en fait 2 guitares: soi-disant Finas (guitare pleine grandeur pour les concerts) pour d\u00e9couvrir celui qui sonne le mieux.<\/p>\n<p>Le FE 113 avait un dos en 2 pi\u00e8ces, le 114 en 3 pi\u00e8ces<\/p>\n<p>Fabriqu\u00e9 au Milestone Luthier Center, fond\u00e9 en 2013 par Wolfgang Jellinghaus &amp; Michael Zhang.<\/p>\n<p>L&rsquo;objectif du Milestone Luthier Center est de reconstruire l&rsquo;histoire de la fabrication de guitares classiques en s\u00e9lectionnant six ma\u00eetres luthiers diff\u00e9rents des 230 derni\u00e8res ann\u00e9es qui ont \u00e9tabli de nouvelles normes pour la fabrication de guitares en termes de construction et de son.<\/p>\n<p>Le centre de R &amp; D est \u00e0 Dortmund en Allemagne et l&rsquo;atelier de fabrication de guitares est \u00e0 Guangzhou en Chine<\/p>\n<p>Nous sommes fiers d&rsquo;\u00eatre le revendeur canadien officiel des guitares Wolfgang Jellinghaus<\/p>\n","protected":false},"excerpt":{"rendered":"<p>D\u00e9di\u00e9 \u00e0 honorer le travail d&rsquo;Antonio De Torres<\/p>\n<p>Un incontournable pour tous ceux qui cherchent \u00e0 poss\u00e9der une copie de la derni\u00e8re guitare jou\u00e9e par T\u00e1rrega&#8230;<\/p>\n<p>Une guitare magnifique avec un beau timbre, excellent savoir-faire et une excellente jouabilit\u00e9e<\/p>\n<p>Le look relique et l&rsquo;application du polis fran\u00e7ais sont extr\u00eamement bien ex\u00e9cut\u00e9s !!!<\/p>\n<p>Une \u0153uvre d&rsquo;art&#8230;<\/p>\n<p>*** \u00c9chelle de 630 mm avec sillet de 51 mm en stock et disponible maintenant ***<\/p>\n","protected":false},"featured_media":15345,"comment_status":"closed","ping_status":"closed","template":"","meta":{"_mo_disable_npp":""},"product_brand":[],"product_cat":[1058,1057],"product_tag":[1834,1225,1226,1835,1228],"class_list":{"0":"post-27469","1":"product","2":"type-product","3":"status-publish","4":"has-post-thumbnail","6":"product_cat-guitares","7":"product_cat-guitares-classique","8":"product_tag-antonio-de-torres-1817-1892-classical-guitar-fr","9":"product_tag-antonio-de-torres-classical-guitar-fr","10":"product_tag-spanish-luthiers-in-montreal-canada-fr","11":"product_tag-tarregas-last-torres-guitar-fr","12":"product_tag-torres-la-leona-replica-spain-montreal-canada-fr","13":"sales-flash-overlay","14":"woocommerce-text-align-left","15":"woocommerce-image-align-center","16":"do-quantity-buttons","17":"wc-has-gallery","19":"first","20":"instock","21":"taxable","22":"shipping-taxable","23":"purchasable","24":"product-type-simple"},"_links":{"self":[{"href":"https:\/\/www.grandsalondeguitare.com\/fr\/wp-json\/wp\/v2\/product\/27469","targetHints":{"allow":["GET"]}}],"collection":[{"href":"https:\/\/www.grandsalondeguitare.com\/fr\/wp-json\/wp\/v2\/product"}],"about":[{"href":"https:\/\/www.grandsalondeguitare.com\/fr\/wp-json\/wp\/v2\/types\/product"}],"replies":[{"embeddable":true,"href":"https:\/\/www.grandsalondeguitare.com\/fr\/wp-json\/wp\/v2\/comments?post=27469"}],"wp:featuredmedia":[{"embeddable":true,"href":"https:\/\/www.grandsalondeguitare.com\/fr\/wp-json\/wp\/v2\/media\/15345"}],"wp:attachment":[{"href":"https:\/\/www.grandsalondeguitare.com\/fr\/wp-json\/wp\/v2\/media?parent=27469"}],"wp:term":[{"taxonomy":"product_brand","embeddable":true,"href":"https:\/\/www.grandsalondeguitare.com\/fr\/wp-json\/wp\/v2\/product_brand?post=27469"},{"taxonomy":"product_cat","embeddable":true,"href":"https:\/\/www.grandsalondeguitare.com\/fr\/wp-json\/wp\/v2\/product_cat?post=27469"},{"taxonomy":"product_tag","embeddable":true,"href":"https:\/\/www.grandsalondeguitare.com\/fr\/wp-json\/wp\/v2\/product_tag?post=27469"}],"curies":[{"name":"wp","href":"https:\/\/api.w.org\/{rel}","templated":true}]}}