{"id":27418,"date":"2022-11-10T13:58:44","date_gmt":"2022-11-10T18:58:46","guid":{"rendered":"https:\/\/www.grandsalondeguitare.com\/?post_type=product&#038;p=27418"},"modified":"2023-04-09T12:24:24","modified_gmt":"2023-04-09T17:24:24","slug":"c-509-wolfgang-jellinghaus-se-43-copy","status":"publish","type":"product","link":"https:\/\/www.grandsalondeguitare.com\/fr\/produit\/c-509-wolfgang-jellinghaus-se-43-copy\/","title":{"rendered":"C-659, W. Jellinghaus \u00ab\u00a0Modelo 49\u00a0\u00bb"},"content":{"rendered":"<p>Antonio De Torres (1817-1892)<\/p>\n<p>Nouvelle guitare<\/p>\n<p>R\u00e9plique \u00a0\u00bb\u00a0Modelo 49 \u00ab\u00a0<\/p>\n<p>\u00c9chelle de 650 mm<\/p>\n<p>Sillet de 52mm<\/p>\n<p>Table en \u00e9pic\u00e9a Allemand \u00ab\u00a0Moon cut\u00a0\u00bb<\/p>\n<p>Fond et \u00e9clisses en \u00e9rable<\/p>\n<p>Manche en c\u00e8dre<\/p>\n<p>Touche en \u00e9b\u00e8ne<\/p>\n<p>Rosace en bois<\/p>\n<p>Chevalet et placage de la tete en bois de violette<\/p>\n<p>Sillets en os<\/p>\n<p>M\u00e9caniques Der Jung au rapport 1:18<\/p>\n<p>Finition au tampon \u00e0 la main en polis Fran\u00e7ais<\/p>\n<p>\u00c9tui rigide inclus<\/p>\n<p>La longueur du corps est de 47 cm \/ 18.5 pouces<\/p>\n<p>Le bout sup\u00e9rieur est de 26,5 cm \/ 10.43 pouces<\/p>\n<p>Le combat inf\u00e9rieur est de 36 cm \/ 14.1732 pouces<\/p>\n<p>La profondeur du corps est de 8,7 cm \/ 3,42 pouces<\/p>\n<p>Le poids de la guitare est de 1,20 kg \/ 2,8 lb<\/p>\n<p>&nbsp;<\/p>\n<p>*** Des commandes sp\u00e9ciales peuvent \u00eatre faites avec des tailles d&rsquo;\u00e9chelle de 630 mm, 635 mm ou 640 mm ***<\/p>\n<p>La SE43 originale a \u00e9t\u00e9 construite par Antonio de Torres en 1883, elle avait un manche en c\u00e8dre avec une touche \u00e0 l&rsquo;\u00e9chelle de 650 mm, une table en \u00e9pic\u00e9a et un dos et des \u00e9clisses en \u00e9rable, on sait que cette guitare Torres \u00e9tait l&rsquo;un de ses chefs-d&rsquo;\u0153uvre et a ensuite influenc\u00e9 le travail de des luthiers c\u00e9l\u00e8bres comme Manuel Ramirez, qui l&rsquo;a r\u00e9par\u00e9 en 1912 et Robert Bouchet qui a fait des travaux de reconstruction en 1950 sur la m\u00eame guitare.<\/p>\n<p>Cette guitare fait maintenant partie de la collection du Mus\u00e9e Instrumental du Conservatoire de Paris, France. En termes de dimensions et de construction int\u00e9rieure, la SE 43 est tr\u00e8s proche de la derni\u00e8re guitare de Tarregas, la SE114, qui \u00e9tait \u00e0 l&rsquo;origine construite avec un dos et des \u00e9clisses en palissandre.<\/p>\n<p>Fabriqu\u00e9 au Milestone Luthier Center, fond\u00e9 en 2013 par Wolfgang Jellinghaus &amp; Michael Zhang.<\/p>\n<p>L&rsquo;objectif du Milestone Luthier Center est de reconstruire l&rsquo;histoire de la fabrication de guitares classiques en s\u00e9lectionnant six ma\u00eetres luthiers diff\u00e9rents des 230 derni\u00e8res ann\u00e9es qui ont \u00e9tabli de nouvelles normes pour la fabrication de guitares en termes de construction et de son.<\/p>\n<p>Le centre de R &amp; D est \u00e0 Dortmund en Allemagne et l&rsquo;atelier de fabrication de guitares est \u00e0 Guangzhou en Chine<\/p>\n<p>Nous sommes fiers d&rsquo;\u00eatre le revendeur Canadien officiel des guitares Wolfgang Jellinghaus<\/p>\n","protected":false},"excerpt":{"rendered":"[youtube v=JHpuz9gJOLQ maxwidth=\"800px\"]\n<p>&nbsp;<\/p>\n<p>D\u00e9di\u00e9 \u00e0 l&rsquo;\u0153uvre d&rsquo;Antonio De Torres (1817-1892)<\/p>\n<p>Une guitare magnifique avec un tr\u00e8s beau timbre, et un excellent savoir-faire&#8230;<\/p>\n<p>Simplement une \u0153uvre d&rsquo;art !!!<\/p>\n<p>Un \u00ab\u00a0Must Have\u00a0\u00bb pour tous ceux qui cherchent \u00e0 poss\u00e9der une Torres !!!<\/p>\n","protected":false},"featured_media":27420,"comment_status":"closed","ping_status":"closed","template":"","meta":{"_mo_disable_npp":""},"product_brand":[],"product_cat":[1058,1057],"product_tag":[1300,1302,1186],"class_list":{"0":"post-27418","1":"product","2":"type-product","3":"status-publish","4":"has-post-thumbnail","6":"product_cat-guitares","7":"product_cat-guitares-classique","8":"product_tag-torres-classical-guitar-montreal-canada-fr","9":"product_tag-torres-replica-models-montreal-canada-fr","10":"product_tag-wolfgang-jellinghaus-german-luthier-fr","11":"sales-flash-overlay","12":"woocommerce-text-align-left","13":"woocommerce-image-align-center","14":"do-quantity-buttons","15":"wc-has-gallery","17":"first","18":"onbackorder","19":"sold-individually","20":"taxable","21":"shipping-taxable","22":"product-type-simple"},"_links":{"self":[{"href":"https:\/\/www.grandsalondeguitare.com\/fr\/wp-json\/wp\/v2\/product\/27418","targetHints":{"allow":["GET"]}}],"collection":[{"href":"https:\/\/www.grandsalondeguitare.com\/fr\/wp-json\/wp\/v2\/product"}],"about":[{"href":"https:\/\/www.grandsalondeguitare.com\/fr\/wp-json\/wp\/v2\/types\/product"}],"replies":[{"embeddable":true,"href":"https:\/\/www.grandsalondeguitare.com\/fr\/wp-json\/wp\/v2\/comments?post=27418"}],"wp:featuredmedia":[{"embeddable":true,"href":"https:\/\/www.grandsalondeguitare.com\/fr\/wp-json\/wp\/v2\/media\/27420"}],"wp:attachment":[{"href":"https:\/\/www.grandsalondeguitare.com\/fr\/wp-json\/wp\/v2\/media?parent=27418"}],"wp:term":[{"taxonomy":"product_brand","embeddable":true,"href":"https:\/\/www.grandsalondeguitare.com\/fr\/wp-json\/wp\/v2\/product_brand?post=27418"},{"taxonomy":"product_cat","embeddable":true,"href":"https:\/\/www.grandsalondeguitare.com\/fr\/wp-json\/wp\/v2\/product_cat?post=27418"},{"taxonomy":"product_tag","embeddable":true,"href":"https:\/\/www.grandsalondeguitare.com\/fr\/wp-json\/wp\/v2\/product_tag?post=27418"}],"curies":[{"name":"wp","href":"https:\/\/api.w.org\/{rel}","templated":true}]}}