{"id":27207,"date":"2022-10-22T16:06:41","date_gmt":"2022-10-22T21:06:41","guid":{"rendered":"https:\/\/www.grandsalondeguitare.com\/?post_type=product&#038;p=27207"},"modified":"2025-06-01T15:05:57","modified_gmt":"2025-06-01T20:05:57","slug":"a-320-daddario-ej46lp-copy","status":"publish","type":"product","link":"https:\/\/www.grandsalondeguitare.com\/fr\/produit\/a-320-daddario-ej46lp-copy\/","title":{"rendered":"A-321, D&rsquo;Addario EJ45LP"},"content":{"rendered":"<div class=\"pdp-title\">\n<div class=\"product-title\">\n<p>Cordes de guitare classique l\u00e9g\u00e8rement polies<\/p>\n<p>EJ45LP<\/p>\n<p>Tension Normal<\/p>\n<p>Les ensembles composites l\u00e9g\u00e8rement polis sont con\u00e7us pour r\u00e9duire le bruit des doigts, tout en offrant le ton classique sophistiqu\u00e9 pour lequel Pro-Arte est r\u00e9put\u00e9.<\/p>\n<p>Cet ensemble l\u00e9g\u00e8rement poli est compos\u00e9 de cordes aigu\u00ebs en nylon clair et de cordes de basse en cuivre plaqu\u00e9 argent, enroul\u00e9es sur un mat\u00e9riau de base composite exclusif, puis polies pour des glissements sans effort et des performances silencieuses.<\/p>\n<p>Les ensembles composites l\u00e9g\u00e8rement polis de Pro-Arte comprennent \u00e9galement une 3\u00e8me corde (Sol) composite suppl\u00e9mentaire, pour une projection accrue.<\/p>\n<p>Ce jeu de tension normal est notre tension la plus vendue, pr\u00e9f\u00e9r\u00e9e pour son \u00e9quilibre et un tonalit\u00e9 riche, sensation tr\u00e8s confortable et un projection dynamique.<\/p>\n<p>ID\u00c9AL POUR:<br \/>\nSTUDIO\/ENREGISTREMENT<br \/>\nCLASSIQUE<\/p>\n<\/div>\n<\/div>\n","protected":false},"excerpt":{"rendered":"<p>Cordes de guitare classique l\u00e9g\u00e8rement polies<\/p>\n<p>Ce jeu de tension normal est notre tension la plus vendue, pr\u00e9f\u00e9r\u00e9e pour son \u00e9quilibre et un tonalit\u00e9 riche, sensation tr\u00e8s confortable et un projection dynamique.<\/p>\n<p>Con\u00e7u pour r\u00e9duire le bruit des doigts<\/p>\n<p>Id\u00e9al pour\u00a0: \u00a0Studio\/Enregistrement<\/p>\n<p>Set complet<\/p>\n<p>Tension Normal<\/p>\n","protected":false},"featured_media":27209,"comment_status":"open","ping_status":"closed","template":"","meta":{"_mo_disable_npp":""},"product_brand":[],"product_cat":[1052,1054],"product_tag":[],"class_list":{"0":"post-27207","1":"product","2":"type-product","3":"status-publish","4":"has-post-thumbnail","6":"product_cat-accessoires","7":"product_cat-cordes","8":"sales-flash-overlay","9":"woocommerce-text-align-left","10":"woocommerce-image-align-center","11":"do-quantity-buttons","13":"first","14":"instock","15":"taxable","16":"shipping-taxable","17":"purchasable","18":"product-type-simple"},"_links":{"self":[{"href":"https:\/\/www.grandsalondeguitare.com\/fr\/wp-json\/wp\/v2\/product\/27207","targetHints":{"allow":["GET"]}}],"collection":[{"href":"https:\/\/www.grandsalondeguitare.com\/fr\/wp-json\/wp\/v2\/product"}],"about":[{"href":"https:\/\/www.grandsalondeguitare.com\/fr\/wp-json\/wp\/v2\/types\/product"}],"replies":[{"embeddable":true,"href":"https:\/\/www.grandsalondeguitare.com\/fr\/wp-json\/wp\/v2\/comments?post=27207"}],"wp:featuredmedia":[{"embeddable":true,"href":"https:\/\/www.grandsalondeguitare.com\/fr\/wp-json\/wp\/v2\/media\/27209"}],"wp:attachment":[{"href":"https:\/\/www.grandsalondeguitare.com\/fr\/wp-json\/wp\/v2\/media?parent=27207"}],"wp:term":[{"taxonomy":"product_brand","embeddable":true,"href":"https:\/\/www.grandsalondeguitare.com\/fr\/wp-json\/wp\/v2\/product_brand?post=27207"},{"taxonomy":"product_cat","embeddable":true,"href":"https:\/\/www.grandsalondeguitare.com\/fr\/wp-json\/wp\/v2\/product_cat?post=27207"},{"taxonomy":"product_tag","embeddable":true,"href":"https:\/\/www.grandsalondeguitare.com\/fr\/wp-json\/wp\/v2\/product_tag?post=27207"}],"curies":[{"name":"wp","href":"https:\/\/api.w.org\/{rel}","templated":true}]}}