{"id":27202,"date":"2022-10-22T15:51:09","date_gmt":"2022-10-22T20:51:09","guid":{"rendered":"https:\/\/www.grandsalondeguitare.com\/?post_type=product&#038;p=27202"},"modified":"2022-10-22T16:05:08","modified_gmt":"2022-10-22T21:05:08","slug":"a-320-daddario-ej46lp","status":"publish","type":"product","link":"https:\/\/www.grandsalondeguitare.com\/fr\/produit\/a-320-daddario-ej46lp\/","title":{"rendered":"A-320, D&rsquo;Addario EJ46LP"},"content":{"rendered":"<div class=\"pdp-title\">\n<div class=\"product-title\">\n<p>Cordes de guitare classique l\u00e9g\u00e8rement polies<\/p>\n<p>EJ46LP<\/p>\n<p>Tension Fort<\/p>\n<p>Les ensembles composites l\u00e9g\u00e8rement polis sont con\u00e7us pour r\u00e9duire le bruit des doigts, tout en offrant le ton classique sophistiqu\u00e9 pour lequel Pro-Arte est r\u00e9put\u00e9.<\/p>\n<p>Cet ensemble l\u00e9g\u00e8rement poli est compos\u00e9 de cordes aigu\u00ebs en nylon clair et de cordes de basse en cuivre plaqu\u00e9 argent, enroul\u00e9es sur un mat\u00e9riau de base composite exclusif, puis polies pour des glissements sans effort et des performances silencieuses.<\/p>\n<p>Les ensembles composites l\u00e9g\u00e8rement polis de Pro-Arte comprennent \u00e9galement une 3\u00e8me corde (Sol) composite suppl\u00e9mentaire, pour une projection accrue.<\/p>\n<p>Cet ensemble de tension dure offre un son riche et une forte projection.<\/p>\n<p>ID\u00c9AL POUR:<br \/>\nSTUDIO\/ENREGISTREMENT<br \/>\nCLASSIQUE<\/p>\n<\/div>\n<\/div>\n","protected":false},"excerpt":{"rendered":"<p>Cordes de guitare classique l\u00e9g\u00e8rement polies<\/p>\n<p>Cet ensemble offre un ton riche et une forte projection<\/p>\n<p>Con\u00e7u pour r\u00e9duire le bruit des doigts<\/p>\n<p>Id\u00e9al pour\u00a0: \u00a0Studio\/Enregistrement<\/p>\n<p>Set complet<\/p>\n<p>Tension fort<\/p>\n","protected":false},"featured_media":27204,"comment_status":"open","ping_status":"closed","template":"","meta":{"_mo_disable_npp":""},"product_brand":[],"product_cat":[1052,1054],"product_tag":[1821,1822],"class_list":{"0":"post-27202","1":"product","2":"type-product","3":"status-publish","4":"has-post-thumbnail","6":"product_cat-accessoires","7":"product_cat-cordes","8":"product_tag-daddario-ej46lp-classical-guitar-strings-fr","9":"product_tag-ej46lp-fr","10":"sales-flash-overlay","11":"woocommerce-text-align-left","12":"woocommerce-image-align-center","13":"do-quantity-buttons","15":"first","16":"instock","17":"taxable","18":"shipping-taxable","19":"purchasable","20":"product-type-simple"},"_links":{"self":[{"href":"https:\/\/www.grandsalondeguitare.com\/fr\/wp-json\/wp\/v2\/product\/27202","targetHints":{"allow":["GET"]}}],"collection":[{"href":"https:\/\/www.grandsalondeguitare.com\/fr\/wp-json\/wp\/v2\/product"}],"about":[{"href":"https:\/\/www.grandsalondeguitare.com\/fr\/wp-json\/wp\/v2\/types\/product"}],"replies":[{"embeddable":true,"href":"https:\/\/www.grandsalondeguitare.com\/fr\/wp-json\/wp\/v2\/comments?post=27202"}],"wp:featuredmedia":[{"embeddable":true,"href":"https:\/\/www.grandsalondeguitare.com\/fr\/wp-json\/wp\/v2\/media\/27204"}],"wp:attachment":[{"href":"https:\/\/www.grandsalondeguitare.com\/fr\/wp-json\/wp\/v2\/media?parent=27202"}],"wp:term":[{"taxonomy":"product_brand","embeddable":true,"href":"https:\/\/www.grandsalondeguitare.com\/fr\/wp-json\/wp\/v2\/product_brand?post=27202"},{"taxonomy":"product_cat","embeddable":true,"href":"https:\/\/www.grandsalondeguitare.com\/fr\/wp-json\/wp\/v2\/product_cat?post=27202"},{"taxonomy":"product_tag","embeddable":true,"href":"https:\/\/www.grandsalondeguitare.com\/fr\/wp-json\/wp\/v2\/product_tag?post=27202"}],"curies":[{"name":"wp","href":"https:\/\/api.w.org\/{rel}","templated":true}]}}