{"id":26870,"date":"2022-10-06T16:56:10","date_gmt":"2022-10-06T21:56:11","guid":{"rendered":"https:\/\/www.grandsalondeguitare.com\/?post_type=product&#038;p=26870"},"modified":"2024-07-27T09:25:49","modified_gmt":"2024-07-27T14:25:49","slug":"c-642-w-jellinghaus-mr-1912-ep-copy","status":"publish","type":"product","link":"https:\/\/www.grandsalondeguitare.com\/fr\/produit\/c-642-w-jellinghaus-mr-1912-ep-copy\/","title":{"rendered":"C-649, Luis Fernandez De Cordoba (Etats-Unis)"},"content":{"rendered":"<p>Guitare classique de concert<\/p>\n<p>\u00ab\u00a0Homenaje a Torres\u00a0\u00bb<\/p>\n<p>Guitare N-48<\/p>\n<p>Fabriqu\u00e9 en 2019<\/p>\n<p>\u00c9chelle de 650\u00a0mm avec sillet de 52\u00a0mm<\/p>\n<p>Table en \u00e9pic\u00e9a Europ\u00e9en<\/p>\n<p>Dos et \u00e9clisses en Laurier Indien<\/p>\n<p>Manche en c\u00e8dre<\/p>\n<p>Touche en palissandre<\/p>\n<p>Chevalet et placage de la t\u00eate en palissandre br\u00e9silien<\/p>\n<p>Tornavoz en laiton<\/p>\n<p>M\u00e9caniques Rubner<\/p>\n<p>Finition au tampon en polis Fran\u00e7ais<\/p>\n<p>\u00c9tui rigide inclus<\/p>\n<p>&nbsp;<\/p>\n<p>La guitare mesure 98 cm \/ 38,58 pouces de hauteur<\/p>\n<p>La longueur du corps est de 48 cm \/ 18,897 pouces<\/p>\n<p>Le bout sup\u00e9rieur est de 27,5 cm \/ 10,82 pouces<\/p>\n<p>Le bout inf\u00e9rieur est de 36,5 cm \/ 14,17 pouces<\/p>\n<p>la largeur est de 9,7 cm \u00a0\/ 3,818 pouces<\/p>\n<p>Le poids de la guitare est 1,36 kg \/ 3 lb<\/p>\n<p>&nbsp;<\/p>\n<p style=\"text-align: justify;\">Luis Fernandez de Cordoba est un luthier d&rsquo;origine Panam\u00e9enne bas\u00e9 \u00e0 Washington, D.C. qui a commenc\u00e9 \u00e0 construire des guitares en 2000. Bien qu&rsquo;il ait commenc\u00e9 \u00e0 construire et \u00e0 r\u00e9parer des guitares acoustiques de tous styles, en 2009, il a commenc\u00e9 \u00e0 se consacrer exclusivement aux guitares classiques et flamenco.<\/p>\n<p style=\"text-align: justify;\">Inspir\u00e9 par la m\u00e9thode de construction traditionnelle espagnole, Luis a pass\u00e9 beaucoup de temps \u00e0 \u00e9tudier les grands ma\u00eetres du pass\u00e9 comme Antonio de Torres, Santos Hernandez, Hermann Hauser I et Robert Bouchet.<\/p>\n<p style=\"text-align: justify;\">Il a \u00e9galement fait son apprentissage aux \u00c9tats-Unis et \u00e0 Grenade, en Espagne.<\/p>\n<p style=\"text-align: justify;\"><a href=\"https:\/\/www.guitarsalon.com\/wp-content\/uploads\/2020\/06\/lfdc1-680x554-1.jpg\" target=\"_blank\" rel=\"noopener noreferrer\"><img loading=\"lazy\" decoding=\"async\" class=\"alignleft wp-image-42542 size-medium\" src=\"https:\/\/www.guitarsalon.com\/wp-content\/uploads\/2020\/06\/lfdc1-680x554-1-300x244.jpg\" sizes=\"auto, (max-width: 300px) 100vw, 300px\" srcset=\"https:\/\/www.guitarsalon.com\/wp-content\/uploads\/2020\/06\/lfdc1-680x554-1-300x244.jpg 300w, https:\/\/www.guitarsalon.com\/wp-content\/uploads\/2020\/06\/lfdc1-680x554-1-431x351.jpg 431w, https:\/\/www.guitarsalon.com\/wp-content\/uploads\/2020\/06\/lfdc1-680x554-1-600x489.jpg 600w, https:\/\/www.guitarsalon.com\/image\/catalog\/luthier\/luis-fernandez-de-cordoba\/lfdc1-680x554-1.jpg 680w\" alt=\"\" width=\"300\" height=\"244\" \/><\/a>Bien que profond\u00e9ment traditionnels, ses instruments ont pris un style l\u00e9g\u00e8rement \u00e9clectique \u00e0 la suite d&rsquo;exp\u00e9riences dans divers ateliers \u00e0 travers les \u00c9tats-Unis, l&rsquo;Espagne, le Mexique et l&rsquo;Argentine.<\/p>\n<p style=\"text-align: justify;\">La caract\u00e9ristique la plus notable de cet instrument est peut-\u00eatre son utilisation du tornavoz en laiton partiel install\u00e9 \u00e0 l&rsquo;int\u00e9rieur de la rosace, ce qui aide \u00e0 concentrer le son dans sa projection vers l&rsquo;ext\u00e9rieur et donne \u00e0 la guitare une puissance suppl\u00e9mentaire. Il ram\u00e8ne \u00e9galement le son dans la bo\u00eete, ce qui fait que le dos r\u00e9sonne davantage contre le corps du joueur et renforce le lien entre l&rsquo;instrument et le joueur et cr\u00e9e un son riche et luxuriant.<\/p>\n<p style=\"text-align: justify;\">Selon les propres mots de Luis Fernandez :<\/p>\n<p style=\"text-align: justify;\">\u00ab J&rsquo;ai commenc\u00e9 la lutherie \u00e0 la fin de mon adolescence. Int\u00e9ress\u00e9 par le mode de vie alternatif de l&rsquo;artisan, j&rsquo;ai cherch\u00e9 \u00e0 trouver des moyens viables pour gagner ma vie en tant que tel. Comme je jouais de la basse, il m&rsquo;a sembl\u00e9 naturel d&rsquo;exp\u00e9rimenter sur mon propre instrument, et j&rsquo;ai d\u00e9couvert que j&rsquo;avais le don pour ce genre de travail. J&rsquo;ai commenc\u00e9 \u00e0 constituer ma collection d&rsquo;outils, dont j&rsquo;ai encore quelques-uns. Pendant tout ce temps, j&rsquo;ai toujours eu en t\u00eate mon objectif ultime : devenir luthier. Le temps a pass\u00e9. J&rsquo;ai suivi un cours de lutherie certifi\u00e9, suivi d&rsquo;un apprentissage, de travaux de r\u00e9paration et de construction de guitares classiques, \u00e0 cordes d&rsquo;acier et de basses. J&rsquo;ai c\u00f4toy\u00e9 des dizaines de luthiers de tous genres, aux \u00c9tats-Unis, en Espagne, au Mexique, en Argentine et dans mon pays natal, le Panama. Je continue \u00e0 lire tous les livres sur les guitares et la lutherie sur lesquels je peux mettre la main et je suis membre de la Guild of American Luthiers.<\/p>\n<p style=\"text-align: justify;\">Tout cela ne peut pas remplacer le fait qu&rsquo;on apprend \u00e0 faire n&rsquo;importe quoi simplement en le faisant : en exp\u00e9rimentant et en utilisant son c\u0153ur, son intellect et sa cr\u00e9ativit\u00e9 pour toujours donner le meilleur dont on est capable, et en faisant du bon travail dont on peut \u00eatre fier . C&rsquo;est l&rsquo;essence m\u00eame de ce que c&rsquo;est d&rsquo;\u00eatre un v\u00e9ritable artisan et c&rsquo;est ce que j&rsquo;aime le plus dans mon travail. Je cherche \u00e0 combiner la beaut\u00e9 de l&rsquo;art avec toute la technique de l&rsquo;ing\u00e9nierie dans mon travail, en puisant \u00e0 la fois dans ma base de connaissances et dans mon intuition.<\/p>\n<p>&nbsp;<\/p>\n","protected":false},"excerpt":{"rendered":"[youtube v=faK_LRtjp1k maxwidth=\"800px\"]\n<p>&nbsp;<\/p>\n<p>Guitare classique de concert<\/p>\n<p>\u00ab\u00a0Homenaje a Torres\u00a0\u00bb<\/p>\n<p>Avec\u00a0Tornavoz en laiton !!!<\/p>\n<p>Un essaie s&rsquo;impose&#8230;<\/p>\n<p>&nbsp;<\/p>\n<p>&nbsp;<\/p>\n","protected":false},"featured_media":26872,"comment_status":"closed","ping_status":"closed","template":"","meta":{"_mo_disable_npp":""},"product_brand":[],"product_cat":[1058,1057],"product_tag":[],"class_list":{"0":"post-26870","1":"product","2":"type-product","3":"status-publish","4":"has-post-thumbnail","6":"product_cat-guitares","7":"product_cat-guitares-classique","8":"sales-flash-overlay","9":"woocommerce-text-align-left","10":"woocommerce-image-align-center","11":"do-quantity-buttons","12":"wc-has-gallery","14":"first","15":"outofstock","16":"sold-individually","17":"taxable","18":"shipping-taxable","19":"product-type-simple"},"_links":{"self":[{"href":"https:\/\/www.grandsalondeguitare.com\/fr\/wp-json\/wp\/v2\/product\/26870","targetHints":{"allow":["GET"]}}],"collection":[{"href":"https:\/\/www.grandsalondeguitare.com\/fr\/wp-json\/wp\/v2\/product"}],"about":[{"href":"https:\/\/www.grandsalondeguitare.com\/fr\/wp-json\/wp\/v2\/types\/product"}],"replies":[{"embeddable":true,"href":"https:\/\/www.grandsalondeguitare.com\/fr\/wp-json\/wp\/v2\/comments?post=26870"}],"wp:featuredmedia":[{"embeddable":true,"href":"https:\/\/www.grandsalondeguitare.com\/fr\/wp-json\/wp\/v2\/media\/26872"}],"wp:attachment":[{"href":"https:\/\/www.grandsalondeguitare.com\/fr\/wp-json\/wp\/v2\/media?parent=26870"}],"wp:term":[{"taxonomy":"product_brand","embeddable":true,"href":"https:\/\/www.grandsalondeguitare.com\/fr\/wp-json\/wp\/v2\/product_brand?post=26870"},{"taxonomy":"product_cat","embeddable":true,"href":"https:\/\/www.grandsalondeguitare.com\/fr\/wp-json\/wp\/v2\/product_cat?post=26870"},{"taxonomy":"product_tag","embeddable":true,"href":"https:\/\/www.grandsalondeguitare.com\/fr\/wp-json\/wp\/v2\/product_tag?post=26870"}],"curies":[{"name":"wp","href":"https:\/\/api.w.org\/{rel}","templated":true}]}}