{"id":26802,"date":"2022-09-28T08:50:32","date_gmt":"2022-09-28T13:50:32","guid":{"rendered":"https:\/\/www.grandsalondeguitare.com\/product\/c-647-douglass-scott-canada\/"},"modified":"2022-09-28T09:10:36","modified_gmt":"2022-09-28T14:10:36","slug":"c-647-douglass-scott-canada","status":"publish","type":"product","link":"https:\/\/www.grandsalondeguitare.com\/fr\/produit\/c-647-douglass-scott-canada\/","title":{"rendered":"C-647, Douglass Scott (Canada)"},"content":{"rendered":"<p>Guitare classique de concert<\/p>\n<p>Fabriqu\u00e9 en 2009<\/p>\n<p>\u00c9chelle de 650 mm avec sillet de 53 mm<\/p>\n<p>Table en \u00e9pic\u00e9a Europ\u00e9en<\/p>\n<p>Dos et \u00e9clisses en palissandre Indien<\/p>\n<p>Manche en c\u00e8dre Espagnol<\/p>\n<p>Touche en \u00e9b\u00e8ne<\/p>\n<p>M\u00e9caniques Gotoh s\u00e9rie 510<\/p>\n<p>Finition au tampon en polis Fran\u00e7ais<\/p>\n<p>\u00c9tui rigide inclus<\/p>\n<p>Le poids de la guitare est de 1,45 kg \/ 3,2 lb<\/p>\n","protected":false},"excerpt":{"rendered":"<p>Une raret\u00e9 !!! Guitare Scott 2009 en excellent \u00e9tat !!!<\/p>\n<p>Polis Fran\u00e7ais et ajustement\u00a0compl\u00e8tement refait par Scott<\/p>\n<p>L&rsquo;\u00e9pic\u00e9a europ\u00e9en a magnifiquement m\u00fbri au fil des ans, sa sonorit\u00e9 offre des basses profondes\/chaudes avec des aigus ronds et chantants&#8230;\u00a0Excellente s\u00e9paration et sustain&#8230;<\/p>\n<p>Douglass Scott a une liste d&rsquo;attente de 4,5 ans !!!<\/p>\n","protected":false},"featured_media":26754,"comment_status":"closed","ping_status":"closed","template":"","meta":{"_mo_disable_npp":""},"product_brand":[],"product_cat":[1058,1057],"product_tag":[1810,1811,1812],"class_list":{"0":"post-26802","1":"product","2":"type-product","3":"status-publish","4":"has-post-thumbnail","6":"product_cat-guitares","7":"product_cat-guitares-classique","8":"product_tag-douglass-scott-classical-guitar-luthier-victoria-canada-fr","9":"product_tag-douglass-scott-classical-guitars-fr","10":"product_tag-douglass-scott-classical-guitars-montreal-canada-fr","11":"sales-flash-overlay","12":"woocommerce-text-align-left","13":"woocommerce-image-align-center","14":"do-quantity-buttons","15":"wc-has-gallery","17":"first","18":"outofstock","19":"sold-individually","20":"taxable","21":"shipping-taxable","22":"product-type-simple"},"_links":{"self":[{"href":"https:\/\/www.grandsalondeguitare.com\/fr\/wp-json\/wp\/v2\/product\/26802","targetHints":{"allow":["GET"]}}],"collection":[{"href":"https:\/\/www.grandsalondeguitare.com\/fr\/wp-json\/wp\/v2\/product"}],"about":[{"href":"https:\/\/www.grandsalondeguitare.com\/fr\/wp-json\/wp\/v2\/types\/product"}],"replies":[{"embeddable":true,"href":"https:\/\/www.grandsalondeguitare.com\/fr\/wp-json\/wp\/v2\/comments?post=26802"}],"wp:featuredmedia":[{"embeddable":true,"href":"https:\/\/www.grandsalondeguitare.com\/fr\/wp-json\/wp\/v2\/media\/26754"}],"wp:attachment":[{"href":"https:\/\/www.grandsalondeguitare.com\/fr\/wp-json\/wp\/v2\/media?parent=26802"}],"wp:term":[{"taxonomy":"product_brand","embeddable":true,"href":"https:\/\/www.grandsalondeguitare.com\/fr\/wp-json\/wp\/v2\/product_brand?post=26802"},{"taxonomy":"product_cat","embeddable":true,"href":"https:\/\/www.grandsalondeguitare.com\/fr\/wp-json\/wp\/v2\/product_cat?post=26802"},{"taxonomy":"product_tag","embeddable":true,"href":"https:\/\/www.grandsalondeguitare.com\/fr\/wp-json\/wp\/v2\/product_tag?post=26802"}],"curies":[{"name":"wp","href":"https:\/\/api.w.org\/{rel}","templated":true}]}}