{"id":26632,"date":"2022-09-14T14:03:20","date_gmt":"2022-09-14T19:03:19","guid":{"rendered":"https:\/\/www.grandsalondeguitare.com\/?post_type=product&#038;p=26632"},"modified":"2022-09-14T14:18:11","modified_gmt":"2022-09-14T19:18:11","slug":"c-645-benoit-raby-canada","status":"publish","type":"product","link":"https:\/\/www.grandsalondeguitare.com\/fr\/produit\/c-645-benoit-raby-canada\/","title":{"rendered":"C-645, Benoit Raby (Canada)"},"content":{"rendered":"<p>Guitare Classique<\/p>\n<p>\u00a0\u00bb Mod\u00e8le Etude \u00ab\u00a0<\/p>\n<p>Fabriquer en 2013<\/p>\n<p>\u00c9chelle de 650 mm avec sillet de\u00a052mm<\/p>\n<p>Table en \u00e9pic\u00e9a\u00a0<\/p>\n<p>Fond et \u00e9clisses en Palissandre Indien<\/p>\n<p>Manche en c\u00e8dre<\/p>\n<p>Touche en \u00e9b\u00e8ne<\/p>\n<p>Rosace faite \u00e0 la main<\/p>\n<p>M\u00e9caniques Baljak haut de gamme<\/p>\n<p>Finis au laque a base d&rsquo;eau<\/p>\n<p>\u00c9tui rigide inclus<\/p>\n<p>Le poids de la guitare est de 1,63 kg \/ 3.6 lb<\/p>\n<p>&nbsp;<\/p>\n","protected":false},"excerpt":{"rendered":"<p>Guitare Classique \u00a0\u00bb Mod\u00e8le Etude \u00ab\u00a0 Fabriquer en 2013 \u00c9chelle de 650 mm avec sillet de\u00a052mm Table en \u00e9pic\u00e9a\u00a0 Fond et \u00e9clisses en Palissandre Indien Manche en c\u00e8dre Touche en \u00e9b\u00e8ne Rosace faite \u00e0 la main M\u00e9caniques Baljak haut de gamme Finis au laque a base d&rsquo;eau \u00c9tui rigide inclus Le poids de la guitare &#8230; <a title=\"C-645, Benoit Raby (Canada)\" class=\"read-more\" href=\"https:\/\/www.grandsalondeguitare.com\/fr\/produit\/c-645-benoit-raby-canada\/\" aria-label=\"En savoir plus sur C-645, Benoit Raby (Canada)\">Lire la suite<\/a><\/p>\n","protected":false},"featured_media":26635,"comment_status":"closed","ping_status":"closed","template":"","meta":{"_mo_disable_npp":""},"product_brand":[],"product_cat":[1058,1057],"product_tag":[],"class_list":{"0":"post-26632","1":"product","2":"type-product","3":"status-publish","4":"has-post-thumbnail","6":"product_cat-guitares","7":"product_cat-guitares-classique","8":"sales-flash-overlay","9":"woocommerce-text-align-left","10":"woocommerce-image-align-center","11":"do-quantity-buttons","12":"wc-has-gallery","14":"first","15":"outofstock","16":"sold-individually","17":"taxable","18":"shipping-taxable","19":"product-type-simple"},"_links":{"self":[{"href":"https:\/\/www.grandsalondeguitare.com\/fr\/wp-json\/wp\/v2\/product\/26632","targetHints":{"allow":["GET"]}}],"collection":[{"href":"https:\/\/www.grandsalondeguitare.com\/fr\/wp-json\/wp\/v2\/product"}],"about":[{"href":"https:\/\/www.grandsalondeguitare.com\/fr\/wp-json\/wp\/v2\/types\/product"}],"replies":[{"embeddable":true,"href":"https:\/\/www.grandsalondeguitare.com\/fr\/wp-json\/wp\/v2\/comments?post=26632"}],"wp:featuredmedia":[{"embeddable":true,"href":"https:\/\/www.grandsalondeguitare.com\/fr\/wp-json\/wp\/v2\/media\/26635"}],"wp:attachment":[{"href":"https:\/\/www.grandsalondeguitare.com\/fr\/wp-json\/wp\/v2\/media?parent=26632"}],"wp:term":[{"taxonomy":"product_brand","embeddable":true,"href":"https:\/\/www.grandsalondeguitare.com\/fr\/wp-json\/wp\/v2\/product_brand?post=26632"},{"taxonomy":"product_cat","embeddable":true,"href":"https:\/\/www.grandsalondeguitare.com\/fr\/wp-json\/wp\/v2\/product_cat?post=26632"},{"taxonomy":"product_tag","embeddable":true,"href":"https:\/\/www.grandsalondeguitare.com\/fr\/wp-json\/wp\/v2\/product_tag?post=26632"}],"curies":[{"name":"wp","href":"https:\/\/api.w.org\/{rel}","templated":true}]}}