{"id":26581,"date":"2022-09-13T13:45:18","date_gmt":"2022-09-13T18:45:19","guid":{"rendered":"https:\/\/www.grandsalondeguitare.com\/?post_type=product&#038;p=26581"},"modified":"2023-02-13T10:56:29","modified_gmt":"2023-02-13T15:56:29","slug":"c-643-carlos-gomes-valentim-bresil-copy","status":"publish","type":"product","link":"https:\/\/www.grandsalondeguitare.com\/fr\/produit\/c-643-carlos-gomes-valentim-bresil-copy\/","title":{"rendered":"C-644, Michel Belair (Canada)"},"content":{"rendered":"<p>Guitare classique de concert<\/p>\n<p>Michel Belair<\/p>\n<p>\u00a0\u00bb Hommage \u00e0 Daniel Friederich \u00ab\u00a0<\/p>\n<p>Fabriqu\u00e9 en 2019<\/p>\n<p>Guitare N-137<\/p>\n<p>\u00c9chelle de 650 mm avec sillet de 52 mm<\/p>\n<p>Table en c\u00e8dre rouge Canadien<\/p>\n<p>Fond et \u00e9clisses en palissandre Indien<\/p>\n<p>Manche en acajou du Honduras<\/p>\n<p>Touche en \u00e9b\u00e8ne<\/p>\n<p>Chevalet en palissandre du Madagascar<\/p>\n<p>Placage de la t\u00eate en palissandre indien\u00a0<\/p>\n<p>M\u00e9caniques Rodgers fabriqu\u00e9es \u00e0 la main<\/p>\n<p>Finition a la main en polis Fran\u00e7ais<\/p>\n<p>\u00c9tui rigide inclus<\/p>\n<p>Le poids de la guitare est de 1,678 kg \/ 3,7 lb<\/p>\n<p>La longueur du corps est de 48,577\u00a0cm \/ 19,125 pouces<\/p>\n<p>Le bout sup\u00e9rieur mesure 27,94\u00a0cm\u00a0\/ 11\u00a0pouces<\/p>\n<p>La profondeur du corps est de 10,16 cm \/ 4 pouces<\/p>\n<p>Le bout inf\u00e9rieur est de 36,83 cm \/ 14,5 pouces<\/p>\n<p>Profondeur du manche 1\u00e8re frette 2,3241 cm \/ 0,915 pouces<\/p>\n<p>Profondeur du manche 7e frette 2,3622 cm \/ 0,93 pouces<\/p>\n<p>*** Daniel Friederich \u00e9tait un v\u00e9ritable ma\u00eetre qui a transform\u00e9 \u00e0 jamais la guitare classique moderne. Au cours de six d\u00e9cennies, le d\u00e9veloppement de son m\u00e9tier a \u00e9tabli de nouvelles normes pour la guitare de concert traditionnelle et son statut de luthier a atteint des proportions l\u00e9gendaires. ***<\/p>\n<p>Michel Belair a rendu un fid\u00e8le hommage \u00e0 l&rsquo;un des derniers ma\u00eetres de la lutherie classique, Daniel Friederich. Avec ce mod\u00e8le de 2019. Belair, musicien professionnel en plus d&rsquo;\u00eatre constructeur, a poss\u00e9d\u00e9 deux Friederich, le #557 et le #763, ce dernier ayant servi de base \u00e0 ce mod\u00e8le Hommage.<\/p>\n<p>Belair a pu utiliser les notes personnelles de Friederich de cette construction afin de composer tous les aspects de la construction, de la densit\u00e9 et de la d\u00e9flexion de la table en c\u00e8dre (avec un grain et une coloration correspondant \u00e0 l&rsquo;original) aux laminations lat\u00e9rales int\u00e9rieures en acajou (palissandre \u00e0 l&rsquo;ext\u00e9rieur) et des m\u00e9caniques Rodgers.<\/p>\n<p>En plus de la lutherie, Michel a une formation de guitariste classique, il poss\u00e8de et joue deux guitares Friederich originales depuis de nombreuses ann\u00e9es. Ses deux professeurs principaux (Alvaro Pierri et Roberto Aussel) ont \u00e9galement jou\u00e9 des guitares Friederich pendant la majorit\u00e9 de leur carri\u00e8re. C&rsquo;est donc avec cette appr\u00e9ciation et cette compr\u00e9hension \u00e0 long terme de ces instruments que Michel Belair a entrepris de recr\u00e9er le style et le son de ce grand constructeur.<\/p>\n<p>Le r\u00e9sultat est ph\u00e9nom\u00e9nal. L&rsquo;instrument chante, clart\u00e9 dans tous les registres, avec une r\u00e9ponse des basses puissante et \u00e9quilibr\u00e9e qui se marie bien avec des aigus doux et articul\u00e9s.<\/p>\n","protected":false},"excerpt":{"rendered":"<p>Un v\u00e9ritable Hommage aux guitares classiques de Daniel Friederich \u00e0 tous points de vue !!!<\/p>\n<p>L&rsquo;instrument chante, clart\u00e9 dans tous les registres, avec une r\u00e9ponse des basses puissante et \u00e9quilibr\u00e9e qui se marie bien avec les aigus doux et articul\u00e9s.<\/p>\n","protected":false},"featured_media":26583,"comment_status":"open","ping_status":"closed","template":"","meta":{"_mo_disable_npp":""},"product_brand":[],"product_cat":[1058,1057],"product_tag":[1231,1232],"class_list":{"0":"post-26581","1":"product","2":"type-product","3":"status-publish","4":"has-post-thumbnail","6":"product_cat-guitares","7":"product_cat-guitares-classique","8":"product_tag-daniel-friederich-replica-guitars-fr","9":"product_tag-hommage-a-daniel-friederich-fr","10":"sales-flash-overlay","11":"woocommerce-text-align-left","12":"woocommerce-image-align-center","13":"do-quantity-buttons","14":"wc-has-gallery","16":"first","17":"outofstock","18":"taxable","19":"shipping-taxable","20":"product-type-simple"},"_links":{"self":[{"href":"https:\/\/www.grandsalondeguitare.com\/fr\/wp-json\/wp\/v2\/product\/26581","targetHints":{"allow":["GET"]}}],"collection":[{"href":"https:\/\/www.grandsalondeguitare.com\/fr\/wp-json\/wp\/v2\/product"}],"about":[{"href":"https:\/\/www.grandsalondeguitare.com\/fr\/wp-json\/wp\/v2\/types\/product"}],"replies":[{"embeddable":true,"href":"https:\/\/www.grandsalondeguitare.com\/fr\/wp-json\/wp\/v2\/comments?post=26581"}],"wp:featuredmedia":[{"embeddable":true,"href":"https:\/\/www.grandsalondeguitare.com\/fr\/wp-json\/wp\/v2\/media\/26583"}],"wp:attachment":[{"href":"https:\/\/www.grandsalondeguitare.com\/fr\/wp-json\/wp\/v2\/media?parent=26581"}],"wp:term":[{"taxonomy":"product_brand","embeddable":true,"href":"https:\/\/www.grandsalondeguitare.com\/fr\/wp-json\/wp\/v2\/product_brand?post=26581"},{"taxonomy":"product_cat","embeddable":true,"href":"https:\/\/www.grandsalondeguitare.com\/fr\/wp-json\/wp\/v2\/product_cat?post=26581"},{"taxonomy":"product_tag","embeddable":true,"href":"https:\/\/www.grandsalondeguitare.com\/fr\/wp-json\/wp\/v2\/product_tag?post=26581"}],"curies":[{"name":"wp","href":"https:\/\/api.w.org\/{rel}","templated":true}]}}