{"id":26364,"date":"2022-08-24T09:47:57","date_gmt":"2022-08-24T14:47:57","guid":{"rendered":"https:\/\/www.grandsalondeguitare.com\/?post_type=product&#038;p=26364"},"modified":"2026-01-26T11:30:34","modified_gmt":"2026-01-26T16:30:34","slug":"c-604-w-jellinghaus-segovia-copy","status":"publish","type":"product","link":"https:\/\/www.grandsalondeguitare.com\/fr\/produit\/c-604-w-jellinghaus-segovia-copy\/","title":{"rendered":"C-641, W. Jellinghaus MR-1912-Cd"},"content":{"rendered":"<p>Nouvelle r\u00e9plique par Wolfgang Jellinghaus<\/p>\n<p>\u00a0\u00bb Mod\u00e8le \u00a0Manuel Ramirez 1912&Prime;<\/p>\n<p>\u00c9chelle de 650 mm avec sillet de\u00a052mm<\/p>\n<p>Table en Cedre<\/p>\n<p>Fond et \u00e9clisses en Pau Ferro<\/p>\n<p>Manche en c\u00e8dre<\/p>\n<p>Touche en \u00e9b\u00e8ne<\/p>\n<p>Rosace faite \u00e0 la main<\/p>\n<p>Chevalet et placage de la tete en bois de rose<\/p>\n<p>M\u00e9caniques Der Jung au rapport 1:18<\/p>\n<p>Table d&rsquo;harmonie finis au tampon en polis Fran\u00e7ais<\/p>\n<p>Balance de la guitare est au laque<\/p>\n<p>\u00c9tui rigide inclus<\/p>\n<p>La guitare mesure 98 cm \/ 38,58 pouces de hauteur<\/p>\n<p>La longueur du corps est de 48 cm \/ 18,897 pouces<\/p>\n<p>Le bout sup\u00e9rieur est de 27,5 cm \/ 10,82 pouces<\/p>\n<p>Le bout inf\u00e9rieur est de 36 cm \/ 14,17 pouces<\/p>\n<p>la largeur est de 9,5\u00a0cm \u00a0\/ 3,74 pouces<\/p>\n<p>Le poids est de 1,5 kg \/ 3.4 lb<\/p>\n<p>Cette guitare est un hommage de Wolfgang Jellinghaus au Manuel Ramirez de 1912 (construit par Santos Hernandez) qu&rsquo;Andres Segovia a jou\u00e9 pendant les 25 premi\u00e8res ann\u00e9es de sa carri\u00e8re, l&rsquo;original qui est maintenant conserv\u00e9 au Metropolitan Museum of Art de New York.<\/p>\n<p>Tous les d\u00e9tails de l&rsquo;original ont \u00e9t\u00e9 soigneusement reproduits, \u00e0 l&rsquo;exception des mat\u00e9riaux utilis\u00e9s pour le dos et les c\u00f4t\u00e9s &#8211; pour ce mod\u00e8le, Wolfgang a choisi le Pau Ferro&#8230;<\/p>\n<p>La guitare est l\u00e9g\u00e8rement construite, avec une r\u00e9ponse explosive, ce qui la rend incroyablement facile \u00e0 jouer. Il a \u00e9galement une forme de cou \u00e9l\u00e9gante et facile pour la main gauche. Dans l&rsquo;ensemble, une guitare de concert tr\u00e8s impressionnante et un hommage m\u00e9ticuleusement bien produit \u00e0 l&rsquo;un des instruments les plus embl\u00e9matiques de l&rsquo;histoire.<\/p>\n<p>Fabriqu\u00e9 au \u00ab\u00a0Milestone Luthier Centre\u00a0\u00bb, fond\u00e9 en 2013 par Wolfgang Jellinghaus &amp; Michael Zhang.<\/p>\n<p>L&rsquo;objectif du \u00ab\u00a0Milestone Luthier Centre\u00a0\u00bb est de reconstruire l&rsquo;histoire de la fabrication de guitares classiques en s\u00e9lectionnant six ma\u00eetres luthiers diff\u00e9rents des 230 derni\u00e8res ann\u00e9es qui ont \u00e9tabli de nouvelles normes pour la fabrication de guitares en termes de construction et de son.<\/p>\n<p>Le centre de R &amp; D est \u00e0 Dortmund en Allemagne et l&rsquo;atelier de fabrication de guitares est \u00e0 Guangzhou en Chine<\/p>\n<p>Nous sommes fiers d&rsquo;\u00eatre le revendeur Canadien officiel des guitares Wolfgang Jellinghaus<\/p>\n","protected":false},"excerpt":{"rendered":"[youtube v=-bO5K2nAYYQ =\"800px\"]\n<p>&nbsp;<\/p>\n<p>Cette guitare est un hommage de Wolfgang Jellinghaus au Manuel Ramirez de 1912 (construit par Santos Hernandez) qu&rsquo;Andres Segovia a jou\u00e9 pendant les 25 premi\u00e8res ann\u00e9es de sa carri\u00e8re, l&rsquo;original qui est maintenant conserv\u00e9 au Metropolitan Museum of Art de New York.<\/p>\n<p>La guitare est l\u00e9g\u00e8rement construite, avec une r\u00e9ponse explosive,\u00a0Il a \u00e9galement une manche \u00e9l\u00e9gante pour la main gauche.<\/p>\n<p>Dans l&rsquo;ensemble, une guitare tr\u00e8s impressionnante et un hommage m\u00e9ticuleusement bien produit \u00e0 l&rsquo;un des instruments les plus embl\u00e9matiques de l&rsquo;histoire.<\/p>\n","protected":false},"featured_media":26366,"comment_status":"closed","ping_status":"closed","template":"","meta":{"_mo_disable_npp":""},"product_brand":[],"product_cat":[1058,1057],"product_tag":[1182,1183,1184,1185,1186],"class_list":{"0":"post-26364","1":"product","2":"type-product","3":"status-publish","4":"has-post-thumbnail","6":"product_cat-guitares","7":"product_cat-guitares-classique","8":"product_tag-1912-manuel-ramirez-guitars-fr","9":"product_tag-manuel-ramirez-by-santos-hernandez-fr","10":"product_tag-santos-hernandez-1912-classical-guitar-replica-fr","11":"product_tag-segovia-model-by-wolfgang-jellinghaus-fr","12":"product_tag-wolfgang-jellinghaus-german-luthier-fr","13":"sales-flash-overlay","14":"woocommerce-text-align-left","15":"woocommerce-image-align-center","16":"do-quantity-buttons","17":"wc-has-gallery","19":"first","20":"instock","21":"sold-individually","22":"taxable","23":"shipping-taxable","24":"purchasable","25":"product-type-simple"},"_links":{"self":[{"href":"https:\/\/www.grandsalondeguitare.com\/fr\/wp-json\/wp\/v2\/product\/26364","targetHints":{"allow":["GET"]}}],"collection":[{"href":"https:\/\/www.grandsalondeguitare.com\/fr\/wp-json\/wp\/v2\/product"}],"about":[{"href":"https:\/\/www.grandsalondeguitare.com\/fr\/wp-json\/wp\/v2\/types\/product"}],"replies":[{"embeddable":true,"href":"https:\/\/www.grandsalondeguitare.com\/fr\/wp-json\/wp\/v2\/comments?post=26364"}],"wp:featuredmedia":[{"embeddable":true,"href":"https:\/\/www.grandsalondeguitare.com\/fr\/wp-json\/wp\/v2\/media\/26366"}],"wp:attachment":[{"href":"https:\/\/www.grandsalondeguitare.com\/fr\/wp-json\/wp\/v2\/media?parent=26364"}],"wp:term":[{"taxonomy":"product_brand","embeddable":true,"href":"https:\/\/www.grandsalondeguitare.com\/fr\/wp-json\/wp\/v2\/product_brand?post=26364"},{"taxonomy":"product_cat","embeddable":true,"href":"https:\/\/www.grandsalondeguitare.com\/fr\/wp-json\/wp\/v2\/product_cat?post=26364"},{"taxonomy":"product_tag","embeddable":true,"href":"https:\/\/www.grandsalondeguitare.com\/fr\/wp-json\/wp\/v2\/product_tag?post=26364"}],"curies":[{"name":"wp","href":"https:\/\/api.w.org\/{rel}","templated":true}]}}