{"id":26311,"date":"2022-08-20T08:54:58","date_gmt":"2022-08-20T13:55:01","guid":{"rendered":"https:\/\/www.grandsalondeguitare.com\/?post_type=product&#038;p=26311"},"modified":"2022-08-20T09:28:44","modified_gmt":"2022-08-20T14:28:44","slug":"f-633-francisco-esteve-8f-espagne-copy","status":"publish","type":"product","link":"https:\/\/www.grandsalondeguitare.com\/fr\/produit\/f-633-francisco-esteve-8f-espagne-copy\/","title":{"rendered":"F-640, Fracisco Barba (Espagne)"},"content":{"rendered":"<p>Fabriqu\u00e9 \u00e0 S\u00e9ville en Espagne<\/p>\n<p>Ann\u00e9e 1995<\/p>\n<p>\u00c9chelle de 655 mm avec sillet de 53 mm<\/p>\n<p>Table en c\u00e8dre<\/p>\n<p>Dos et \u00e9clisses en cypr\u00e8s Espagnol<\/p>\n<p>Manche en c\u00e8dre<\/p>\n<p>Touche en \u00e9b\u00e8ne<\/p>\n<p>Chevalet et placage de la t\u00eate en palissandre Br\u00e9silien<\/p>\n<p>M\u00e9caniques Gotoh<\/p>\n<p>Finition en polis Ffran\u00e7ais<\/p>\n<p>\u00c9tui rigide d&rsquo;origine inclus<\/p>\n<p>La profondeur du manche \u00e0 la premi\u00e8re frette est\u00a022\u00a0mm<\/p>\n<p>La distance entre la 1\u00e8re corde et la 6\u00e8me corde au sillet est de 45 mm<\/p>\n<p>La 1\u00e8re\u00a0corde \u00e0 la 6e\u00a0corde au sillet est a 57,5\u00a0mm<\/p>\n<p>L&rsquo;action des cordes au chevalet est de 7,6\u00a0mm<\/p>\n<p>2,75 mm \u00e0 la 12\u00e8me frette<\/p>\n<p>La longueur totale de la guitare est de 100,33 cm\/ 39,5 pouces<\/p>\n<p>La longueur du corps est de\u00a049,53\u00a0cm \/ 19,5\u00a0pouces<\/p>\n<p>La profondeur du corps est de 9,4 cm \/ 3,7 pouces<\/p>\n<p>Le bout sup\u00e9rieur est de 28,3 cm \/ 11,14 pouces<\/p>\n<p>Le bout inf\u00e9rieur est de 37,6 cm\/ 14,8 pouces<\/p>\n<p>Le poids de la guitare est de 1,28 kg \/ 2,8 lb<\/p>\n<p>Une guitare extraordinaire de l&rsquo;un des meilleurs luthiers d&rsquo;Espagne.<\/p>\n<p>Barba est aujourd&rsquo;hui consid\u00e9r\u00e9 comme l&rsquo;un des cinq meilleurs luthiers de flamenco en Espagne.<\/p>\n<p>Cet instrument date de l&rsquo;\u00e9poque o\u00f9 Francisco construisait des guitares seul sans ses fils. Barba fait maintenant son chemin dans le classement de l&rsquo;un des fabricants de guitares les plus recherch\u00e9s, juste derri\u00e8re Reyes.<\/p>\n<p>La s\u00e9lection de bois est absolument de qualit\u00e9 sup\u00e9rieure, comme toujours.<\/p>\n<p>Il a des aigus ph\u00e9nom\u00e9naux et des basses distinctives et croustillantes. La table d&rsquo;harmonie en c\u00e8dre lui donne beaucoup de puissance sans le son de c\u00e8dre conventionnel. Il est en tr\u00e8s bon \u00e9tat avec seulement quelques traces sous le golpeador, une \u00e9gratignure derri\u00e8re le chevalet due \u00e0 une corde rompue et quelques petites marques au dos.<\/p>\n<p>Un excellent instrument qui n&rsquo;est pas facile \u00e0 trouver.<\/p>\n<div id=\"mep_0\" class=\"mejs-container svg mp3-player mejs-audio\" tabindex=\"0\" role=\"application\" aria-label=\"Audio Player\">\n<div class=\"mejs-inner\">\n<div class=\"mejs-mediaelement\">\n<div class=\"mejs-controls\">\n<div class=\"mejs-clear\">\u00a0<\/div>\n<\/div>\n<\/div>\n<\/div>\n<\/div>\n","protected":false},"excerpt":{"rendered":"<p>Direct d&rsquo;Espagne,<\/p>\n<p>Un excellent flamenca blanca qui n&rsquo;est vraiment pas facile \u00e0 trouver !!!<\/p>\n<p>Il a des aigus ph\u00e9nom\u00e9naux et des basses distinctives et croustillantes.<\/p>\n<p>La table d&rsquo;harmonie en c\u00e8dre lui donne beaucoup de puissance sans le son de c\u00e8dre conventionnel. La guitare est en tr\u00e8s bon \u00e9tat avec seulement quelques traces sous le golpeador, une \u00e9gratignure derri\u00e8re le chevalet due \u00e0 une corde rompue et quelques petites marques au dos.<\/p>\n<p>&nbsp;<\/p>\n","protected":false},"featured_media":26313,"comment_status":"closed","ping_status":"closed","template":"","meta":{"_mo_disable_npp":""},"product_brand":[],"product_cat":[1058,1053],"product_tag":[1202,1203],"class_list":{"0":"post-26311","1":"product","2":"type-product","3":"status-publish","4":"has-post-thumbnail","6":"product_cat-guitares","7":"product_cat-guitares-flamenco","8":"product_tag-hand-made-guitars-from-spain-fr","9":"product_tag-hand-made-guitars-montreal-canada-fr","10":"sales-flash-overlay","11":"woocommerce-text-align-left","12":"woocommerce-image-align-center","13":"do-quantity-buttons","14":"wc-has-gallery","16":"first","17":"outofstock","18":"taxable","19":"shipping-taxable","20":"product-type-simple"},"_links":{"self":[{"href":"https:\/\/www.grandsalondeguitare.com\/fr\/wp-json\/wp\/v2\/product\/26311","targetHints":{"allow":["GET"]}}],"collection":[{"href":"https:\/\/www.grandsalondeguitare.com\/fr\/wp-json\/wp\/v2\/product"}],"about":[{"href":"https:\/\/www.grandsalondeguitare.com\/fr\/wp-json\/wp\/v2\/types\/product"}],"replies":[{"embeddable":true,"href":"https:\/\/www.grandsalondeguitare.com\/fr\/wp-json\/wp\/v2\/comments?post=26311"}],"wp:featuredmedia":[{"embeddable":true,"href":"https:\/\/www.grandsalondeguitare.com\/fr\/wp-json\/wp\/v2\/media\/26313"}],"wp:attachment":[{"href":"https:\/\/www.grandsalondeguitare.com\/fr\/wp-json\/wp\/v2\/media?parent=26311"}],"wp:term":[{"taxonomy":"product_brand","embeddable":true,"href":"https:\/\/www.grandsalondeguitare.com\/fr\/wp-json\/wp\/v2\/product_brand?post=26311"},{"taxonomy":"product_cat","embeddable":true,"href":"https:\/\/www.grandsalondeguitare.com\/fr\/wp-json\/wp\/v2\/product_cat?post=26311"},{"taxonomy":"product_tag","embeddable":true,"href":"https:\/\/www.grandsalondeguitare.com\/fr\/wp-json\/wp\/v2\/product_tag?post=26311"}],"curies":[{"name":"wp","href":"https:\/\/api.w.org\/{rel}","templated":true}]}}