{"id":26140,"date":"2022-08-03T10:35:57","date_gmt":"2022-08-03T15:35:57","guid":{"rendered":"https:\/\/www.grandsalondeguitare.com\/?post_type=product&#038;p=26140"},"modified":"2022-08-03T11:10:04","modified_gmt":"2022-08-03T16:10:04","slug":"c-637-kim-lissarrague-australia","status":"publish","type":"product","link":"https:\/\/www.grandsalondeguitare.com\/fr\/produit\/c-637-kim-lissarrague-australia\/","title":{"rendered":"C-637, Kim Lissarrague (Australie)"},"content":{"rendered":"<p>Directement d&rsquo;Australie<\/p>\n<p>Guitare classique modele concert<\/p>\n<p>N-206<\/p>\n<p>Fabriqu\u00e9 en 2014<\/p>\n<p>\u00c9chelle de 650\u00a0mm avec sillet de 52\u00a0mm<\/p>\n<p>Table en c\u00e8dre rouge de l&rsquo;ouest<\/p>\n<p>(Barrage lattice avec des entretoises composites en fibre de carbone\/balsa)<\/p>\n<p>Dos et \u00e9clisses en Imbia Australien \u00a0(lamin\u00e9)<\/p>\n<p>Dos arqu\u00e9 (lamin\u00e9)<\/p>\n<p>Manche en acajou<\/p>\n<p>Touche en \u00e9b\u00e8ne d&rsquo;Afrique<\/p>\n<p>Repose bras<\/p>\n<p>Sillets en os<\/p>\n<p>M\u00e9caniques dor\u00e9es Gilbert avec boutons en \u00e9b\u00e8ne<\/p>\n<p>Finis laqu\u00e9e\u00a0<\/p>\n<p>\u00c9tui rigide \u00ab\u00a0double arched\u00a0\u00bb inclus<\/p>\n<p>Le poids de la guitare est de 2,2 kg \/ 4,85 lb<\/p>\n<p>\u00a0\u00bb Extrait du site de Kim Lissarrague<\/p>\n<p>J&rsquo;ai commenc\u00e9 \u00e0 fabriquer ma premi\u00e8re guitare en 1991 \u00e0 l&rsquo;\u00e2ge de treize ans. J&rsquo;ai \u00e9t\u00e9 attir\u00e9 par la fabrication de guitares par mon amour de la musique et un vif int\u00e9r\u00eat pour le travail du bois.<\/p>\n<p>\u00c0 quatorze ans, j&rsquo;ai eu la grande chance de rencontrer le luthier Peter Biffin qui m&rsquo;a inspir\u00e9 \u00e0 vraiment comprendre et exp\u00e9rimenter de nouvelles techniques de construction d&rsquo;instruments, \u00e0 affiner et \u00e0 d\u00e9velopper tous les aspects de la guitare, \u00e0 les faire jouer et sonner mieux, ce que j&rsquo;ai continu\u00e9 faire.<\/p>\n<p>Travaillant \u00e0 Melbourne pour James Cargill apr\u00e8s avoir termin\u00e9 mes \u00e9tudes, j&rsquo;ai affin\u00e9 mes comp\u00e9tences en r\u00e9parant et en fabriquant des instruments \u00e9lectriques et acoustiques pour Cargill Custom Guitars.<\/p>\n<p>Ces jours-ci, j&rsquo;ai un petit atelier \u00e0 Blue Mountains, \u00e0 l&rsquo;ouest de Sydney, o\u00f9 je fabrique un nombre limit\u00e9 de guitares de haute qualit\u00e9 par an.<\/p>\n<p>J&rsquo;ai d\u00e9velopp\u00e9 mes propres conceptions bas\u00e9es sur \u00abl&rsquo;\u00e9cole australienne\u00bb de fabrication de guitares.<\/p>\n<p>La guitare que j&rsquo;ai \u00e0 vous offrir est une guitare classique \u00e0 contreventement en treillis et \u00e0 dossier arqu\u00e9, qui a une projection, une clart\u00e9 et un sustain superbes.<\/p>\n<p>Combinant un son plein et riche, avec des aigus brillants et des basses chaudes.<\/p>\n<p>Mes guitares sont magnifiquement fabriqu\u00e9es \u00e0 la main, en utilisant des mat\u00e9riaux de la plus haute qualit\u00e9 disponibles.<\/p>\n<p>Quiconque recherche une guitare avec beaucoup de puissance et de volume trouvera ces qualit\u00e9s dans une Lissarrague.<\/p>\n<div id=\"erdyt-6a008c279ded4\" data-id=\"Tj7r5zAaYwA&amp;t=300s\" class=\"erd-youtube-responsive\" style=\"display:block;position:relative;clear:both;width:100%;max-width:100%;margin-left:auto;margin-right:auto;\"><div style=\"padding-bottom:56.25%;\"><div class=\"erd-ytplay\" id=\"erdytp-Tj7r5zAaYwA&amp;t=300s-6a008c279ded4\" data-vid=\"Tj7r5zAaYwA&amp;t=300s\"   data-src=\"https:\/\/www.youtube.com\/embed\/Tj7r5zAaYwA&#038;t=300s?loop=1&#038;autoplay=1&#038;rel=0\" data-allowfullscreen=\"true\"><img decoding=\"async\" src=\"https:\/\/i.ytimg.com\/vi\/Tj7r5zAaYwA&#038;t=300s\/hqdefault.jpg\" alt=\"YouTube Video\" \/><\/div><\/div><\/div>\n<p>&nbsp;<\/p>\n","protected":false},"excerpt":{"rendered":"<p>Une perle rare au Canada !!! En tr\u00e8s bon \u00e9tat !!!<\/p>\n<p>Kim Lissarrangue est connu pour \u00eatre l&rsquo;un des meilleurs luthiers de guitares classique en Australie<\/p>\n<p>Une guitare tr\u00e8s puissante mais avec une belle voix chantante&#8230;<\/p>\n<p>Facile a jouer avec un bon\u00a0\u00e9quilibre et excellent sustain !!!<\/p>\n","protected":false},"featured_media":26142,"comment_status":"closed","ping_status":"closed","template":"","meta":{"_mo_disable_npp":""},"product_brand":[],"product_cat":[1058,1057],"product_tag":[1335,1107,1781,1782,1200],"class_list":{"0":"post-26140","1":"product","2":"type-product","3":"status-publish","4":"has-post-thumbnail","6":"product_cat-guitares","7":"product_cat-guitares-classique","8":"product_tag-best-lattice-tops-from-australia-fr","9":"product_tag-classical-guitars-montreal-canada-fr","10":"product_tag-kim-lissarrague-classical-guitars-fr","11":"product_tag-kim-lissarrague-luthier-australia-fr","12":"product_tag-luthier-hand-made-guitars-montreal-canada-fr","13":"sales-flash-overlay","14":"woocommerce-text-align-left","15":"woocommerce-image-align-center","16":"do-quantity-buttons","17":"wc-has-gallery","19":"first","20":"outofstock","21":"taxable","22":"shipping-taxable","23":"product-type-simple"},"_links":{"self":[{"href":"https:\/\/www.grandsalondeguitare.com\/fr\/wp-json\/wp\/v2\/product\/26140","targetHints":{"allow":["GET"]}}],"collection":[{"href":"https:\/\/www.grandsalondeguitare.com\/fr\/wp-json\/wp\/v2\/product"}],"about":[{"href":"https:\/\/www.grandsalondeguitare.com\/fr\/wp-json\/wp\/v2\/types\/product"}],"replies":[{"embeddable":true,"href":"https:\/\/www.grandsalondeguitare.com\/fr\/wp-json\/wp\/v2\/comments?post=26140"}],"wp:featuredmedia":[{"embeddable":true,"href":"https:\/\/www.grandsalondeguitare.com\/fr\/wp-json\/wp\/v2\/media\/26142"}],"wp:attachment":[{"href":"https:\/\/www.grandsalondeguitare.com\/fr\/wp-json\/wp\/v2\/media?parent=26140"}],"wp:term":[{"taxonomy":"product_brand","embeddable":true,"href":"https:\/\/www.grandsalondeguitare.com\/fr\/wp-json\/wp\/v2\/product_brand?post=26140"},{"taxonomy":"product_cat","embeddable":true,"href":"https:\/\/www.grandsalondeguitare.com\/fr\/wp-json\/wp\/v2\/product_cat?post=26140"},{"taxonomy":"product_tag","embeddable":true,"href":"https:\/\/www.grandsalondeguitare.com\/fr\/wp-json\/wp\/v2\/product_tag?post=26140"}],"curies":[{"name":"wp","href":"https:\/\/api.w.org\/{rel}","templated":true}]}}