{"id":26131,"date":"2022-08-01T15:12:22","date_gmt":"2022-08-01T20:12:22","guid":{"rendered":"https:\/\/www.grandsalondeguitare.com\/?post_type=product&#038;p=26131"},"modified":"2024-12-10T16:10:51","modified_gmt":"2024-12-10T21:10:51","slug":"a-315-knobloch-edq-34-5-qz-nylon-copy","status":"publish","type":"product","link":"https:\/\/www.grandsalondeguitare.com\/fr\/produit\/a-315-knobloch-edq-34-5-qz-nylon-copy\/","title":{"rendered":"A-316, EDB 34.0 BI-Nylon"},"content":{"rendered":"<p><strong>KNOBLOCH<\/strong><\/p>\n<p><strong>ERITHACUS Double Silver<\/strong><\/p>\n<p><strong>EDB 34.0, Nylon Bio<\/strong><\/p>\n<p><strong>Tension Moyen-Fort<\/strong><\/p>\n<p><strong>CORDES DE BASSE<\/strong>\u00a0:\u00a0ER Double Silver, Naturel \u00b7 Rond<\/p>\n<p><strong>CORDES AIGUS\u00a0<\/strong>: Bio nylon, naturel et rond<\/p>\n<p>Con\u00e7u pour les musiciens souhaitant utiliser des mat\u00e9riaux organiques, pour un son d&rsquo;aigus naturel sur un grave rond.<\/p>\n<p><strong>Combinaison sonore\u00a0:<\/strong><\/p>\n<p>La rondeur du son des graves correspond au son raffin\u00e9 et naturel des aigus BIO<br \/>\nCes cordes sont parfaites pour les guitaristes qui cherchent \u00e0 \u00e9liminer toute trace de ce son plastique qui peut provenir des cordes en nylon standard.<br \/>\nL&rsquo;inclusion des aigus BIO dans cet ensemble donne un son pur, naturel et arrondi.<\/p>\n<p><strong>Traits:<\/strong><\/p>\n<p>Les mat\u00e9riaux naturels produisent un son aigu naturel sur des basses arrondies<br \/>\nRond, naturel et raffin\u00e9<\/p>\n<p><strong>Jouabilit\u00e9\u00a0:<\/strong><\/p>\n<p>Ensemble bien \u00e9quilibr\u00e9, facile \u00e0 jouer \u00e0 la fois \u00e0 gauche et \u00e0 droite avec une \u00e9lasticit\u00e9 suppl\u00e9mentaire dans les aigus<br \/>\nLa ligne ERITHACUS est cr\u00e9\u00e9e pour les guitaristes qui ont besoin d&rsquo;un son naturel, chaud et rond avec une intonation impeccable, une durabilit\u00e9 et une grande jouabilit\u00e9.<\/p>\n<p>Ces cordes sont polyvalentes et encore plus chaudes que la ligne Actives originale.<img decoding=\"async\" src=\"https:\/\/static.wixstatic.com\/media\/27345e_df65052bc55446188617c555b747233c~mv2.jpg\/v1\/fill\/w_989,h_699,al_c,q_85,usm_0.66_1.00_0.01\/27345e_df65052bc55446188617c555b747233c~mv2.jpg\" \/><\/p>\n<div id=\"_tab_content-29-159\" class=\"oxy-tab-content tabs-contents-2617-tab\">\n<div id=\"code_block-39-159\" class=\"ct-code-block\"><\/div>\n<\/div>\n","protected":false},"excerpt":{"rendered":"<p><strong>KNOBLOCH<\/strong><\/p>\n<p><strong>ERITHACUS Double Silver<\/strong><\/p>\n<p><strong>EDB 34.5,\u00a0<\/strong><strong>Nylon Bio<\/strong><\/p>\n<p><strong>Tension Moyen-Fort<\/strong><\/p>\n<p><strong>Set complet<\/strong><\/p>\n","protected":false},"featured_media":26133,"comment_status":"closed","ping_status":"closed","template":"","meta":{"_mo_disable_npp":""},"product_brand":[],"product_cat":[1052,1054],"product_tag":[],"class_list":{"0":"post-26131","1":"product","2":"type-product","3":"status-publish","4":"has-post-thumbnail","6":"product_cat-accessoires","7":"product_cat-cordes","8":"sales-flash-overlay","9":"woocommerce-text-align-left","10":"woocommerce-image-align-center","11":"do-quantity-buttons","13":"first","14":"instock","15":"taxable","16":"shipping-taxable","17":"purchasable","18":"product-type-simple"},"_links":{"self":[{"href":"https:\/\/www.grandsalondeguitare.com\/fr\/wp-json\/wp\/v2\/product\/26131","targetHints":{"allow":["GET"]}}],"collection":[{"href":"https:\/\/www.grandsalondeguitare.com\/fr\/wp-json\/wp\/v2\/product"}],"about":[{"href":"https:\/\/www.grandsalondeguitare.com\/fr\/wp-json\/wp\/v2\/types\/product"}],"replies":[{"embeddable":true,"href":"https:\/\/www.grandsalondeguitare.com\/fr\/wp-json\/wp\/v2\/comments?post=26131"}],"wp:featuredmedia":[{"embeddable":true,"href":"https:\/\/www.grandsalondeguitare.com\/fr\/wp-json\/wp\/v2\/media\/26133"}],"wp:attachment":[{"href":"https:\/\/www.grandsalondeguitare.com\/fr\/wp-json\/wp\/v2\/media?parent=26131"}],"wp:term":[{"taxonomy":"product_brand","embeddable":true,"href":"https:\/\/www.grandsalondeguitare.com\/fr\/wp-json\/wp\/v2\/product_brand?post=26131"},{"taxonomy":"product_cat","embeddable":true,"href":"https:\/\/www.grandsalondeguitare.com\/fr\/wp-json\/wp\/v2\/product_cat?post=26131"},{"taxonomy":"product_tag","embeddable":true,"href":"https:\/\/www.grandsalondeguitare.com\/fr\/wp-json\/wp\/v2\/product_tag?post=26131"}],"curies":[{"name":"wp","href":"https:\/\/api.w.org\/{rel}","templated":true}]}}