{"id":26091,"date":"2016-10-04T15:25:15","date_gmt":"2016-10-04T20:25:15","guid":{"rendered":"https:\/\/www.grandsalondeguitare.com\/product\/f-362-bruce-thompson-u-s-a\/"},"modified":"2022-07-26T16:09:42","modified_gmt":"2022-07-26T21:09:42","slug":"f-362-bruce-thompson-u-s-a","status":"publish","type":"product","link":"https:\/\/www.grandsalondeguitare.com\/fr\/produit\/f-362-bruce-thompson-u-s-a\/","title":{"rendered":"F-362, Bruce Thompson (Etats-Unis)"},"content":{"rendered":"<p>Flamenca\u00a0Blanca<\/p>\n<p>Fabriqu\u00e9 en 2014<\/p>\n<p>Guitare N-42<\/p>\n<p>Longueur d&rsquo;\u00e9chelle de 640 mm et largeur d&rsquo;\u00e9crou de 52 mm<\/p>\n<p>Table en \u00e9pic\u00e9a Suisse<\/p>\n<p>Barrage int\u00e9rieur de la table en c\u00e8dre de Port Orford<\/p>\n<p>Dos et \u00e9clisses en cypr\u00e8s du Louisiane<\/p>\n<p>Manche en c\u00e8dre Espagnol avec renfort en ziricote<\/p>\n<p>Touche en \u00e9b\u00e8ne<\/p>\n<p>Chevalet en cocobolo &amp; Blood wood<\/p>\n<p>Filets en \u00e9pic\u00e9a et acajou<\/p>\n<p>Placage de la t\u00eate \u00ab\u00a0Morado\u00a0\u00bb<\/p>\n<p>Chevilles traditionnelles en palissandre Indien<\/p>\n<p>Table au tampon en polis Fran\u00e7ais<\/p>\n<p>Finition au laque \u00e0 base d&rsquo;eau tr\u00e8s fine sur le reste de la guitare<\/p>\n<p>\u00c9tui rigide inclus<\/p>\n<p>Le poids de la guitare est 1,3 kg \/ 2,86 lb<\/p>\n<p><iframe loading=\"lazy\" title=\"F-362, B. Thompson #42 by Grand Guitar Salon\" width=\"1200\" height=\"450\" scrolling=\"no\" frameborder=\"no\" src=\"https:\/\/w.soundcloud.com\/player\/?visual=true&#038;url=https%3A%2F%2Fapi.soundcloud.com%2Fplaylists%2F283252037&#038;show_artwork=true&#038;maxheight=1000&#038;maxwidth=1200\"><\/iframe><\/p>\n","protected":false},"excerpt":{"rendered":"<p>Flamenca blanca sp\u00e9ciale avec \u00e9chelle courte !!!<\/p>\n<p>Bas\u00e9 sur une guitare Domingo Esteso de 1923 !!!<\/p>\n<p>Sonorit\u00e9 tr\u00e8s sp\u00e9ciale, excellente \u00a0jouabilit\u00e9e et projection&#8230;<\/p>\n<p>A essayer !!!<\/p>\n","protected":false},"featured_media":26045,"comment_status":"closed","ping_status":"closed","template":"","meta":{"_mo_disable_npp":""},"product_brand":[],"product_cat":[1058,1053],"product_tag":[1776,1777,1778],"class_list":{"0":"post-26091","1":"product","2":"type-product","3":"status-publish","4":"has-post-thumbnail","6":"product_cat-guitares","7":"product_cat-guitares-flamenco","8":"product_tag-bruce-thompson-flamenco-guitars-fr","9":"product_tag-bruce-thomson-guitars-fr","10":"product_tag-traditional-flamenco-guitars-fr","11":"sales-flash-overlay","12":"woocommerce-text-align-left","13":"woocommerce-image-align-center","14":"do-quantity-buttons","15":"wc-has-gallery","17":"first","18":"instock","19":"taxable","20":"shipping-taxable","21":"purchasable","22":"product-type-simple"},"_links":{"self":[{"href":"https:\/\/www.grandsalondeguitare.com\/fr\/wp-json\/wp\/v2\/product\/26091","targetHints":{"allow":["GET"]}}],"collection":[{"href":"https:\/\/www.grandsalondeguitare.com\/fr\/wp-json\/wp\/v2\/product"}],"about":[{"href":"https:\/\/www.grandsalondeguitare.com\/fr\/wp-json\/wp\/v2\/types\/product"}],"replies":[{"embeddable":true,"href":"https:\/\/www.grandsalondeguitare.com\/fr\/wp-json\/wp\/v2\/comments?post=26091"}],"wp:featuredmedia":[{"embeddable":true,"href":"https:\/\/www.grandsalondeguitare.com\/fr\/wp-json\/wp\/v2\/media\/26045"}],"wp:attachment":[{"href":"https:\/\/www.grandsalondeguitare.com\/fr\/wp-json\/wp\/v2\/media?parent=26091"}],"wp:term":[{"taxonomy":"product_brand","embeddable":true,"href":"https:\/\/www.grandsalondeguitare.com\/fr\/wp-json\/wp\/v2\/product_brand?post=26091"},{"taxonomy":"product_cat","embeddable":true,"href":"https:\/\/www.grandsalondeguitare.com\/fr\/wp-json\/wp\/v2\/product_cat?post=26091"},{"taxonomy":"product_tag","embeddable":true,"href":"https:\/\/www.grandsalondeguitare.com\/fr\/wp-json\/wp\/v2\/product_tag?post=26091"}],"curies":[{"name":"wp","href":"https:\/\/api.w.org\/{rel}","templated":true}]}}