{"id":25943,"date":"2022-06-25T12:10:54","date_gmt":"2022-06-25T17:10:58","guid":{"rendered":"https:\/\/www.grandsalondeguitare.com\/?post_type=product&#038;p=25943"},"modified":"2022-06-25T12:27:56","modified_gmt":"2022-06-25T17:27:56","slug":"a-171-ns-micro-accordeur-numerique-copy","status":"publish","type":"product","link":"https:\/\/www.grandsalondeguitare.com\/fr\/produit\/a-171-ns-micro-accordeur-numerique-copy\/","title":{"rendered":"A-312, Diapason \u00ab\u00a0Mi\u00a0\u00bb"},"content":{"rendered":"<p>D&rsquo;Addario Planet Waves<\/p>\n<p>Diapason \u00ab\u00a0Mi\u00a0\u00bb<\/p>\n<p>329,6 Hz<\/p>\n<p>Con\u00e7u pour tenir confortablement dans votre main,<\/p>\n<p>Le diapason D&rsquo;Addario est facile \u00e0 utiliser, remarquablement pr\u00e9cis et con\u00e7u pour durer.<\/p>\n<p>Con\u00e7u et fabriqu\u00e9 pour un r\u00e9glage extr\u00eamement pr\u00e9cis<\/p>\n<p>La poign\u00e9e moul\u00e9e rend la fourche facile \u00e0 frapper et \u00e0 positionner sur la surface de l&rsquo;instrument<\/p>\n<p>Code couleur par cl\u00e9 &#8211; La ou Mi pour une identification rapide et facile<\/p>\n","protected":false},"excerpt":{"rendered":"<p>D&rsquo;Addario Planet Waves<\/p>\n<p>Diapason \u00ab\u00a0Mi\u00a0\u00bb<\/p>\n<p>329,6 Hz<\/p>\n","protected":false},"featured_media":25945,"comment_status":"closed","ping_status":"closed","template":"","meta":{"_mo_disable_npp":""},"product_brand":[],"product_cat":[1052,1321],"product_tag":[],"class_list":{"0":"post-25943","1":"product","2":"type-product","3":"status-publish","4":"has-post-thumbnail","6":"product_cat-accessoires","7":"product_cat-accordeurs","8":"sales-flash-overlay","9":"woocommerce-text-align-left","10":"woocommerce-image-align-center","11":"do-quantity-buttons","13":"first","14":"instock","15":"taxable","16":"shipping-taxable","17":"purchasable","18":"product-type-simple"},"_links":{"self":[{"href":"https:\/\/www.grandsalondeguitare.com\/fr\/wp-json\/wp\/v2\/product\/25943","targetHints":{"allow":["GET"]}}],"collection":[{"href":"https:\/\/www.grandsalondeguitare.com\/fr\/wp-json\/wp\/v2\/product"}],"about":[{"href":"https:\/\/www.grandsalondeguitare.com\/fr\/wp-json\/wp\/v2\/types\/product"}],"replies":[{"embeddable":true,"href":"https:\/\/www.grandsalondeguitare.com\/fr\/wp-json\/wp\/v2\/comments?post=25943"}],"wp:featuredmedia":[{"embeddable":true,"href":"https:\/\/www.grandsalondeguitare.com\/fr\/wp-json\/wp\/v2\/media\/25945"}],"wp:attachment":[{"href":"https:\/\/www.grandsalondeguitare.com\/fr\/wp-json\/wp\/v2\/media?parent=25943"}],"wp:term":[{"taxonomy":"product_brand","embeddable":true,"href":"https:\/\/www.grandsalondeguitare.com\/fr\/wp-json\/wp\/v2\/product_brand?post=25943"},{"taxonomy":"product_cat","embeddable":true,"href":"https:\/\/www.grandsalondeguitare.com\/fr\/wp-json\/wp\/v2\/product_cat?post=25943"},{"taxonomy":"product_tag","embeddable":true,"href":"https:\/\/www.grandsalondeguitare.com\/fr\/wp-json\/wp\/v2\/product_tag?post=25943"}],"curies":[{"name":"wp","href":"https:\/\/api.w.org\/{rel}","templated":true}]}}