{"id":25855,"date":"2022-05-24T15:01:43","date_gmt":"2022-05-24T20:01:45","guid":{"rendered":"https:\/\/www.grandsalondeguitare.com\/?post_type=product&#038;p=25855"},"modified":"2022-05-24T15:14:18","modified_gmt":"2022-05-24T20:14:18","slug":"c-623-fernando-mazza-italie-copy","status":"publish","type":"product","link":"https:\/\/www.grandsalondeguitare.com\/fr\/produit\/c-623-fernando-mazza-italie-copy\/","title":{"rendered":"C-635 Fernando Mazza (Italie)"},"content":{"rendered":"<p>Nouvelle guitare classique de concert<\/p>\n<p>Fabriqu\u00e9 \u00e0 Arezzo en Italie,<\/p>\n<p>Ann\u00e9e 2022<\/p>\n<p>Longueur d&rsquo;\u00e9chelle de 650 mm avec sillet de 52 mm<\/p>\n<p>Table en \u00e9pic\u00e9a massif (treillis renforc\u00e9 de bois de balsa et de fibre de carbone)<\/p>\n<p>Dos et \u00e9clisses en palissandre du Santos<\/p>\n<p>Les c\u00f4t\u00e9s et le dos sont lamin\u00e9s \u00e0 l&rsquo;int\u00e9rieur avec du palissandre de Santos<\/p>\n<p>Le dos est double avec un noyau interne en nomex<\/p>\n<p>Touche en \u00e9b\u00e8ne avec 20\u00e8me frette<\/p>\n<p>Frettes moyennes en alpaga Allemand<\/p>\n<p>Manche en c\u00e8dre avec 2 renforts en \u00e9b\u00e8ne<\/p>\n<p>Chevalet en palissandre d&rsquo;Amazonie<\/p>\n<p>Liens \u00e0 12 trous<\/p>\n<p>M\u00e9caniques d&rsquo;accordages Alessi<\/p>\n<p>Sillets en os<\/p>\n<p>Marqueterie en \u00e9b\u00e8ne &amp; ch\u00eane blanc<\/p>\n<p>Accoudoir en caroubier noir<\/p>\n<p>Couvercle du port sonore en palissandre du Santos (en polis Fran\u00e7ais)<\/p>\n<p>Rosace artisanale<\/p>\n<p>Table en polis Fran\u00e7ais<\/p>\n<p>Laque polyur\u00e9thane brillante sur le dos \u00e9clisses et le manche<\/p>\n<p>\u00c9tuis rigide inclus<\/p>\n<p>Le poids de la guitare est de 1,723 kg \/ 3,8 lb<\/p>\n<p>La longueur totale de la guitare est de 98,5 cm \/ 39,5 pouces<\/p>\n<p>La longueur du corps est de 48,5\u00a0cm \/ 19,09\u00a0pouces<\/p>\n<p>Le bout sup\u00e9rieur est de 28 cm \/ 11,02 pouces<\/p>\n<p>Le bout inf\u00e9rieur est de 37,5 cm \/ 14,76 pouces<\/p>\n<p>La profondeur du corps est de 10,5 cm\/ 4,13 pouces<\/p>\n<p>&nbsp;<\/p>\n<p>*** Nous sommes fiers d&rsquo;\u00eatre le revendeur exclusif en Am\u00e9rique du Nord pour les guitares \u00a0Fernando Mazza ***<\/p>\n","protected":false},"excerpt":{"rendered":"<p>Une autre guitare classique de concert incroyable par Fernando Mazza !!!<\/p>\n<p>Commande special pour un de nos client aux Etats-Unis&#8230;<\/p>\n<p>Barrage en treillis avec du balsa et fibre de carbone<\/p>\n<p>Un tr\u00e8s beau timbre bois\u00e9, chaud avec une attaque et une r\u00e9ponse tr\u00e8s rapide<\/p>\n<p>Beaucoup de projection !!!<\/p>\n<p>Extr\u00eamement facile a jouer&#8230;<\/p>\n","protected":false},"featured_media":25857,"comment_status":"closed","ping_status":"closed","template":"","meta":{"_mo_disable_npp":""},"product_brand":[],"product_cat":[1058,1057],"product_tag":[1097,1098,1099,1100,1101],"class_list":{"0":"post-25855","1":"product","2":"type-product","3":"status-publish","4":"has-post-thumbnail","6":"product_cat-guitares","7":"product_cat-guitares-classique","8":"product_tag-fernando-mazza-classical-guitars-fr","9":"product_tag-fernando-mazza-guitars-from-italy-fr","10":"product_tag-lattice-top-guitars-fr","11":"product_tag-mazza-concert-classical-guitars-fr","12":"product_tag-mazza-concert-lattice-top-fr","13":"sales-flash-overlay","14":"woocommerce-text-align-left","15":"woocommerce-image-align-center","16":"do-quantity-buttons","17":"wc-has-gallery","19":"first","20":"outofstock","21":"taxable","22":"shipping-taxable","23":"product-type-simple"},"_links":{"self":[{"href":"https:\/\/www.grandsalondeguitare.com\/fr\/wp-json\/wp\/v2\/product\/25855","targetHints":{"allow":["GET"]}}],"collection":[{"href":"https:\/\/www.grandsalondeguitare.com\/fr\/wp-json\/wp\/v2\/product"}],"about":[{"href":"https:\/\/www.grandsalondeguitare.com\/fr\/wp-json\/wp\/v2\/types\/product"}],"replies":[{"embeddable":true,"href":"https:\/\/www.grandsalondeguitare.com\/fr\/wp-json\/wp\/v2\/comments?post=25855"}],"wp:featuredmedia":[{"embeddable":true,"href":"https:\/\/www.grandsalondeguitare.com\/fr\/wp-json\/wp\/v2\/media\/25857"}],"wp:attachment":[{"href":"https:\/\/www.grandsalondeguitare.com\/fr\/wp-json\/wp\/v2\/media?parent=25855"}],"wp:term":[{"taxonomy":"product_brand","embeddable":true,"href":"https:\/\/www.grandsalondeguitare.com\/fr\/wp-json\/wp\/v2\/product_brand?post=25855"},{"taxonomy":"product_cat","embeddable":true,"href":"https:\/\/www.grandsalondeguitare.com\/fr\/wp-json\/wp\/v2\/product_cat?post=25855"},{"taxonomy":"product_tag","embeddable":true,"href":"https:\/\/www.grandsalondeguitare.com\/fr\/wp-json\/wp\/v2\/product_tag?post=25855"}],"curies":[{"name":"wp","href":"https:\/\/api.w.org\/{rel}","templated":true}]}}