{"id":25277,"date":"2022-04-12T12:46:01","date_gmt":"2022-04-12T17:45:59","guid":{"rendered":"https:\/\/www.grandsalondeguitare.com\/?post_type=product&#038;p=25277"},"modified":"2022-04-12T13:14:25","modified_gmt":"2022-04-12T18:14:25","slug":"c-627-camps-cut-900-ep-espagne","status":"publish","type":"product","link":"https:\/\/www.grandsalondeguitare.com\/fr\/produit\/c-627-camps-cut-900-ep-espagne\/","title":{"rendered":"C-627, Camps Cut-900-Ep (Espagne)"},"content":{"rendered":"<p>Nouvelle Guitare classique<\/p>\n<p>\u00c9lectroacoustique avec pan coup\u00e9<\/p>\n<p>Mod\u00e8le \u00ab\u00a0CUT-900-S\u00a0\u00bb<\/p>\n<p>Longueur d&rsquo;\u00e9chelle de 650 mm avec sillet de 52mm<\/p>\n<p>Table en \u00e9pinette<\/p>\n<p>Dos et \u00e9clisses en Ziricote<\/p>\n<p>Manche en c\u00e8dre<\/p>\n<p>Touche en \u00e9b\u00e8ne<\/p>\n<p>Chevalet en palissandre<\/p>\n<p>\u00c9lectronique Fishman Pro-Blend<\/p>\n<p>M\u00e9caniques Der Jung<\/p>\n<p>Finition laqu\u00e9e<\/p>\n<p>\u00c9tui rigide inclus<\/p>\n<p>La longueur totale de la guitare est de 100 cm\/ 39,37 pouces<\/p>\n<p>La longueur du corps est de 49 cm \/ 17,7165 pouces<\/p>\n<p>La profondeur du corps est de 9,7 cm \/ 3,82 pouces<\/p>\n<p>Le bout sup\u00e9rieur est de 28 cm \/ 11,023 pouces<\/p>\n<p>Le bout inf\u00e9rieur est de 37 cm \/ 14,56 pouces<\/p>\n<p>Le poids de la guitare est de 1,8 kg \/ 4 lb<\/p>\n<p>*** Nous sommes fiers d&rsquo;\u00eatre le revendeur Canadien officiel des guitares Hermanos Camps de G\u00e9rona Espagne ***<\/p>\n<p>Veuillez noter que les photos utilis\u00e9es pour ce mod\u00e8le sont g\u00e9n\u00e9rique, la guitare exacte illustr\u00e9e n&rsquo;est plus disponible, la nouvelle guitare offerte diff\u00e9rera l\u00e9g\u00e8rement des images actuelles\u2026<\/p>\n","protected":false},"excerpt":{"rendered":"<p>Nouvelle Guitare classique \u00c9lectroacoustique avec pan coup\u00e9 Mod\u00e8le \u00ab\u00a0CUT-900-S\u00a0\u00bb Longueur d&rsquo;\u00e9chelle de 650 mm avec sillet de 52mm Table en \u00e9pinette Dos et \u00e9clisses en Ziricote Manche en c\u00e8dre Touche en \u00e9b\u00e8ne Chevalet en palissandre \u00c9lectronique Fishman Pro-Blend M\u00e9caniques Der Jung Finition laqu\u00e9e \u00c9tui rigide inclus La longueur totale de la guitare est de 100 &#8230; <a title=\"C-627, Camps Cut-900-Ep (Espagne)\" class=\"read-more\" href=\"https:\/\/www.grandsalondeguitare.com\/fr\/produit\/c-627-camps-cut-900-ep-espagne\/\" aria-label=\"En savoir plus sur C-627, Camps Cut-900-Ep (Espagne)\">Lire la suite<\/a><\/p>\n","protected":false},"featured_media":25294,"comment_status":"closed","ping_status":"closed","template":"","meta":{"_mo_disable_npp":""},"product_brand":[],"product_cat":[1058,1057],"product_tag":[1116,1581,1582,1583],"class_list":{"0":"post-25277","1":"product","2":"type-product","3":"status-publish","4":"has-post-thumbnail","6":"product_cat-guitares","7":"product_cat-guitares-classique","8":"product_tag-camps-guitars-from-spain-fr","9":"product_tag-classical-cutaway-guitars-fr","10":"product_tag-electro-acoustic-guitars-with-cutaway-fr","11":"product_tag-spanish-guitars-in-montreal-fr","12":"sales-flash-overlay","13":"woocommerce-text-align-left","14":"woocommerce-image-align-center","15":"do-quantity-buttons","16":"wc-has-gallery","18":"first","19":"outofstock","20":"taxable","21":"shipping-taxable","22":"product-type-simple"},"_links":{"self":[{"href":"https:\/\/www.grandsalondeguitare.com\/fr\/wp-json\/wp\/v2\/product\/25277","targetHints":{"allow":["GET"]}}],"collection":[{"href":"https:\/\/www.grandsalondeguitare.com\/fr\/wp-json\/wp\/v2\/product"}],"about":[{"href":"https:\/\/www.grandsalondeguitare.com\/fr\/wp-json\/wp\/v2\/types\/product"}],"replies":[{"embeddable":true,"href":"https:\/\/www.grandsalondeguitare.com\/fr\/wp-json\/wp\/v2\/comments?post=25277"}],"wp:featuredmedia":[{"embeddable":true,"href":"https:\/\/www.grandsalondeguitare.com\/fr\/wp-json\/wp\/v2\/media\/25294"}],"wp:attachment":[{"href":"https:\/\/www.grandsalondeguitare.com\/fr\/wp-json\/wp\/v2\/media?parent=25277"}],"wp:term":[{"taxonomy":"product_brand","embeddable":true,"href":"https:\/\/www.grandsalondeguitare.com\/fr\/wp-json\/wp\/v2\/product_brand?post=25277"},{"taxonomy":"product_cat","embeddable":true,"href":"https:\/\/www.grandsalondeguitare.com\/fr\/wp-json\/wp\/v2\/product_cat?post=25277"},{"taxonomy":"product_tag","embeddable":true,"href":"https:\/\/www.grandsalondeguitare.com\/fr\/wp-json\/wp\/v2\/product_tag?post=25277"}],"curies":[{"name":"wp","href":"https:\/\/api.w.org\/{rel}","templated":true}]}}