{"id":25252,"date":"2022-04-08T19:32:36","date_gmt":"2022-04-09T00:32:36","guid":{"rendered":"https:\/\/www.grandsalondeguitare.com\/?post_type=product&#038;p=25252"},"modified":"2025-01-26T21:15:58","modified_gmt":"2025-01-27T02:15:58","slug":"a-310-knobloch-300adc-carbon","status":"publish","type":"product","link":"https:\/\/www.grandsalondeguitare.com\/fr\/produit\/a-310-knobloch-300adc-carbon\/","title":{"rendered":"A-310, Knobloch 300ADC-Carbon"},"content":{"rendered":"<p><strong>ACTIVES Double Silver<\/strong><\/p>\n<p><strong>300ADC Medium Tension 33.5<\/strong><\/p>\n<p><strong>CORDES DE BASSE :<\/strong> Actives Double Silver, Brillant-Clear<\/p>\n<p><strong>CORDES AIGU\u00cbS :<\/strong> CX Carbon, Brilliant-Singing<\/p>\n<p>Con\u00e7u pour les guitaristes qui cherchent \u00e0 ajouter du volume, de la puissance et de la clart\u00e9 \u00e0 leur son de guitare.<\/p>\n<p><strong>Combinaison sonore\u00a0:<\/strong><\/p>\n<p>Des basses brillantes et claires renforcent des aigus pleins et chantants.<br \/>\nLe r\u00e9sultat est un son net et d\u00e9fini avec beaucoup de projection avec un vibrato facile et chantant.<\/p>\n<p><strong>Caract\u00e9ristiques:<\/strong><\/p>\n<p>Son brillant homog\u00e8ne entre les graves et les aigus<br \/>\nBrillant, clair et chantant<\/p>\n<p><strong>Jouabilit\u00e9\u00a0:<\/strong><\/p>\n<p>Ensemble bien \u00e9quilibr\u00e9, facile \u00e0 jouer \u00e0 la fois \u00e0 la main gauche et \u00e0 la main droite<br \/>\nLa ligne de signature de Knobloch, ACTIVES, pr\u00e9sente toutes les caract\u00e9ristiques de leurs cordes de haute qualit\u00e9 : intonation impeccable, durabilit\u00e9 impressionnante, projection am\u00e9lior\u00e9e et grande jouabilit\u00e9.<\/p>\n<p>D\u00e9couvrez la diff\u00e9rence que font ces cordes habilement con\u00e7ues, ressentez la vibration \u00e0 travers vos doigts. Lib\u00e9rez votre cr\u00e9ativit\u00e9 musicale.<\/p>\n<table id=\"footable_1296\" class=\"foo-table ninja_footable foo_table_1296 ninja_table_unique_id_1561652772_1296 ui table nt_type_ajax_table striped vertical_centered footable-paging-right ninja_table_search_disabled footable footable-1 footable-paging breakpoint-lg\" data-ninja_table_instance=\"ninja_table_instance_0\" data-footable_id=\"1296\" data-filter-delay=\"1000\" aria-label=\"300 ADC 33.5 MediumTension\" data-unique_identifier=\"ninja_table_unique_id_1561652772_1296\">\n<thead>\n<tr class=\"footable-header\">\n<th class=\"ninja_column_0 ninja_clmn_nm_note footable-first-visible\" scope=\"col\">Note<\/th>\n<th class=\"ninja_column_1 ninja_clmn_nm_code\" scope=\"col\">Code<\/th>\n<th class=\"ninja_column_2 ninja_clmn_nm_tension\" scope=\"col\">Tension<\/th>\n<th class=\"ninja_column_3 ninja_clmn_nm_name\" scope=\"col\">Name<\/th>\n<th class=\"ninja_column_4 ninja_clmn_nm_tone\" scope=\"col\">Tone<\/th>\n<th class=\"ninja_column_5 ninja_clmn_nm_elasticity\" scope=\"col\">Elasticity<\/th>\n<th class=\"ninja_column_6 ninja_clmn_nm_mm\" scope=\"col\">mm<\/th>\n<th class=\"ninja_column_7 ninja_clmn_nm_inches\" scope=\"col\">Inches<\/th>\n<th class=\"ninja_column_8 ninja_clmn_nm_kg\" scope=\"col\">Kg<\/th>\n<th class=\"ninja_column_9 ninja_clmn_nm_lbs footable-last-visible\" scope=\"col\">Lbs<\/th>\n<\/tr>\n<\/thead>\n<colgroup>\n<col class=\"ninja_column_0 \" \/>\n<col class=\"ninja_column_1 \" \/>\n<col class=\"ninja_column_2 \" \/>\n<col class=\"ninja_column_3 \" \/>\n<col class=\"ninja_column_4 \" \/>\n<col class=\"ninja_column_5 \" \/>\n<col class=\"ninja_column_6 \" \/>\n<col class=\"ninja_column_7 \" \/>\n<col class=\"ninja_column_8 \" \/>\n<col class=\"ninja_column_9 \" \/><\/colgroup>\n<tfoot><\/tfoot>\n<tbody>\n<tr class=\"ninja_table_row_0 nt_row_id_374\">\n<td class=\"ninja_column_0 ninja_clmn_nm_note footable-first-visible\">E1<\/td>\n<td class=\"ninja_column_1 ninja_clmn_nm_code\">301ACX<\/td>\n<td class=\"ninja_column_2 ninja_clmn_nm_tension\">Medium<\/td>\n<td class=\"ninja_column_3 ninja_clmn_nm_name\">CX Carbon<\/td>\n<td class=\"ninja_column_4 ninja_clmn_nm_tone\">Brillant<\/td>\n<td class=\"ninja_column_5 ninja_clmn_nm_elasticity\">Medium<\/td>\n<td class=\"ninja_column_6 ninja_clmn_nm_mm\">0.61<\/td>\n<td class=\"ninja_column_7 ninja_clmn_nm_inches\">.024<\/td>\n<td class=\"ninja_column_8 ninja_clmn_nm_kg\">9.86<\/td>\n<td class=\"ninja_column_9 ninja_clmn_nm_lbs footable-last-visible\">21.80<\/td>\n<\/tr>\n<tr class=\"ninja_table_row_1 nt_row_id_375\">\n<td class=\"ninja_column_0 ninja_clmn_nm_note footable-first-visible\">B2<\/td>\n<td class=\"ninja_column_1 ninja_clmn_nm_code\">302ACX<\/td>\n<td class=\"ninja_column_2 ninja_clmn_nm_tension\">Medium<\/td>\n<td class=\"ninja_column_3 ninja_clmn_nm_name\">CX Carbon<\/td>\n<td class=\"ninja_column_4 ninja_clmn_nm_tone\">Brillant<\/td>\n<td class=\"ninja_column_5 ninja_clmn_nm_elasticity\">Medium<\/td>\n<td class=\"ninja_column_6 ninja_clmn_nm_mm\">0.68<\/td>\n<td class=\"ninja_column_7 ninja_clmn_nm_inches\">.027<\/td>\n<td class=\"ninja_column_8 ninja_clmn_nm_kg\">7.09<\/td>\n<td class=\"ninja_column_9 ninja_clmn_nm_lbs footable-last-visible\">15.68<\/td>\n<\/tr>\n<tr class=\"ninja_table_row_2 nt_row_id_376\">\n<td class=\"ninja_column_0 ninja_clmn_nm_note footable-first-visible\">C3<\/td>\n<td class=\"ninja_column_1 ninja_clmn_nm_code\">303ACX<\/td>\n<td class=\"ninja_column_2 ninja_clmn_nm_tension\">Medium<\/td>\n<td class=\"ninja_column_3 ninja_clmn_nm_name\">CX Carbon<\/td>\n<td class=\"ninja_column_4 ninja_clmn_nm_tone\">Brillant<\/td>\n<td class=\"ninja_column_5 ninja_clmn_nm_elasticity\">Medium<\/td>\n<td class=\"ninja_column_6 ninja_clmn_nm_mm\">0.83<\/td>\n<td class=\"ninja_column_7 ninja_clmn_nm_inches\">.033<\/td>\n<td class=\"ninja_column_8 ninja_clmn_nm_kg\">6.60<\/td>\n<td class=\"ninja_column_9 ninja_clmn_nm_lbs footable-last-visible\">14.60<\/td>\n<\/tr>\n<tr class=\"ninja_table_row_3 nt_row_id_377\">\n<td class=\"ninja_column_0 ninja_clmn_nm_note footable-first-visible\">D4<\/td>\n<td class=\"ninja_column_1 ninja_clmn_nm_code\">304ADS<\/td>\n<td class=\"ninja_column_2 ninja_clmn_nm_tension\">Medium<\/td>\n<td class=\"ninja_column_3 ninja_clmn_nm_name\">Actives<\/td>\n<td class=\"ninja_column_4 ninja_clmn_nm_tone\">Natural<\/td>\n<td class=\"ninja_column_5 ninja_clmn_nm_elasticity\">Medium<\/td>\n<td class=\"ninja_column_6 ninja_clmn_nm_mm\">0.69<\/td>\n<td class=\"ninja_column_7 ninja_clmn_nm_inches\">.027<\/td>\n<td class=\"ninja_column_8 ninja_clmn_nm_kg\">6.68<\/td>\n<td class=\"ninja_column_9 ninja_clmn_nm_lbs footable-last-visible\">14.77<\/td>\n<\/tr>\n<tr class=\"ninja_table_row_4 nt_row_id_378\">\n<td class=\"ninja_column_0 ninja_clmn_nm_note footable-first-visible\">A5<\/td>\n<td class=\"ninja_column_1 ninja_clmn_nm_code\">305ADS<\/td>\n<td class=\"ninja_column_2 ninja_clmn_nm_tension\">Medium<\/td>\n<td class=\"ninja_column_3 ninja_clmn_nm_name\">Actives<\/td>\n<td class=\"ninja_column_4 ninja_clmn_nm_tone\">Natural<\/td>\n<td class=\"ninja_column_5 ninja_clmn_nm_elasticity\">Medium<\/td>\n<td class=\"ninja_column_6 ninja_clmn_nm_mm\">0.83<\/td>\n<td class=\"ninja_column_7 ninja_clmn_nm_inches\">.033<\/td>\n<td class=\"ninja_column_8 ninja_clmn_nm_kg\">6.63<\/td>\n<td class=\"ninja_column_9 ninja_clmn_nm_lbs footable-last-visible\">14.66<\/td>\n<\/tr>\n<tr class=\"ninja_table_row_5 nt_row_id_379\">\n<td class=\"ninja_column_0 ninja_clmn_nm_note footable-first-visible\">E6<\/td>\n<td class=\"ninja_column_1 ninja_clmn_nm_code\">306ADS<\/td>\n<td class=\"ninja_column_2 ninja_clmn_nm_tension\">Medium<\/td>\n<td class=\"ninja_column_3 ninja_clmn_nm_name\">Actives<\/td>\n<td class=\"ninja_column_4 ninja_clmn_nm_tone\">Natural<\/td>\n<td class=\"ninja_column_5 ninja_clmn_nm_elasticity\">Medium<\/td>\n<td class=\"ninja_column_6 ninja_clmn_nm_mm\">1.10<\/td>\n<td class=\"ninja_column_7 ninja_clmn_nm_inches\">.043<\/td>\n<td class=\"ninja_column_8 ninja_clmn_nm_kg\">6.95<\/td>\n<td class=\"ninja_column_9 ninja_clmn_nm_lbs footable-last-visible\">15.36<\/td>\n<\/tr>\n<tr class=\"ninja_table_row_6 nt_row_id_380\">\n<td class=\"ninja_column_0 ninja_clmn_nm_note footable-first-visible\">Note<\/td>\n<td class=\"ninja_column_1 ninja_clmn_nm_code\">Code<\/td>\n<td class=\"ninja_column_2 ninja_clmn_nm_tension\">Minimum settle time<\/td>\n<td class=\"ninja_column_3 ninja_clmn_nm_name\">Optimum Settle time<\/td>\n<td class=\"ninja_column_4 ninja_clmn_nm_tone\">Material<\/td>\n<td class=\"ninja_column_5 ninja_clmn_nm_elasticity\">Plating<\/td>\n<td class=\"ninja_column_6 ninja_clmn_nm_mm\">Core<\/td>\n<td class=\"ninja_column_7 ninja_clmn_nm_inches\">Texture<\/td>\n<td class=\"ninja_column_8 ninja_clmn_nm_kg\">Winding<\/td>\n<td class=\"ninja_column_9 ninja_clmn_nm_lbs footable-last-visible\">Allergens<\/td>\n<\/tr>\n<tr class=\"ninja_table_row_7 nt_row_id_381\">\n<td class=\"ninja_column_0 ninja_clmn_nm_note footable-first-visible\">E1<\/td>\n<td class=\"ninja_column_1 ninja_clmn_nm_code\">301ACX<\/td>\n<td class=\"ninja_column_2 ninja_clmn_nm_tension\">12H<\/td>\n<td class=\"ninja_column_3 ninja_clmn_nm_name\">3 days<\/td>\n<td class=\"ninja_column_4 ninja_clmn_nm_tone\">Fluro-Carbone<\/td>\n<td class=\"ninja_column_5 ninja_clmn_nm_elasticity\"><\/td>\n<td class=\"ninja_column_6 ninja_clmn_nm_mm\">Monofilament<\/td>\n<td class=\"ninja_column_7 ninja_clmn_nm_inches\">Smooth<\/td>\n<td class=\"ninja_column_8 ninja_clmn_nm_kg\">\/\/\/\/\/\/\/\/\/<\/td>\n<td class=\"ninja_column_9 ninja_clmn_nm_lbs footable-last-visible\"><\/td>\n<\/tr>\n<tr class=\"ninja_table_row_8 nt_row_id_382\">\n<td class=\"ninja_column_0 ninja_clmn_nm_note footable-first-visible\">B2<\/td>\n<td class=\"ninja_column_1 ninja_clmn_nm_code\">302ACX<\/td>\n<td class=\"ninja_column_2 ninja_clmn_nm_tension\">12H<\/td>\n<td class=\"ninja_column_3 ninja_clmn_nm_name\">3 days<\/td>\n<td class=\"ninja_column_4 ninja_clmn_nm_tone\">Fluro-Carbone<\/td>\n<td class=\"ninja_column_5 ninja_clmn_nm_elasticity\"><\/td>\n<td class=\"ninja_column_6 ninja_clmn_nm_mm\">Monofilament<\/td>\n<td class=\"ninja_column_7 ninja_clmn_nm_inches\">Smooth<\/td>\n<td class=\"ninja_column_8 ninja_clmn_nm_kg\">\/\/\/\/\/\/\/\/\/<\/td>\n<td class=\"ninja_column_9 ninja_clmn_nm_lbs footable-last-visible\"><\/td>\n<\/tr>\n<tr class=\"ninja_table_row_9 nt_row_id_383\">\n<td class=\"ninja_column_0 ninja_clmn_nm_note footable-first-visible\">C3<\/td>\n<td class=\"ninja_column_1 ninja_clmn_nm_code\">303ACX<\/td>\n<td class=\"ninja_column_2 ninja_clmn_nm_tension\">12H<\/td>\n<td class=\"ninja_column_3 ninja_clmn_nm_name\">3 days<\/td>\n<td class=\"ninja_column_4 ninja_clmn_nm_tone\">Fluro-Carbone<\/td>\n<td class=\"ninja_column_5 ninja_clmn_nm_elasticity\"><\/td>\n<td class=\"ninja_column_6 ninja_clmn_nm_mm\">Monofilament<\/td>\n<td class=\"ninja_column_7 ninja_clmn_nm_inches\">Smooth<\/td>\n<td class=\"ninja_column_8 ninja_clmn_nm_kg\">\/\/\/\/\/\/\/\/\/<\/td>\n<td class=\"ninja_column_9 ninja_clmn_nm_lbs footable-last-visible\"><\/td>\n<\/tr>\n<tr class=\"ninja_table_row_10 nt_row_id_384\">\n<td class=\"ninja_column_0 ninja_clmn_nm_note footable-first-visible\">D4<\/td>\n<td class=\"ninja_column_1 ninja_clmn_nm_code\">304ADS<\/td>\n<td class=\"ninja_column_2 ninja_clmn_nm_tension\">12H<\/td>\n<td class=\"ninja_column_3 ninja_clmn_nm_name\">3 days<\/td>\n<td class=\"ninja_column_4 ninja_clmn_nm_tone\">Actives cupper Alloy<\/td>\n<td class=\"ninja_column_5 ninja_clmn_nm_elasticity\">Double Silver<\/td>\n<td class=\"ninja_column_6 ninja_clmn_nm_mm\">Composite Core<\/td>\n<td class=\"ninja_column_7 ninja_clmn_nm_inches\">Round wound<\/td>\n<td class=\"ninja_column_8 ninja_clmn_nm_kg\">\/\/\/\/\/\/\/\/\/<\/td>\n<td class=\"ninja_column_9 ninja_clmn_nm_lbs footable-last-visible\"><\/td>\n<\/tr>\n<tr class=\"ninja_table_row_11 nt_row_id_385\">\n<td class=\"ninja_column_0 ninja_clmn_nm_note footable-first-visible\">A5<\/td>\n<td class=\"ninja_column_1 ninja_clmn_nm_code\">305ADS<\/td>\n<td class=\"ninja_column_2 ninja_clmn_nm_tension\">12H<\/td>\n<td class=\"ninja_column_3 ninja_clmn_nm_name\">3 days<\/td>\n<td class=\"ninja_column_4 ninja_clmn_nm_tone\">Actives cupper Alloy<\/td>\n<td class=\"ninja_column_5 ninja_clmn_nm_elasticity\">Double Silver<\/td>\n<td class=\"ninja_column_6 ninja_clmn_nm_mm\">Composite Core<\/td>\n<td class=\"ninja_column_7 ninja_clmn_nm_inches\">Round wound<\/td>\n<td class=\"ninja_column_8 ninja_clmn_nm_kg\">\/\/\/\/\/\/\/\/\/<\/td>\n<td class=\"ninja_column_9 ninja_clmn_nm_lbs footable-last-visible\"><\/td>\n<\/tr>\n<tr class=\"ninja_table_row_12 nt_row_id_386\">\n<td class=\"ninja_column_0 ninja_clmn_nm_note footable-first-visible\">E6<\/td>\n<td class=\"ninja_column_1 ninja_clmn_nm_code\">306ADS<\/td>\n<td class=\"ninja_column_2 ninja_clmn_nm_tension\">12H<\/td>\n<td class=\"ninja_column_3 ninja_clmn_nm_name\">3 days<\/td>\n<td class=\"ninja_column_4 ninja_clmn_nm_tone\">Actives cupper Alloy<\/td>\n<td class=\"ninja_column_5 ninja_clmn_nm_elasticity\">Double Silver<\/td>\n<td class=\"ninja_column_6 ninja_clmn_nm_mm\">Composite Core<\/td>\n<td class=\"ninja_column_7 ninja_clmn_nm_inches\">Round wound<\/td>\n<td class=\"ninja_column_8 ninja_clmn_nm_kg\">\/\/\/\/\/\/\/\/\/<\/td>\n<\/tr>\n<\/tbody>\n<\/table>\n","protected":false},"excerpt":{"rendered":"<p><strong>ACTIVES Double Silver<\/strong><\/p>\n<p><strong>300ADC Medium Tension 33.5<\/strong><\/p>\n","protected":false},"featured_media":25255,"comment_status":"closed","ping_status":"closed","template":"","meta":{"_mo_disable_npp":""},"product_brand":[],"product_cat":[1052,1054],"product_tag":[],"class_list":{"0":"post-25252","1":"product","2":"type-product","3":"status-publish","4":"has-post-thumbnail","6":"product_cat-accessoires","7":"product_cat-cordes","8":"sales-flash-overlay","9":"woocommerce-text-align-left","10":"woocommerce-image-align-center","11":"do-quantity-buttons","13":"first","14":"instock","15":"taxable","16":"shipping-taxable","17":"purchasable","18":"product-type-simple"},"_links":{"self":[{"href":"https:\/\/www.grandsalondeguitare.com\/fr\/wp-json\/wp\/v2\/product\/25252","targetHints":{"allow":["GET"]}}],"collection":[{"href":"https:\/\/www.grandsalondeguitare.com\/fr\/wp-json\/wp\/v2\/product"}],"about":[{"href":"https:\/\/www.grandsalondeguitare.com\/fr\/wp-json\/wp\/v2\/types\/product"}],"replies":[{"embeddable":true,"href":"https:\/\/www.grandsalondeguitare.com\/fr\/wp-json\/wp\/v2\/comments?post=25252"}],"wp:featuredmedia":[{"embeddable":true,"href":"https:\/\/www.grandsalondeguitare.com\/fr\/wp-json\/wp\/v2\/media\/25255"}],"wp:attachment":[{"href":"https:\/\/www.grandsalondeguitare.com\/fr\/wp-json\/wp\/v2\/media?parent=25252"}],"wp:term":[{"taxonomy":"product_brand","embeddable":true,"href":"https:\/\/www.grandsalondeguitare.com\/fr\/wp-json\/wp\/v2\/product_brand?post=25252"},{"taxonomy":"product_cat","embeddable":true,"href":"https:\/\/www.grandsalondeguitare.com\/fr\/wp-json\/wp\/v2\/product_cat?post=25252"},{"taxonomy":"product_tag","embeddable":true,"href":"https:\/\/www.grandsalondeguitare.com\/fr\/wp-json\/wp\/v2\/product_tag?post=25252"}],"curies":[{"name":"wp","href":"https:\/\/api.w.org\/{rel}","templated":true}]}}