{"id":25248,"date":"2022-04-08T19:18:10","date_gmt":"2022-04-09T00:18:10","guid":{"rendered":"https:\/\/www.grandsalondeguitare.com\/?post_type=product&#038;p=25248"},"modified":"2026-02-12T23:11:34","modified_gmt":"2026-02-13T04:11:34","slug":"a-309-knobloch-400adc-carbon","status":"publish","type":"product","link":"https:\/\/www.grandsalondeguitare.com\/fr\/produit\/a-309-knobloch-400adc-carbon\/","title":{"rendered":"A-309, Knobloch 400ADC-Carbon"},"content":{"rendered":"<p><strong>ACTIVES Double Silver<\/strong><\/p>\n<p><strong>400ADC Medium-High Tension 34.0<\/strong><\/p>\n<p><strong>CORDES DE BASSE :<\/strong> Actives Double Silver, Brillant-Clear<\/p>\n<p><strong>CORDES AIGU\u00cbS :<\/strong> CX Carbon, Brilliant-Singing<\/p>\n<p>Con\u00e7us pour les guitaristes qui cherchent \u00e0 ajouter du volume, de la puissance et de la clart\u00e9 \u00e0 leur son de guitare.<\/p>\n<p><strong>Combinaison sonore\u00a0:<\/strong><\/p>\n<p>Des basses brillantes et claires renforcent des aigus pleins et chantants.<br \/>\nLe r\u00e9sultat est un son net et d\u00e9fini avec beaucoup de projection avec un vibrato facile et chantant.<\/p>\n<p><strong>Caract\u00e9ristiques:<\/strong><\/p>\n<p>Son brillant homog\u00e8ne entre les graves et les aigus<br \/>\nBrillant, clair et chantant<\/p>\n<p><strong>Jouabilit\u00e9\u00a0:<\/strong><\/p>\n<p>Ensemble bien \u00e9quilibr\u00e9, facile \u00e0 jouer \u00e0 la fois \u00e0 la main gauche et \u00e0 la main droite<br \/>\nLa ligne de signature de Knobloch, ACTIVES, pr\u00e9sente toutes les caract\u00e9ristiques de leurs cordes de haute qualit\u00e9 : intonation impeccable, durabilit\u00e9 impressionnante, projection am\u00e9lior\u00e9e et grande jouabilit\u00e9.<\/p>\n<p>D\u00e9couvrez la diff\u00e9rence que font ces cordes habilement con\u00e7ues, ressentez la vibration \u00e0 travers vos doigts. Lib\u00e9rez votre cr\u00e9ativit\u00e9 musicale.<\/p>\n<table id=\"footable_1297\" class=\"foo-table ninja_footable foo_table_1297 ninja_table_unique_id_1503015434_1297 ui table nt_type_ajax_table striped vertical_centered footable-paging-right ninja_table_search_disabled footable footable-1 footable-paging breakpoint-lg\" style=\"width: 100%;\" data-ninja_table_instance=\"ninja_table_instance_0\" data-footable_id=\"1297\" data-filter-delay=\"1000\" aria-label=\"400ADC 34.0 Medium-High Tension\" data-unique_identifier=\"ninja_table_unique_id_1503015434_1297\">\n<thead>\n<tr class=\"footable-header\">\n<th class=\"ninja_column_0 ninja_clmn_nm_note footable-first-visible\" style=\"width: 4.8478015783540025%;\" scope=\"col\">Note<\/th>\n<th class=\"ninja_column_1 ninja_clmn_nm_code\" style=\"width: 7.215332581736189%;\" scope=\"col\">Code<\/th>\n<th class=\"ninja_column_2 ninja_clmn_nm_tension\" style=\"width: 13.303269447576099%;\" scope=\"col\">Tension<\/th>\n<th class=\"ninja_column_3 ninja_clmn_nm_name\" style=\"width: 13.303269447576099%;\" scope=\"col\">Name<\/th>\n<th class=\"ninja_column_4 ninja_clmn_nm_tone\" style=\"width: 12.73957158962796%;\" scope=\"col\">Tone<\/th>\n<th class=\"ninja_column_5 ninja_clmn_nm_elasticity\" style=\"width: 9.244644870349493%;\" scope=\"col\">Elasticity<\/th>\n<th class=\"ninja_column_6 ninja_clmn_nm_mm\" style=\"width: 11.837655016910936%;\" scope=\"col\">mm<\/th>\n<th class=\"ninja_column_7 ninja_clmn_nm_inches\" style=\"width: 8.90642615558061%;\" scope=\"col\">Inches<\/th>\n<th class=\"ninja_column_8 ninja_clmn_nm_kg\" style=\"width: 8.117249154453212%;\" scope=\"col\">Kg<\/th>\n<th class=\"ninja_column_9 ninja_clmn_nm_lbs footable-last-visible\" style=\"width: 7.891770011273957%;\" scope=\"col\">Lbs<\/th>\n<\/tr>\n<\/thead>\n<colgroup>\n<col class=\"ninja_column_0 \" \/>\n<col class=\"ninja_column_1 \" \/>\n<col class=\"ninja_column_2 \" \/>\n<col class=\"ninja_column_3 \" \/>\n<col class=\"ninja_column_4 \" \/>\n<col class=\"ninja_column_5 \" \/>\n<col class=\"ninja_column_6 \" \/>\n<col class=\"ninja_column_7 \" \/>\n<col class=\"ninja_column_8 \" \/>\n<col class=\"ninja_column_9 \" \/><\/colgroup>\n<tfoot><\/tfoot>\n<tbody>\n<tr class=\"ninja_table_row_0 nt_row_id_389\">\n<td class=\"ninja_column_0 ninja_clmn_nm_note footable-first-visible\" style=\"width: 4.8478015783540025%;\">E1<\/td>\n<td class=\"ninja_column_1 ninja_clmn_nm_code\" style=\"width: 7.215332581736189%;\">401ACX<\/td>\n<td class=\"ninja_column_2 ninja_clmn_nm_tension\" style=\"width: 13.303269447576099%;\">Medium-High<\/td>\n<td class=\"ninja_column_3 ninja_clmn_nm_name\" style=\"width: 13.303269447576099%;\">CX Carbon<\/td>\n<td class=\"ninja_column_4 ninja_clmn_nm_tone\" style=\"width: 12.73957158962796%;\">Brillant<\/td>\n<td class=\"ninja_column_5 ninja_clmn_nm_elasticity\" style=\"width: 9.244644870349493%;\">Medium<\/td>\n<td class=\"ninja_column_6 ninja_clmn_nm_mm\" style=\"width: 11.837655016910936%;\">0.62<\/td>\n<td class=\"ninja_column_7 ninja_clmn_nm_inches\" style=\"width: 8.90642615558061%;\">.024<\/td>\n<td class=\"ninja_column_8 ninja_clmn_nm_kg\" style=\"width: 8.117249154453212%;\">9.86<\/td>\n<td class=\"ninja_column_9 ninja_clmn_nm_lbs footable-last-visible\" style=\"width: 7.891770011273957%;\">21.80<\/td>\n<\/tr>\n<tr class=\"ninja_table_row_1 nt_row_id_390\">\n<td class=\"ninja_column_0 ninja_clmn_nm_note footable-first-visible\" style=\"width: 4.8478015783540025%;\">B2<\/td>\n<td class=\"ninja_column_1 ninja_clmn_nm_code\" style=\"width: 7.215332581736189%;\">402ACX<\/td>\n<td class=\"ninja_column_2 ninja_clmn_nm_tension\" style=\"width: 13.303269447576099%;\">Medium-High<\/td>\n<td class=\"ninja_column_3 ninja_clmn_nm_name\" style=\"width: 13.303269447576099%;\">CX Carbon<\/td>\n<td class=\"ninja_column_4 ninja_clmn_nm_tone\" style=\"width: 12.73957158962796%;\">Brillant<\/td>\n<td class=\"ninja_column_5 ninja_clmn_nm_elasticity\" style=\"width: 9.244644870349493%;\">Medium<\/td>\n<td class=\"ninja_column_6 ninja_clmn_nm_mm\" style=\"width: 11.837655016910936%;\">0.69<\/td>\n<td class=\"ninja_column_7 ninja_clmn_nm_inches\" style=\"width: 8.90642615558061%;\">.027<\/td>\n<td class=\"ninja_column_8 ninja_clmn_nm_kg\" style=\"width: 8.117249154453212%;\">7.09<\/td>\n<td class=\"ninja_column_9 ninja_clmn_nm_lbs footable-last-visible\" style=\"width: 7.891770011273957%;\">15.68<\/td>\n<\/tr>\n<tr class=\"ninja_table_row_2 nt_row_id_391\">\n<td class=\"ninja_column_0 ninja_clmn_nm_note footable-first-visible\" style=\"width: 4.8478015783540025%;\">C3<\/td>\n<td class=\"ninja_column_1 ninja_clmn_nm_code\" style=\"width: 7.215332581736189%;\">403ACX<\/td>\n<td class=\"ninja_column_2 ninja_clmn_nm_tension\" style=\"width: 13.303269447576099%;\">Medium-High<\/td>\n<td class=\"ninja_column_3 ninja_clmn_nm_name\" style=\"width: 13.303269447576099%;\">CX Carbon<\/td>\n<td class=\"ninja_column_4 ninja_clmn_nm_tone\" style=\"width: 12.73957158962796%;\">Brillant<\/td>\n<td class=\"ninja_column_5 ninja_clmn_nm_elasticity\" style=\"width: 9.244644870349493%;\">Medium<\/td>\n<td class=\"ninja_column_6 ninja_clmn_nm_mm\" style=\"width: 11.837655016910936%;\">0.84<\/td>\n<td class=\"ninja_column_7 ninja_clmn_nm_inches\" style=\"width: 8.90642615558061%;\">.033<\/td>\n<td class=\"ninja_column_8 ninja_clmn_nm_kg\" style=\"width: 8.117249154453212%;\">6.60<\/td>\n<td class=\"ninja_column_9 ninja_clmn_nm_lbs footable-last-visible\" style=\"width: 7.891770011273957%;\">14.60<\/td>\n<\/tr>\n<tr class=\"ninja_table_row_3 nt_row_id_392\">\n<td class=\"ninja_column_0 ninja_clmn_nm_note footable-first-visible\" style=\"width: 4.8478015783540025%;\">D4<\/td>\n<td class=\"ninja_column_1 ninja_clmn_nm_code\" style=\"width: 7.215332581736189%;\">404ADS<\/td>\n<td class=\"ninja_column_2 ninja_clmn_nm_tension\" style=\"width: 13.303269447576099%;\">Medium-High<\/td>\n<td class=\"ninja_column_3 ninja_clmn_nm_name\" style=\"width: 13.303269447576099%;\">Actives<\/td>\n<td class=\"ninja_column_4 ninja_clmn_nm_tone\" style=\"width: 12.73957158962796%;\">Natural<\/td>\n<td class=\"ninja_column_5 ninja_clmn_nm_elasticity\" style=\"width: 9.244644870349493%;\">Medium<\/td>\n<td class=\"ninja_column_6 ninja_clmn_nm_mm\" style=\"width: 11.837655016910936%;\">0.70<\/td>\n<td class=\"ninja_column_7 ninja_clmn_nm_inches\" style=\"width: 8.90642615558061%;\">.028<\/td>\n<td class=\"ninja_column_8 ninja_clmn_nm_kg\" style=\"width: 8.117249154453212%;\">6.71<\/td>\n<td class=\"ninja_column_9 ninja_clmn_nm_lbs footable-last-visible\" style=\"width: 7.891770011273957%;\">14.84<\/td>\n<\/tr>\n<tr class=\"ninja_table_row_4 nt_row_id_393\">\n<td class=\"ninja_column_0 ninja_clmn_nm_note footable-first-visible\" style=\"width: 4.8478015783540025%;\">A5<\/td>\n<td class=\"ninja_column_1 ninja_clmn_nm_code\" style=\"width: 7.215332581736189%;\">405ADS<\/td>\n<td class=\"ninja_column_2 ninja_clmn_nm_tension\" style=\"width: 13.303269447576099%;\">Medium-High<\/td>\n<td class=\"ninja_column_3 ninja_clmn_nm_name\" style=\"width: 13.303269447576099%;\">Actives<\/td>\n<td class=\"ninja_column_4 ninja_clmn_nm_tone\" style=\"width: 12.73957158962796%;\">Natural<\/td>\n<td class=\"ninja_column_5 ninja_clmn_nm_elasticity\" style=\"width: 9.244644870349493%;\">Medium<\/td>\n<td class=\"ninja_column_6 ninja_clmn_nm_mm\" style=\"width: 11.837655016910936%;\">0.84<\/td>\n<td class=\"ninja_column_7 ninja_clmn_nm_inches\" style=\"width: 8.90642615558061%;\">.033<\/td>\n<td class=\"ninja_column_8 ninja_clmn_nm_kg\" style=\"width: 8.117249154453212%;\">6.67<\/td>\n<td class=\"ninja_column_9 ninja_clmn_nm_lbs footable-last-visible\" style=\"width: 7.891770011273957%;\">14.75<\/td>\n<\/tr>\n<tr class=\"ninja_table_row_5 nt_row_id_394\">\n<td class=\"ninja_column_0 ninja_clmn_nm_note footable-first-visible\" style=\"width: 4.8478015783540025%;\">E6<\/td>\n<td class=\"ninja_column_1 ninja_clmn_nm_code\" style=\"width: 7.215332581736189%;\">406ADS<\/td>\n<td class=\"ninja_column_2 ninja_clmn_nm_tension\" style=\"width: 13.303269447576099%;\">Medium-High<\/td>\n<td class=\"ninja_column_3 ninja_clmn_nm_name\" style=\"width: 13.303269447576099%;\">Actives<\/td>\n<td class=\"ninja_column_4 ninja_clmn_nm_tone\" style=\"width: 12.73957158962796%;\">Natural<\/td>\n<td class=\"ninja_column_5 ninja_clmn_nm_elasticity\" style=\"width: 9.244644870349493%;\">Medium<\/td>\n<td class=\"ninja_column_6 ninja_clmn_nm_mm\" style=\"width: 11.837655016910936%;\">1.10<\/td>\n<td class=\"ninja_column_7 ninja_clmn_nm_inches\" style=\"width: 8.90642615558061%;\">.043<\/td>\n<td class=\"ninja_column_8 ninja_clmn_nm_kg\" style=\"width: 8.117249154453212%;\">6.95<\/td>\n<td class=\"ninja_column_9 ninja_clmn_nm_lbs footable-last-visible\" style=\"width: 7.891770011273957%;\">15.36<\/td>\n<\/tr>\n<tr class=\"ninja_table_row_6 nt_row_id_395\">\n<td class=\"ninja_column_0 ninja_clmn_nm_note footable-first-visible\" style=\"width: 4.8478015783540025%;\">Note<\/td>\n<td class=\"ninja_column_1 ninja_clmn_nm_code\" style=\"width: 7.215332581736189%;\">Code<\/td>\n<td class=\"ninja_column_2 ninja_clmn_nm_tension\" style=\"width: 13.303269447576099%;\">Minimum settle time<\/td>\n<td class=\"ninja_column_3 ninja_clmn_nm_name\" style=\"width: 13.303269447576099%;\">Optimum Settle time<\/td>\n<td class=\"ninja_column_4 ninja_clmn_nm_tone\" style=\"width: 12.73957158962796%;\">Material<\/td>\n<td class=\"ninja_column_5 ninja_clmn_nm_elasticity\" style=\"width: 9.244644870349493%;\">Plating<\/td>\n<td class=\"ninja_column_6 ninja_clmn_nm_mm\" style=\"width: 11.837655016910936%;\">Core<\/td>\n<td class=\"ninja_column_7 ninja_clmn_nm_inches\" style=\"width: 8.90642615558061%;\">Texture<\/td>\n<td class=\"ninja_column_8 ninja_clmn_nm_kg\" style=\"width: 8.117249154453212%;\">Winding<\/td>\n<td class=\"ninja_column_9 ninja_clmn_nm_lbs footable-last-visible\" style=\"width: 7.891770011273957%;\">Allergens<\/td>\n<\/tr>\n<tr class=\"ninja_table_row_7 nt_row_id_396\">\n<td class=\"ninja_column_0 ninja_clmn_nm_note footable-first-visible\" style=\"width: 4.8478015783540025%;\">E1<\/td>\n<td class=\"ninja_column_1 ninja_clmn_nm_code\" style=\"width: 7.215332581736189%;\">401ACX<\/td>\n<td class=\"ninja_column_2 ninja_clmn_nm_tension\" style=\"width: 13.303269447576099%;\">12H<\/td>\n<td class=\"ninja_column_3 ninja_clmn_nm_name\" style=\"width: 13.303269447576099%;\">3 days<\/td>\n<td class=\"ninja_column_4 ninja_clmn_nm_tone\" style=\"width: 12.73957158962796%;\">Fluro-Carbone<\/td>\n<td class=\"ninja_column_5 ninja_clmn_nm_elasticity\" style=\"width: 9.244644870349493%;\"><\/td>\n<td class=\"ninja_column_6 ninja_clmn_nm_mm\" style=\"width: 11.837655016910936%;\">Monofilament<\/td>\n<td class=\"ninja_column_7 ninja_clmn_nm_inches\" style=\"width: 8.90642615558061%;\">Smooth<\/td>\n<td class=\"ninja_column_8 ninja_clmn_nm_kg\" style=\"width: 8.117249154453212%;\">\/\/\/\/\/\/\/\/\/<\/td>\n<td class=\"ninja_column_9 ninja_clmn_nm_lbs footable-last-visible\" style=\"width: 7.891770011273957%;\"><\/td>\n<\/tr>\n<tr class=\"ninja_table_row_8 nt_row_id_397\">\n<td class=\"ninja_column_0 ninja_clmn_nm_note footable-first-visible\" style=\"width: 4.8478015783540025%;\">B2<\/td>\n<td class=\"ninja_column_1 ninja_clmn_nm_code\" style=\"width: 7.215332581736189%;\">402ACX<\/td>\n<td class=\"ninja_column_2 ninja_clmn_nm_tension\" style=\"width: 13.303269447576099%;\">12H<\/td>\n<td class=\"ninja_column_3 ninja_clmn_nm_name\" style=\"width: 13.303269447576099%;\">3 days<\/td>\n<td class=\"ninja_column_4 ninja_clmn_nm_tone\" style=\"width: 12.73957158962796%;\">Fluro-Carbone<\/td>\n<td class=\"ninja_column_5 ninja_clmn_nm_elasticity\" style=\"width: 9.244644870349493%;\"><\/td>\n<td class=\"ninja_column_6 ninja_clmn_nm_mm\" style=\"width: 11.837655016910936%;\">Monofilament<\/td>\n<td class=\"ninja_column_7 ninja_clmn_nm_inches\" style=\"width: 8.90642615558061%;\">Smooth<\/td>\n<td class=\"ninja_column_8 ninja_clmn_nm_kg\" style=\"width: 8.117249154453212%;\">\/\/\/\/\/\/\/\/\/<\/td>\n<td class=\"ninja_column_9 ninja_clmn_nm_lbs footable-last-visible\" style=\"width: 7.891770011273957%;\"><\/td>\n<\/tr>\n<tr class=\"ninja_table_row_9 nt_row_id_398\">\n<td class=\"ninja_column_0 ninja_clmn_nm_note footable-first-visible\" style=\"width: 4.8478015783540025%;\">C3<\/td>\n<td class=\"ninja_column_1 ninja_clmn_nm_code\" style=\"width: 7.215332581736189%;\">403ACX<\/td>\n<td class=\"ninja_column_2 ninja_clmn_nm_tension\" style=\"width: 13.303269447576099%;\">12H<\/td>\n<td class=\"ninja_column_3 ninja_clmn_nm_name\" style=\"width: 13.303269447576099%;\">3 days<\/td>\n<td class=\"ninja_column_4 ninja_clmn_nm_tone\" style=\"width: 12.73957158962796%;\">Fluro-Carbone<\/td>\n<td class=\"ninja_column_5 ninja_clmn_nm_elasticity\" style=\"width: 9.244644870349493%;\"><\/td>\n<td class=\"ninja_column_6 ninja_clmn_nm_mm\" style=\"width: 11.837655016910936%;\">Monofilament<\/td>\n<td class=\"ninja_column_7 ninja_clmn_nm_inches\" style=\"width: 8.90642615558061%;\">Smooth<\/td>\n<td class=\"ninja_column_8 ninja_clmn_nm_kg\" style=\"width: 8.117249154453212%;\">\/\/\/\/\/\/\/\/\/<\/td>\n<td class=\"ninja_column_9 ninja_clmn_nm_lbs footable-last-visible\" style=\"width: 7.891770011273957%;\"><\/td>\n<\/tr>\n<tr class=\"ninja_table_row_10 nt_row_id_399\">\n<td class=\"ninja_column_0 ninja_clmn_nm_note footable-first-visible\" style=\"width: 4.8478015783540025%;\">D4<\/td>\n<td class=\"ninja_column_1 ninja_clmn_nm_code\" style=\"width: 7.215332581736189%;\">404ADS<\/td>\n<td class=\"ninja_column_2 ninja_clmn_nm_tension\" style=\"width: 13.303269447576099%;\">12H<\/td>\n<td class=\"ninja_column_3 ninja_clmn_nm_name\" style=\"width: 13.303269447576099%;\">3 days<\/td>\n<td class=\"ninja_column_4 ninja_clmn_nm_tone\" style=\"width: 12.73957158962796%;\">Actives cupper Alloy<\/td>\n<td class=\"ninja_column_5 ninja_clmn_nm_elasticity\" style=\"width: 9.244644870349493%;\">Double Silver<\/td>\n<td class=\"ninja_column_6 ninja_clmn_nm_mm\" style=\"width: 11.837655016910936%;\">Composite Core<\/td>\n<td class=\"ninja_column_7 ninja_clmn_nm_inches\" style=\"width: 8.90642615558061%;\">Round wound<\/td>\n<td class=\"ninja_column_8 ninja_clmn_nm_kg\" style=\"width: 8.117249154453212%;\">\/\/\/\/\/\/\/\/\/<\/td>\n<td class=\"ninja_column_9 ninja_clmn_nm_lbs footable-last-visible\" style=\"width: 7.891770011273957%;\"><\/td>\n<\/tr>\n<tr class=\"ninja_table_row_11 nt_row_id_400\">\n<td class=\"ninja_column_0 ninja_clmn_nm_note footable-first-visible\" style=\"width: 4.8478015783540025%;\">A5<\/td>\n<td class=\"ninja_column_1 ninja_clmn_nm_code\" style=\"width: 7.215332581736189%;\">405ADS<\/td>\n<td class=\"ninja_column_2 ninja_clmn_nm_tension\" style=\"width: 13.303269447576099%;\">12H<\/td>\n<td class=\"ninja_column_3 ninja_clmn_nm_name\" style=\"width: 13.303269447576099%;\">3 days<\/td>\n<td class=\"ninja_column_4 ninja_clmn_nm_tone\" style=\"width: 12.73957158962796%;\">Actives cupper Alloy<\/td>\n<td class=\"ninja_column_5 ninja_clmn_nm_elasticity\" style=\"width: 9.244644870349493%;\">Double Silver<\/td>\n<td class=\"ninja_column_6 ninja_clmn_nm_mm\" style=\"width: 11.837655016910936%;\">Composite Core<\/td>\n<td class=\"ninja_column_7 ninja_clmn_nm_inches\" style=\"width: 8.90642615558061%;\">Round wound<\/td>\n<td class=\"ninja_column_8 ninja_clmn_nm_kg\" style=\"width: 8.117249154453212%;\">\/\/\/\/\/\/\/\/\/<\/td>\n<td class=\"ninja_column_9 ninja_clmn_nm_lbs footable-last-visible\" style=\"width: 7.891770011273957%;\"><\/td>\n<\/tr>\n<tr class=\"ninja_table_row_12 nt_row_id_401\">\n<td class=\"ninja_column_0 ninja_clmn_nm_note footable-first-visible\" style=\"width: 4.8478015783540025%;\">E6<\/td>\n<td class=\"ninja_column_1 ninja_clmn_nm_code\" style=\"width: 7.215332581736189%;\">406ADS<\/td>\n<td class=\"ninja_column_2 ninja_clmn_nm_tension\" style=\"width: 13.303269447576099%;\">12H<\/td>\n<td class=\"ninja_column_3 ninja_clmn_nm_name\" style=\"width: 13.303269447576099%;\">3 days<\/td>\n<td class=\"ninja_column_4 ninja_clmn_nm_tone\" style=\"width: 12.73957158962796%;\">Actives cupper Alloy<\/td>\n<td class=\"ninja_column_5 ninja_clmn_nm_elasticity\" style=\"width: 9.244644870349493%;\">Double Silver<\/td>\n<td class=\"ninja_column_6 ninja_clmn_nm_mm\" style=\"width: 11.837655016910936%;\">Composite Core<\/td>\n<td class=\"ninja_column_7 ninja_clmn_nm_inches\" style=\"width: 8.90642615558061%;\">Round wound<\/td>\n<td class=\"ninja_column_8 ninja_clmn_nm_kg\" style=\"width: 8.117249154453212%;\">\/\/\/\/\/\/\/\/\/<\/td>\n<\/tr>\n<\/tbody>\n<\/table>\n","protected":false},"excerpt":{"rendered":"<p><strong>ACTIVES Double Silver<\/strong><\/p>\n<p><strong>400ADC Medium-High Tension 34.0<\/strong><\/p>\n","protected":false},"featured_media":25251,"comment_status":"closed","ping_status":"closed","template":"","meta":{"_mo_disable_npp":""},"product_brand":[],"product_cat":[1052,1054],"product_tag":[],"class_list":{"0":"post-25248","1":"product","2":"type-product","3":"status-publish","4":"has-post-thumbnail","6":"product_cat-accessoires","7":"product_cat-cordes","8":"sales-flash-overlay","9":"woocommerce-text-align-left","10":"woocommerce-image-align-center","11":"do-quantity-buttons","13":"first","14":"instock","15":"taxable","16":"shipping-taxable","17":"purchasable","18":"product-type-simple"},"_links":{"self":[{"href":"https:\/\/www.grandsalondeguitare.com\/fr\/wp-json\/wp\/v2\/product\/25248","targetHints":{"allow":["GET"]}}],"collection":[{"href":"https:\/\/www.grandsalondeguitare.com\/fr\/wp-json\/wp\/v2\/product"}],"about":[{"href":"https:\/\/www.grandsalondeguitare.com\/fr\/wp-json\/wp\/v2\/types\/product"}],"replies":[{"embeddable":true,"href":"https:\/\/www.grandsalondeguitare.com\/fr\/wp-json\/wp\/v2\/comments?post=25248"}],"wp:featuredmedia":[{"embeddable":true,"href":"https:\/\/www.grandsalondeguitare.com\/fr\/wp-json\/wp\/v2\/media\/25251"}],"wp:attachment":[{"href":"https:\/\/www.grandsalondeguitare.com\/fr\/wp-json\/wp\/v2\/media?parent=25248"}],"wp:term":[{"taxonomy":"product_brand","embeddable":true,"href":"https:\/\/www.grandsalondeguitare.com\/fr\/wp-json\/wp\/v2\/product_brand?post=25248"},{"taxonomy":"product_cat","embeddable":true,"href":"https:\/\/www.grandsalondeguitare.com\/fr\/wp-json\/wp\/v2\/product_cat?post=25248"},{"taxonomy":"product_tag","embeddable":true,"href":"https:\/\/www.grandsalondeguitare.com\/fr\/wp-json\/wp\/v2\/product_tag?post=25248"}],"curies":[{"name":"wp","href":"https:\/\/api.w.org\/{rel}","templated":true}]}}