{"id":25239,"date":"2022-04-08T18:55:52","date_gmt":"2022-04-08T23:55:52","guid":{"rendered":"https:\/\/www.grandsalondeguitare.com\/?post_type=product&#038;p=25239"},"modified":"2026-01-09T21:04:08","modified_gmt":"2026-01-10T02:04:08","slug":"a-301-knobloch-edq-34-0-qz-nylon-copy-3","status":"publish","type":"product","link":"https:\/\/www.grandsalondeguitare.com\/fr\/produit\/a-301-knobloch-edq-34-0-qz-nylon-copy-3\/","title":{"rendered":"A-307, Knobloch 400ADQ-Nylon"},"content":{"rendered":"<p><strong>ACTIVES Double Silver<\/strong><br \/>\n<strong>400ADQ Medium-High Tension 34.0<\/strong><\/p>\n<p><strong>CORDES BASSES:<\/strong>\u00a0Actives Double Silver, Brillant \u00b7 Transparent<\/p>\n<p><strong>CORDES AIGU\u00cbS:<\/strong> QZ Nylon, Mellow \u00b7 Round<\/p>\n<p>Con\u00e7u pour les guitaristes \u00e0 la recherche d&rsquo;une voix haute r\u00e9sonnante et lyrique, contrast\u00e9e avec un registre de basse plus brillant.<\/p>\n<p><strong>Combinaison sonore\u00a0:<\/strong><\/p>\n<p>Le lyrisme tout en rondeur des aigus QZ adoucit la brillance des Actives Basses.<br \/>\nLe r\u00e9sultat est une combinaison qui produit un son plus doux qui est toujours plein, puissant et intense.<\/p>\n<p><strong>Caract\u00e9ristiques:<\/strong><\/p>\n<p>Les aigus lyriques adoucissent les basses brillantes<br \/>\nRond, naturel et brillant<\/p>\n<p><strong>Jouabilit\u00e9\u00a0:<\/strong><\/p>\n<p>Ensemble bien \u00e9quilibr\u00e9, facile \u00e0 jouer \u00e0 la fois \u00e0 la main gauche et \u00e0 la main droite<br \/>\nLa ligne de signature de Knobloch, ACTIVES, pr\u00e9sente toutes les caract\u00e9ristiques de leurs cordes de haute qualit\u00e9 : intonation impeccable, durabilit\u00e9 impressionnante, projection am\u00e9lior\u00e9e et grande jouabilit\u00e9.<\/p>\n<p>D\u00e9couvrez la diff\u00e9rence que font ces cordes habilement con\u00e7ues, ressentez la vibration \u00e0 travers vos doigts. Lib\u00e9rez votre cr\u00e9ativit\u00e9 musicale.<\/p>\n<p><img decoding=\"async\" src=\"https:\/\/static.wixstatic.com\/media\/27345e_dd74217c2a6442a18352b7a978045ad1~mv2.jpg\/v1\/fill\/w_989,h_699,al_c,q_85,usm_0.66_1.00_0.01\/27345e_dd74217c2a6442a18352b7a978045ad1~mv2.jpg\" \/><\/p>\n","protected":false},"excerpt":{"rendered":"<p><strong>ACTIVES Double Silver<\/strong><br \/>\n<strong>400ADQ Medium-High Tension 34.0<\/strong><\/p>\n<p>&nbsp;<\/p>\n","protected":false},"featured_media":25241,"comment_status":"closed","ping_status":"closed","template":"","meta":{"_mo_disable_npp":""},"product_brand":[],"product_cat":[1052,1054],"product_tag":[],"class_list":{"0":"post-25239","1":"product","2":"type-product","3":"status-publish","4":"has-post-thumbnail","6":"product_cat-accessoires","7":"product_cat-cordes","8":"sales-flash-overlay","9":"woocommerce-text-align-left","10":"woocommerce-image-align-center","11":"do-quantity-buttons","13":"first","14":"instock","15":"taxable","16":"shipping-taxable","17":"purchasable","18":"product-type-simple"},"_links":{"self":[{"href":"https:\/\/www.grandsalondeguitare.com\/fr\/wp-json\/wp\/v2\/product\/25239","targetHints":{"allow":["GET"]}}],"collection":[{"href":"https:\/\/www.grandsalondeguitare.com\/fr\/wp-json\/wp\/v2\/product"}],"about":[{"href":"https:\/\/www.grandsalondeguitare.com\/fr\/wp-json\/wp\/v2\/types\/product"}],"replies":[{"embeddable":true,"href":"https:\/\/www.grandsalondeguitare.com\/fr\/wp-json\/wp\/v2\/comments?post=25239"}],"wp:featuredmedia":[{"embeddable":true,"href":"https:\/\/www.grandsalondeguitare.com\/fr\/wp-json\/wp\/v2\/media\/25241"}],"wp:attachment":[{"href":"https:\/\/www.grandsalondeguitare.com\/fr\/wp-json\/wp\/v2\/media?parent=25239"}],"wp:term":[{"taxonomy":"product_brand","embeddable":true,"href":"https:\/\/www.grandsalondeguitare.com\/fr\/wp-json\/wp\/v2\/product_brand?post=25239"},{"taxonomy":"product_cat","embeddable":true,"href":"https:\/\/www.grandsalondeguitare.com\/fr\/wp-json\/wp\/v2\/product_cat?post=25239"},{"taxonomy":"product_tag","embeddable":true,"href":"https:\/\/www.grandsalondeguitare.com\/fr\/wp-json\/wp\/v2\/product_tag?post=25239"}],"curies":[{"name":"wp","href":"https:\/\/api.w.org\/{rel}","templated":true}]}}