{"id":25233,"date":"2022-04-08T18:39:07","date_gmt":"2022-04-08T23:39:07","guid":{"rendered":"https:\/\/www.grandsalondeguitare.com\/?post_type=product&#038;p=25233"},"modified":"2024-06-19T12:48:12","modified_gmt":"2024-06-19T17:48:12","slug":"a-306-knobloch-duo-assad-tension-fort","status":"publish","type":"product","link":"https:\/\/www.grandsalondeguitare.com\/fr\/produit\/a-306-knobloch-duo-assad-tension-fort\/","title":{"rendered":"A-306, Knobloch \u00ab\u00a0Duo Assad\u00a0\u00bb Tension Fort"},"content":{"rendered":"<p><strong>DUO ASSAD<\/strong><br \/>\n<strong>DA 34.5 Tension Fort<\/strong><\/p>\n<p><strong>Cordes basses :<\/strong> Triple Silver, Chaude-Genereux<\/p>\n<p><strong>Cordes aigues :<\/strong> BIO Nylon, Pure-Naturel<\/p>\n<p>Ces cordes durables vous invitent, vous et votre guitare, \u00e0 une conversation intime d&rsquo;une qualit\u00e9 extraordinaire.<\/p>\n<p><strong>Combinaison sonore\u00a0:<\/strong><\/p>\n<p>Le Triple Silver des basses DA ajoute une autre dimension de profondeur au son de la guitare.<br \/>\nLes aigus DA BIO Nylon tissent leur sonorit\u00e9 pure dans et tout au long de cette r\u00e9sonance g\u00e9n\u00e9reuse.<br \/>\nLe r\u00e9sultat est un son r\u00e9sonnant et naturel qui joue en douceur sur la main droite.<\/p>\n<p><strong>Caract\u00e9ristiques:<\/strong><\/p>\n<p>R\u00e9sonance naturelle \u00e9mergeant de basses chaudes et d&rsquo;aigus purs<br \/>\nChaleureux, G\u00e9n\u00e9reux et Pur<\/p>\n<p>Jouabilit\u00e9\u00a0:<\/p>\n<p>Ensemble bien \u00e9quilibr\u00e9, facile \u00e0 jouer \u00e0 la fois \u00e0 la main gauche et \u00e0 la main droite<br \/>\nLes cordes DUO ASSAD sont le fruit d&rsquo;une belle rencontre entre des personnes qui partagent et cultivent les m\u00eames valeurs.<\/p>\n<p>Les guitaristes constateront que le changement de direction de l&rsquo;enroulement des cordes de basse r\u00e9duit le bruit de la main droite et s&rsquo;adapte plus naturellement \u00e0 la position de la main droite de nombreux guitaristes.<img decoding=\"async\" src=\"https:\/\/static.wixstatic.com\/media\/27345e_793a0b083b2e434eac217492dbed2d0e~mv2.jpg\/v1\/fill\/w_989,h_699,al_c,q_85,usm_0.66_1.00_0.01\/27345e_793a0b083b2e434eac217492dbed2d0e~mv2.jpg\" \/><\/p>\n<p>&nbsp;<\/p>\n","protected":false},"excerpt":{"rendered":"<p>DUO ASSAD DA 34.5 Tension Fort Cordes basses : Triple Silver, Chaude-Genereux Cordes aigues : BIO Nylon, Pure-Naturel Ces cordes durables vous invitent, vous et votre guitare, \u00e0 une conversation intime d&rsquo;une qualit\u00e9 extraordinaire. Combinaison sonore\u00a0: Le Triple Silver des basses DA ajoute une autre dimension de profondeur au son de la guitare. Les aigus &#8230; <a title=\"A-306, Knobloch \u00ab\u00a0Duo Assad\u00a0\u00bb Tension Fort\" class=\"read-more\" href=\"https:\/\/www.grandsalondeguitare.com\/fr\/produit\/a-306-knobloch-duo-assad-tension-fort\/\" aria-label=\"En savoir plus sur A-306, Knobloch \u00ab\u00a0Duo Assad\u00a0\u00bb Tension Fort\">Lire la suite<\/a><\/p>\n","protected":false},"featured_media":25236,"comment_status":"closed","ping_status":"closed","template":"","meta":{"_mo_disable_npp":""},"product_brand":[],"product_cat":[1052,1054],"product_tag":[],"class_list":{"0":"post-25233","1":"product","2":"type-product","3":"status-publish","4":"has-post-thumbnail","6":"product_cat-accessoires","7":"product_cat-cordes","8":"sales-flash-overlay","9":"woocommerce-text-align-left","10":"woocommerce-image-align-center","11":"do-quantity-buttons","13":"first","14":"instock","15":"taxable","16":"shipping-taxable","17":"purchasable","18":"product-type-simple"},"_links":{"self":[{"href":"https:\/\/www.grandsalondeguitare.com\/fr\/wp-json\/wp\/v2\/product\/25233","targetHints":{"allow":["GET"]}}],"collection":[{"href":"https:\/\/www.grandsalondeguitare.com\/fr\/wp-json\/wp\/v2\/product"}],"about":[{"href":"https:\/\/www.grandsalondeguitare.com\/fr\/wp-json\/wp\/v2\/types\/product"}],"replies":[{"embeddable":true,"href":"https:\/\/www.grandsalondeguitare.com\/fr\/wp-json\/wp\/v2\/comments?post=25233"}],"wp:featuredmedia":[{"embeddable":true,"href":"https:\/\/www.grandsalondeguitare.com\/fr\/wp-json\/wp\/v2\/media\/25236"}],"wp:attachment":[{"href":"https:\/\/www.grandsalondeguitare.com\/fr\/wp-json\/wp\/v2\/media?parent=25233"}],"wp:term":[{"taxonomy":"product_brand","embeddable":true,"href":"https:\/\/www.grandsalondeguitare.com\/fr\/wp-json\/wp\/v2\/product_brand?post=25233"},{"taxonomy":"product_cat","embeddable":true,"href":"https:\/\/www.grandsalondeguitare.com\/fr\/wp-json\/wp\/v2\/product_cat?post=25233"},{"taxonomy":"product_tag","embeddable":true,"href":"https:\/\/www.grandsalondeguitare.com\/fr\/wp-json\/wp\/v2\/product_tag?post=25233"}],"curies":[{"name":"wp","href":"https:\/\/api.w.org\/{rel}","templated":true}]}}