{"id":25229,"date":"2022-04-08T18:04:06","date_gmt":"2022-04-08T23:04:06","guid":{"rendered":"https:\/\/www.grandsalondeguitare.com\/?post_type=product&#038;p=25229"},"modified":"2026-02-12T23:11:34","modified_gmt":"2026-02-13T04:11:34","slug":"a-301-knobloch-edq-34-0-qz-nylon-copy-2","status":"publish","type":"product","link":"https:\/\/www.grandsalondeguitare.com\/fr\/produit\/a-301-knobloch-edq-34-0-qz-nylon-copy-2\/","title":{"rendered":"A-305, Knobloch \u00ab\u00a0Leo Brouwer\u00a0\u00bb Med-High"},"content":{"rendered":"<p><strong>LEO BROUWER<\/strong><\/p>\n<p><strong>400LB Medium-High Tension 34.0<\/strong><\/p>\n<p><strong>Cordes basses :<\/strong> LB Double Silver, Brilliant Shine<\/p>\n<p><strong>Cordes aigues :<\/strong> AT Nylon, Lyrical Puissant<\/p>\n<p>La force et la sensibilit\u00e9 des basses LB permettent au musicien d&rsquo;exprimer des \u00e9motions authentiques \u00e0 travers leur puret\u00e9 in\u00e9gal\u00e9e.<\/p>\n<p><strong>Combinaison sonore\u00a0:<\/strong><\/p>\n<p>Cr\u00e9\u00e9es \u00e0 partir d&rsquo;un m\u00e9lange sp\u00e9cial de m\u00e9tal et d&rsquo;un noyau composite, ces cordes ont un son profond et brillant.<br \/>\nLe jeu premium de cordes Nylon AT est un m\u00e9lange parfait entre la douceur du nylon et la force et la brillance des cordes en carbone, r\u00e9sultant en des cordes aigu\u00ebs puissantes et lumineuses.<\/p>\n<p>Ces cordes ont de la projection, de la chaleur et de la brillance<br \/>\nLe r\u00e9sultat global est une combinaison puissante mais sensible avec des basses rayonnantes soutenant des aigus lyriques.<\/p>\n<p><strong>Caract\u00e9ristiques:<\/strong><\/p>\n<p>Des aigus lyriques chantent sur des basses rayonnantes<br \/>\nBrillant, brillant et puissant<\/p>\n<p><strong>Jouabilit\u00e9\u00a0:<\/strong><\/p>\n<p>Ensemble bien \u00e9quilibr\u00e9, facile \u00e0 jouer \u00e0 la fois \u00e0 la main gauche et \u00e0 la main droite<br \/>\nEn l&rsquo;honneur du maestro LEO BROUWER \u00e0 l&rsquo;occasion de son 80e anniversaire, Knobloch Strings a lanc\u00e9 une gamme comm\u00e9morative de cordes de guitare classique de haute qualit\u00e9 pour rendre hommage \u00e0 son h\u00e9ritage et \u00e0 sa production musicale<img decoding=\"async\" src=\"https:\/\/static.wixstatic.com\/media\/27345e_3956d314e8ab47cabfe64f1a525e3c62~mv2.jpg\/v1\/fill\/w_989,h_699,al_c,q_85,usm_0.66_1.00_0.01\/27345e_3956d314e8ab47cabfe64f1a525e3c62~mv2.jpg\" \/><\/p>\n<p>&nbsp;<\/p>\n","protected":false},"excerpt":{"rendered":"<p>LEO BROUWER 400LB Medium-High Tension 34.0 Cordes basses : LB Double Silver, Brilliant Shine Cordes aigues : AT Nylon, Lyrical Puissant La force et la sensibilit\u00e9 des basses LB permettent au musicien d&rsquo;exprimer des \u00e9motions authentiques \u00e0 travers leur puret\u00e9 in\u00e9gal\u00e9e. Combinaison sonore\u00a0: Cr\u00e9\u00e9es \u00e0 partir d&rsquo;un m\u00e9lange sp\u00e9cial de m\u00e9tal et d&rsquo;un noyau composite, &#8230; <a title=\"A-305, Knobloch \u00ab\u00a0Leo Brouwer\u00a0\u00bb Med-High\" class=\"read-more\" href=\"https:\/\/www.grandsalondeguitare.com\/fr\/produit\/a-301-knobloch-edq-34-0-qz-nylon-copy-2\/\" aria-label=\"En savoir plus sur A-305, Knobloch \u00ab\u00a0Leo Brouwer\u00a0\u00bb Med-High\">Lire la suite<\/a><\/p>\n","protected":false},"featured_media":25231,"comment_status":"closed","ping_status":"closed","template":"","meta":{"_mo_disable_npp":""},"product_brand":[],"product_cat":[1052,1054],"product_tag":[],"class_list":{"0":"post-25229","1":"product","2":"type-product","3":"status-publish","4":"has-post-thumbnail","6":"product_cat-accessoires","7":"product_cat-cordes","8":"sales-flash-overlay","9":"woocommerce-text-align-left","10":"woocommerce-image-align-center","11":"do-quantity-buttons","13":"first","14":"instock","15":"taxable","16":"shipping-taxable","17":"purchasable","18":"product-type-simple"},"_links":{"self":[{"href":"https:\/\/www.grandsalondeguitare.com\/fr\/wp-json\/wp\/v2\/product\/25229","targetHints":{"allow":["GET"]}}],"collection":[{"href":"https:\/\/www.grandsalondeguitare.com\/fr\/wp-json\/wp\/v2\/product"}],"about":[{"href":"https:\/\/www.grandsalondeguitare.com\/fr\/wp-json\/wp\/v2\/types\/product"}],"replies":[{"embeddable":true,"href":"https:\/\/www.grandsalondeguitare.com\/fr\/wp-json\/wp\/v2\/comments?post=25229"}],"wp:featuredmedia":[{"embeddable":true,"href":"https:\/\/www.grandsalondeguitare.com\/fr\/wp-json\/wp\/v2\/media\/25231"}],"wp:attachment":[{"href":"https:\/\/www.grandsalondeguitare.com\/fr\/wp-json\/wp\/v2\/media?parent=25229"}],"wp:term":[{"taxonomy":"product_brand","embeddable":true,"href":"https:\/\/www.grandsalondeguitare.com\/fr\/wp-json\/wp\/v2\/product_brand?post=25229"},{"taxonomy":"product_cat","embeddable":true,"href":"https:\/\/www.grandsalondeguitare.com\/fr\/wp-json\/wp\/v2\/product_cat?post=25229"},{"taxonomy":"product_tag","embeddable":true,"href":"https:\/\/www.grandsalondeguitare.com\/fr\/wp-json\/wp\/v2\/product_tag?post=25229"}],"curies":[{"name":"wp","href":"https:\/\/api.w.org\/{rel}","templated":true}]}}