{"id":25217,"date":"2022-04-08T17:39:58","date_gmt":"2022-04-08T22:39:57","guid":{"rendered":"https:\/\/www.grandsalondeguitare.com\/?post_type=product&#038;p=25217"},"modified":"2025-06-13T11:43:43","modified_gmt":"2025-06-13T16:43:43","slug":"a-303-knobloch-luna-flamenca-med-high","status":"publish","type":"product","link":"https:\/\/www.grandsalondeguitare.com\/fr\/produit\/a-303-knobloch-luna-flamenca-med-high\/","title":{"rendered":"A-303, Knobloch \u00ab\u00a0LDS-34.0\u00a0\u00bb MHT"},"content":{"rendered":"<p><strong>LUNA FLAMENCA Double Silver<\/strong><\/p>\n<p><strong>LDN 34.0 <\/strong><\/p>\n<p><strong>Tension Moyen Fort<\/strong><\/p>\n<p><strong>Cordes basses :<\/strong> Luna Double Silver, Sombre &amp; Riche<\/p>\n<p><strong>Cordes aigu\u00ebs :<\/strong> SN Nylon Muted, Sonorous<\/p>\n<p>Pour les guitaristes souhaitant cr\u00e9er un son cors\u00e9 et uniforme sur l&rsquo;ensemble de l&rsquo;instrument\u00a0avec un son assourdi plut\u00f4t que brillant dans les aigus.<\/p>\n<p><strong>Combinaison sonore\u00a0:<\/strong><\/p>\n<p>Le son sombre des Luna Basses se marie parfaitement avec le son sourd mais sonore des aigus SN, cr\u00e9ant un son plein et sombre dans les basses ainsi que dans les aigus.<\/p>\n<p>Cette combinaison est homog\u00e8ne, sonore et r\u00e9sonnante.<\/p>\n<p><strong>Caract\u00e9ristiques:<\/strong><\/p>\n<p>Son homog\u00e8ne sombre et att\u00e9nu\u00e9 entre les graves et les aigus<br \/>\nRiche, sombre et sonore<\/p>\n<p><strong>Jouabilit\u00e9\u00a0:<\/strong><\/p>\n<p>Ensemble bien \u00e9quilibr\u00e9, facile \u00e0 jouer \u00e0 la fois \u00e0 la main gauche et \u00e0 la main droite<\/p>\n<p>La ligne LUNA est cr\u00e9\u00e9e pour les joueurs de flamenco qui veulent un son sonore, sombre et plein.<\/p>\n<p>Le timbre riche et profond transmet, entre autres, un sentiment de myst\u00e8re.<\/p>\n<p>Con\u00e7u pour les musiciens qui cherchent \u00e0 avoir les cordes bien \u00e9quilibr\u00e9es caract\u00e9ristiques de Knobloch pour toutes les occasions &#8211; de la performance live au studio d&rsquo;enregistrement<img decoding=\"async\" src=\"https:\/\/static.wixstatic.com\/media\/27345e_1ec478f78b774561ab2c67078f4fd14c~mv2.jpg\/v1\/fill\/w_989,h_699,al_c,q_85,usm_0.66_1.00_0.01\/27345e_1ec478f78b774561ab2c67078f4fd14c~mv2.jpg\" \/><\/p>\n<p>&nbsp;<\/p>\n","protected":false},"excerpt":{"rendered":"<p><strong>LUNA FLAMENCA Double Silver<\/strong><\/p>\n<p><strong>LDN 34.0 <\/strong><\/p>\n<p><strong>Tension Moyen-Fort<\/strong><\/p>\n","protected":false},"featured_media":25220,"comment_status":"closed","ping_status":"closed","template":"","meta":{"_mo_disable_npp":""},"product_brand":[],"product_cat":[1052,1054],"product_tag":[],"class_list":{"0":"post-25217","1":"product","2":"type-product","3":"status-publish","4":"has-post-thumbnail","6":"product_cat-accessoires","7":"product_cat-cordes","8":"sales-flash-overlay","9":"woocommerce-text-align-left","10":"woocommerce-image-align-center","11":"do-quantity-buttons","13":"first","14":"instock","15":"taxable","16":"shipping-taxable","17":"purchasable","18":"product-type-simple"},"_links":{"self":[{"href":"https:\/\/www.grandsalondeguitare.com\/fr\/wp-json\/wp\/v2\/product\/25217","targetHints":{"allow":["GET"]}}],"collection":[{"href":"https:\/\/www.grandsalondeguitare.com\/fr\/wp-json\/wp\/v2\/product"}],"about":[{"href":"https:\/\/www.grandsalondeguitare.com\/fr\/wp-json\/wp\/v2\/types\/product"}],"replies":[{"embeddable":true,"href":"https:\/\/www.grandsalondeguitare.com\/fr\/wp-json\/wp\/v2\/comments?post=25217"}],"wp:featuredmedia":[{"embeddable":true,"href":"https:\/\/www.grandsalondeguitare.com\/fr\/wp-json\/wp\/v2\/media\/25220"}],"wp:attachment":[{"href":"https:\/\/www.grandsalondeguitare.com\/fr\/wp-json\/wp\/v2\/media?parent=25217"}],"wp:term":[{"taxonomy":"product_brand","embeddable":true,"href":"https:\/\/www.grandsalondeguitare.com\/fr\/wp-json\/wp\/v2\/product_brand?post=25217"},{"taxonomy":"product_cat","embeddable":true,"href":"https:\/\/www.grandsalondeguitare.com\/fr\/wp-json\/wp\/v2\/product_cat?post=25217"},{"taxonomy":"product_tag","embeddable":true,"href":"https:\/\/www.grandsalondeguitare.com\/fr\/wp-json\/wp\/v2\/product_tag?post=25217"}],"curies":[{"name":"wp","href":"https:\/\/api.w.org\/{rel}","templated":true}]}}