{"id":25216,"date":"2022-04-08T17:27:32","date_gmt":"2022-04-08T22:27:32","guid":{"rendered":"https:\/\/www.grandsalondeguitare.com\/?post_type=product&#038;p=25216"},"modified":"2026-02-20T11:58:26","modified_gmt":"2026-02-20T16:58:26","slug":"a-301-knobloch-edq-34-0-qz-nylon-copy","status":"publish","type":"product","link":"https:\/\/www.grandsalondeguitare.com\/fr\/produit\/a-301-knobloch-edq-34-0-qz-nylon-copy\/","title":{"rendered":"A-302, Knobloch EDC 34.0 CX-Carbon"},"content":{"rendered":"<p><strong>ERITHACUS Double Silver<\/strong><\/p>\n<p>EDC 34.0 Medium-High Tension<\/p>\n<p><strong>CORDES DE BASSE:<\/strong>\u00a0ER Double Silver, Naturel \u00b7 Rond<\/p>\n<p><strong>CORDES AIGUS :<\/strong> CX Carbon, chant brillant<\/p>\n<p>Con\u00e7u pour les guitaristes qui ont besoin d&rsquo;une brillance suppl\u00e9mentaire dans les aigus temp\u00e9r\u00e9e par un son plus rond naturel des basses.<\/p>\n<p><strong>Combinaison sonore\u00a0:<\/strong><\/p>\n<p>Les aigus lyriques brillants sont rehauss\u00e9s par la chaleur du son des basses rondes.<br \/>\nLe r\u00e9sultat est un son naturel, rond et lyrique.<\/p>\n<p><strong>Caract\u00e9ristiques:<\/strong><\/p>\n<p>Les aigus chantants ajoutent de la luminosit\u00e9 aux basses chaudes<br \/>\nRond, naturel et brillant<\/p>\n<p><strong>Jouabilit\u00e9\u00a0:<\/strong><\/p>\n<p>Ensemble bien \u00e9quilibr\u00e9, facile \u00e0 jouer \u00e0 la fois \u00e0 la main gauche et \u00e0 la main droite<\/p>\n<p>La ligne <strong>ERITHACUS<\/strong> est cr\u00e9\u00e9e pour les guitaristes qui ont besoin d&rsquo;un son naturel, chaud et rond avec une intonation impeccable, une durabilit\u00e9 et une grande jouabilit\u00e9.<\/p>\n<p>Ces cordes sont polyvalentes et encore plus chaudes que la ligne Actives originale<img decoding=\"async\" src=\"https:\/\/static.wixstatic.com\/media\/27345e_ebfb7102f7f44d03811b6ce840531882~mv2.jpg\/v1\/fill\/w_989,h_699,al_c,q_85,usm_0.66_1.00_0.01\/27345e_ebfb7102f7f44d03811b6ce840531882~mv2.jpg\" \/><\/p>\n<p>&nbsp;<\/p>\n","protected":false},"excerpt":{"rendered":"<p><strong>ERITHACUS Double Silver<\/strong><\/p>\n<p><strong>EDC 34.0 Medium-High Tension<\/strong><\/p>\n<p><strong>CX-Carbon<\/strong><\/p>\n","protected":false},"featured_media":25208,"comment_status":"closed","ping_status":"closed","template":"","meta":{"_mo_disable_npp":""},"product_brand":[],"product_cat":[1052,1054],"product_tag":[],"class_list":{"0":"post-25216","1":"product","2":"type-product","3":"status-publish","4":"has-post-thumbnail","6":"product_cat-accessoires","7":"product_cat-cordes","8":"sales-flash-overlay","9":"woocommerce-text-align-left","10":"woocommerce-image-align-center","11":"do-quantity-buttons","13":"first","14":"instock","15":"taxable","16":"shipping-taxable","17":"purchasable","18":"product-type-simple"},"_links":{"self":[{"href":"https:\/\/www.grandsalondeguitare.com\/fr\/wp-json\/wp\/v2\/product\/25216","targetHints":{"allow":["GET"]}}],"collection":[{"href":"https:\/\/www.grandsalondeguitare.com\/fr\/wp-json\/wp\/v2\/product"}],"about":[{"href":"https:\/\/www.grandsalondeguitare.com\/fr\/wp-json\/wp\/v2\/types\/product"}],"replies":[{"embeddable":true,"href":"https:\/\/www.grandsalondeguitare.com\/fr\/wp-json\/wp\/v2\/comments?post=25216"}],"wp:featuredmedia":[{"embeddable":true,"href":"https:\/\/www.grandsalondeguitare.com\/fr\/wp-json\/wp\/v2\/media\/25208"}],"wp:attachment":[{"href":"https:\/\/www.grandsalondeguitare.com\/fr\/wp-json\/wp\/v2\/media?parent=25216"}],"wp:term":[{"taxonomy":"product_brand","embeddable":true,"href":"https:\/\/www.grandsalondeguitare.com\/fr\/wp-json\/wp\/v2\/product_brand?post=25216"},{"taxonomy":"product_cat","embeddable":true,"href":"https:\/\/www.grandsalondeguitare.com\/fr\/wp-json\/wp\/v2\/product_cat?post=25216"},{"taxonomy":"product_tag","embeddable":true,"href":"https:\/\/www.grandsalondeguitare.com\/fr\/wp-json\/wp\/v2\/product_tag?post=25216"}],"curies":[{"name":"wp","href":"https:\/\/api.w.org\/{rel}","templated":true}]}}