{"id":25156,"date":"2022-04-05T09:54:27","date_gmt":"2022-04-05T14:54:27","guid":{"rendered":"https:\/\/www.grandsalondeguitare.com\/?post_type=product&#038;p=25156"},"modified":"2024-09-13T07:49:07","modified_gmt":"2024-09-13T12:49:07","slug":"a-248-lift-kit-hlk-2-woodside-copy","status":"publish","type":"product","link":"https:\/\/www.grandsalondeguitare.com\/fr\/produit\/a-248-lift-kit-hlk-2-woodside-copy\/","title":{"rendered":"A-299, Woodside AB-2 \u00ab\u00a0Angle Blocks\u00a0\u00bb"},"content":{"rendered":"<div class=\"element-background-layer element-border-target design-element-background-layer has-rich-content user-selectable-element clickable-element has-rich-content has-text\" data-element-id=\"id1612761584219\">\n<div data-element-id=\"id1612761584219\">\n<p>Nouveaux blocs d&rsquo;angle Woodside AB-2<\/p>\n<p>Deux accessoires d&rsquo;angle suppl\u00e9mentaires<\/p>\n<p>Une personnalisation suppl\u00e9mentaire est disponible avec les \u00ab\u00a0AB-2 Angle Blocks\u00a0\u00bb, ce qui est particuli\u00e8rement appr\u00e9ci\u00e9 par les joueurs pr\u00e9f\u00e9rant des positions de jeux plus droite<\/p>\n<p>Avec votre choix de bases d\u00e9cal\u00e9es de 15 ou 25 degr\u00e9s (toutes deux incluses), le m\u00e9canisme \u00e0 rotule et douille Woodside standard peut \u00e9tendre davantage sa plage de r\u00e9glage angulaire standard de 13 degr\u00e9s<\/p>\n<p>\u00c9tant donn\u00e9 que les blocs d&rsquo;angle peuvent \u00eatre mont\u00e9s dans n&rsquo;importe quelle orientation sur le support, vous obtenez une quantit\u00e9 incroyable de r\u00e9glage angulaire ainsi qu&rsquo;une plate-forme tr\u00e8s stable<\/p>\n<p>Instructions d&rsquo;installation et outils inclus<\/p>\n<\/div>\n<\/div>\n<p><a href=\"https:\/\/www.grandsalondeguitare.com\/wp-content\/uploads\/2022\/04\/New-AB-2-Angle-Block-Flyer-2.pdf\">Depliant PDF AB-2<\/a><\/p>\n<p>&nbsp;<\/p>\n","protected":false},"excerpt":{"rendered":"<p>Deux nouveaux blocs d&rsquo;angle AB-2<\/p>\n<p>2 accessoires d&rsquo;angle suppl\u00e9mentaires sont inclus avec des bases d\u00e9cal\u00e9es de 15 ou 25 degr\u00e9s<\/p>\n","protected":false},"featured_media":52306,"comment_status":"open","ping_status":"closed","template":"","meta":{"_mo_disable_npp":""},"product_brand":[],"product_cat":[1052,1069],"product_tag":[],"class_list":{"0":"post-25156","1":"product","2":"type-product","3":"status-publish","4":"has-post-thumbnail","6":"product_cat-accessoires","7":"product_cat-supports-pour-guitare","8":"sales-flash-overlay","9":"woocommerce-text-align-left","10":"woocommerce-image-align-center","11":"do-quantity-buttons","12":"wc-has-gallery","14":"first","15":"instock","16":"taxable","17":"shipping-taxable","18":"purchasable","19":"product-type-simple"},"_links":{"self":[{"href":"https:\/\/www.grandsalondeguitare.com\/fr\/wp-json\/wp\/v2\/product\/25156","targetHints":{"allow":["GET"]}}],"collection":[{"href":"https:\/\/www.grandsalondeguitare.com\/fr\/wp-json\/wp\/v2\/product"}],"about":[{"href":"https:\/\/www.grandsalondeguitare.com\/fr\/wp-json\/wp\/v2\/types\/product"}],"replies":[{"embeddable":true,"href":"https:\/\/www.grandsalondeguitare.com\/fr\/wp-json\/wp\/v2\/comments?post=25156"}],"wp:featuredmedia":[{"embeddable":true,"href":"https:\/\/www.grandsalondeguitare.com\/fr\/wp-json\/wp\/v2\/media\/52306"}],"wp:attachment":[{"href":"https:\/\/www.grandsalondeguitare.com\/fr\/wp-json\/wp\/v2\/media?parent=25156"}],"wp:term":[{"taxonomy":"product_brand","embeddable":true,"href":"https:\/\/www.grandsalondeguitare.com\/fr\/wp-json\/wp\/v2\/product_brand?post=25156"},{"taxonomy":"product_cat","embeddable":true,"href":"https:\/\/www.grandsalondeguitare.com\/fr\/wp-json\/wp\/v2\/product_cat?post=25156"},{"taxonomy":"product_tag","embeddable":true,"href":"https:\/\/www.grandsalondeguitare.com\/fr\/wp-json\/wp\/v2\/product_tag?post=25156"}],"curies":[{"name":"wp","href":"https:\/\/api.w.org\/{rel}","templated":true}]}}