{"id":25042,"date":"2022-04-01T17:22:52","date_gmt":"2022-04-01T22:22:52","guid":{"rendered":"https:\/\/www.grandsalondeguitare.com\/?post_type=product&#038;p=25042"},"modified":"2025-05-06T08:26:23","modified_gmt":"2025-05-06T13:26:23","slug":"c-609-esteve-allegria-sp-spain","status":"publish","type":"product","link":"https:\/\/www.grandsalondeguitare.com\/fr\/produit\/c-609-esteve-allegria-sp-spain\/","title":{"rendered":"C-625, Esteve ALEGRIA-Ep (Espagne)"},"content":{"rendered":"<p>Guitarra Francisco Est\u00e8ve<\/p>\n<p>Nouvelle guitare classique<\/p>\n<p>Mod\u00e8le ALEGRIA<\/p>\n<p>Barrage \u00ab\u00a0Lattice\u00a0\u00bb tout en bois<\/p>\n<p>\u00c9chelle de 650\u00a0mm avec sillet de 51\u00a0mm<\/p>\n<p>Table en \u00e9pic\u00e9a europ\u00e9en (Picea Abies)<\/p>\n<p>Dos et \u00e9clisses en palissandre Indien (Dalbergia latifolia)<\/p>\n<p>Manche en C\u00e8dre (Cedrela odorata) Ou Samanguila (Khaya ivorensis)<\/p>\n<p>Le manche est renforc\u00e9 avec du fibre de carbone.<\/p>\n<p>Touche en \u00e9b\u00e8ne<\/p>\n<p>M\u00e9caniques Gotoh<\/p>\n<p>Finition au laque polyur\u00e9thane<\/p>\n<p>\u00c9tui rigide inclus<\/p>\n<p>Le poids du guitare est de 1,6 kg \/ 3,6 lb<\/p>\n<p>Mesure 99,06 cm \/ 39 pouces de hauteur<\/p>\n<p>La longueur du corps est de 48,2 cm \/ 18,97 pouces<\/p>\n<p>La profondeur du corps est de 10,16 cm \/ 4 pouces<\/p>\n<p>Le bout sup\u00e9rieur mesure 27,5\u00a0cm\u00a0\/ 10,826\u00a0pouces<\/p>\n<p>Le bout inf\u00e9rieur est de 37 cm \/ 14,56 pouces<\/p>\n<p>Fabriqu\u00e9e \u00e0 la main en Espagne par le ma\u00eetre luthier Manuel Adalid, ce nouveau modele ALEGRIA est un instrument v\u00e9ritablement professionnel, \u00e0 un prix abordable pour une guitare d&rsquo;un tel savoir-faire.\u00a0Construit avec une table en \u00e9pic\u00e9a massif et le dos et \u00e9clisses en palissandre Indien pour un son chaud, plein et riche !!!<\/p>\n<p>Cette nouvelle guitare ALEGRIA \u00ab\u00a0Lattice\u00a0\u00bb tout en bois a une excellente projection, une caract\u00e9ristique de ce syst\u00e8me de barrage, ainsi qu&rsquo;une bonne clart\u00e9, separation et chaleur.<\/p>\n<p>Un merveilleux instrument traditionnel avec une approche contemporaine de la production sonore.<\/p>\n<p>Les guitares classiques Esteve sont connues et appr\u00e9ci\u00e9es dans le monde entier pour leur excellente qualit\u00e9 acoustique ainsi que leurs superbes finitions. Fabriqu\u00e9es avec les meilleurs bois, ces guitares sont un m\u00e9lange parfait entre le travail traditionnel du bois et la technologie moderne.<\/p>\n<p>***Nous sommes fiers d&rsquo;\u00eatre le revendeur Canadien exclusif de Guitarras Francisco Esteve ***<\/p>\n","protected":false},"excerpt":{"rendered":"[youtube v=nITPpSC2pMk maxwidth=\"800px\"]\n<p>&nbsp;<\/p>\n<p>Fabriqu\u00e9e \u00e0 la main en Espagne par le ma\u00eetre luthier Manuel Adalid, l&rsquo;Esteve ALEGRIA est un instrument v\u00e9ritablement professionnel, \u00e0 un prix abordable pour une guitare d&rsquo;un tel savoir-faire. Construit avec une table en \u00e9pic\u00e9a massif et le dos et \u00e9clisses en palissandre Indien pour un son chaud, plein et riche !!!<\/p>\n<p>Cette nouvelle guitare ALEGRIA \u00ab\u00a0Lattice\u00a0\u00bb tout en bois a une excellente projection, une caract\u00e9ristique de ce syst\u00e8me de barrage, ainsi qu&rsquo;une bonne clart\u00e9, separation et chaleur.<\/p>\n<p>Un merveilleux instrument traditionnel avec une approche contemporaine de la production sonore.<\/p>\n<p>Une autre valeur exceptionnelle de Manuel Adalid et de la famille Esteve<\/p>\n","protected":false},"featured_media":25044,"comment_status":"closed","ping_status":"closed","template":"","meta":{"_mo_disable_npp":""},"product_brand":[],"product_cat":[1058,1057],"product_tag":[1709,1157,1158,1159,1160,1710],"class_list":{"0":"post-25042","1":"product","2":"type-product","3":"status-publish","4":"has-post-thumbnail","6":"product_cat-guitares","7":"product_cat-guitares-classique","8":"product_tag-esteve-alegria-model-fr","9":"product_tag-esteve-guitars-from-spain-fr","10":"product_tag-esteve-guitars-in-montreal-canada-fr","11":"product_tag-made-in-spain-guitars-fr","12":"product_tag-manuel-adalid-guitars-from-spain-fr","13":"product_tag-new-alegria-classical-guitar-fr","14":"sales-flash-overlay","15":"woocommerce-text-align-left","16":"woocommerce-image-align-center","17":"do-quantity-buttons","18":"wc-has-gallery","20":"first","21":"instock","22":"taxable","23":"shipping-taxable","24":"purchasable","25":"product-type-simple"},"_links":{"self":[{"href":"https:\/\/www.grandsalondeguitare.com\/fr\/wp-json\/wp\/v2\/product\/25042","targetHints":{"allow":["GET"]}}],"collection":[{"href":"https:\/\/www.grandsalondeguitare.com\/fr\/wp-json\/wp\/v2\/product"}],"about":[{"href":"https:\/\/www.grandsalondeguitare.com\/fr\/wp-json\/wp\/v2\/types\/product"}],"replies":[{"embeddable":true,"href":"https:\/\/www.grandsalondeguitare.com\/fr\/wp-json\/wp\/v2\/comments?post=25042"}],"wp:featuredmedia":[{"embeddable":true,"href":"https:\/\/www.grandsalondeguitare.com\/fr\/wp-json\/wp\/v2\/media\/25044"}],"wp:attachment":[{"href":"https:\/\/www.grandsalondeguitare.com\/fr\/wp-json\/wp\/v2\/media?parent=25042"}],"wp:term":[{"taxonomy":"product_brand","embeddable":true,"href":"https:\/\/www.grandsalondeguitare.com\/fr\/wp-json\/wp\/v2\/product_brand?post=25042"},{"taxonomy":"product_cat","embeddable":true,"href":"https:\/\/www.grandsalondeguitare.com\/fr\/wp-json\/wp\/v2\/product_cat?post=25042"},{"taxonomy":"product_tag","embeddable":true,"href":"https:\/\/www.grandsalondeguitare.com\/fr\/wp-json\/wp\/v2\/product_tag?post=25042"}],"curies":[{"name":"wp","href":"https:\/\/api.w.org\/{rel}","templated":true}]}}