{"id":24971,"date":"2017-11-25T15:22:44","date_gmt":"2017-11-25T20:22:44","guid":{"rendered":"https:\/\/www.grandsalondeguitare.com\/product\/c-402-otto-vowinkel-3a-amsterdam\/"},"modified":"2022-03-29T13:41:17","modified_gmt":"2022-03-29T18:41:17","slug":"c-402-otto-vowinkel-3a-amsterdam","status":"publish","type":"product","link":"https:\/\/www.grandsalondeguitare.com\/fr\/produit\/c-402-otto-vowinkel-3a-amsterdam\/","title":{"rendered":"C-402, Otto Vowinkel 3A-Ep (Amsterdam)"},"content":{"rendered":"<div id=\"erdyt-6a006a55a2bce\" data-id=\"-aFcQpYX4Yk\" class=\"erd-youtube-responsive\" style=\"display:block;position:relative;clear:both;width:100%;max-width:800px;margin-left:auto;margin-right:auto;\"><div style=\"padding-bottom:56.25%;\"><div class=\"erd-ytplay\" id=\"erdytp--aFcQpYX4Yk-6a006a55a2bce\" data-vid=\"-aFcQpYX4Yk\"   data-src=\"https:\/\/www.youtube.com\/embed\/-aFcQpYX4Yk?loop=1&#038;autoplay=1&#038;rel=0\" data-allowfullscreen=\"true\"><img decoding=\"async\" src=\"https:\/\/i.ytimg.com\/vi\/-aFcQpYX4Yk\/hqdefault.jpg\" alt=\"YouTube Video\" \/><\/div><\/div><\/div>\n<p>&nbsp;<\/p>\n<p>Mod\u00e8le 3A<\/p>\n<p>\u00c9chelle de 650\u00a0mm avec scillet de 52\u00a0mm<\/p>\n<p>Table en \u00e9pinette Europ\u00e9en<\/p>\n<p>Dos et \u00e9clisses en palissandre indien<\/p>\n<p>Manche en c\u00e8dre du Honduras<\/p>\n<p>Touche en \u00e9b\u00e8ne<\/p>\n<p>M\u00e9caniques Der Jung avec rapport 18:1 et rouleaux d&rsquo;extr\u00e9mit\u00e9<\/p>\n<p>Finition laqu\u00e9e<\/p>\n<p>\u00c9tui rigide inclus<\/p>\n<p>Le poids du guitare est de 1,7 kg \/ 3,8 lb<\/p>\n<p>Mesure 100,33 cm \/ 39,5 pouces de hauteur<\/p>\n<p>La longueur du corps est de 47,8 cm \/ 18,81 pouces<\/p>\n<p>La profondeur du corps est de 10,16 cm \/ 4 pouces<\/p>\n<p>Le bout sup\u00e9rieur mesure 27,5\u00a0cm\u00a0\/ 10,826\u00a0pouces<\/p>\n<p>Le bout inf\u00e9rieur est de 36,2 cm \/ 14,25 pouces<\/p>\n<p>Le mod\u00e8le 3A est con\u00e7u par Otto Vowinkel et produit en Espagne sous ses conseils et ses exigences de contr\u00f4le de qualit\u00e9, la guitare montre une pr\u00e9f\u00e9rence pour les guitares espagnoles de style Grenade, c&rsquo;est une excellente guitare pour cette gamme de prix.<\/p>\n<p>Tr\u00e8s facile \u00e0 jouer, l\u00e9ger et confortable \u00e0 tenir gr\u00e2ce \u00e0 son corps l\u00e9g\u00e8rement plus petit\u2026 \u00a0Doux et agr\u00e9able \u00e0 l&rsquo;oreille, un\u00a0excellent choix pour les joueurs interm\u00e9diaires \u00e0 la recherche d&rsquo;une guitare espagnole de qualit\u00e9, enti\u00e8rement en bois massif, bien construite&#8230;<\/p>\n<p>***Nous sommes fiers d&rsquo;\u00eatre le revendeur Canadien exclusif des guitares Otto Vowinkel***<\/p>\n<p>Veuillez noter que des photos g\u00e9n\u00e9riques sont utilis\u00e9es pour ce mod\u00e8le, la guitare exacte illustr\u00e9e n&rsquo;est plus disponible, la nouvelle guitare offerte diff\u00e9rera l\u00e9g\u00e8rement des images actuelles&#8230;<\/p>\n","protected":false},"excerpt":{"rendered":"<p>Tr\u00e8s bonne guitare pour cette gamme de prix !<\/p>\n<p>Tr\u00e8s facile \u00e0 jouer, l\u00e9g\u00e8re et confortable \u00e0 tenir gr\u00e2ce \u00e0 son corps l\u00e9g\u00e8rement plus petit\u2026<\/p>\n<p>Douce et agr\u00e9able \u00e0 l&rsquo;oreille, une\u00a0excellente guitare pour les joueurs interm\u00e9diaires recherchant la qualit\u00e9, tous en bois massifs, une guitare Espagnole bien construite&#8230;<\/p>\n","protected":false},"featured_media":10905,"comment_status":"closed","ping_status":"closed","template":"","meta":{"_mo_disable_npp":""},"product_brand":[],"product_cat":[1058,1057],"product_tag":[1697,1174,1175,1600,1601],"class_list":{"0":"post-24971","1":"product","2":"type-product","3":"status-publish","4":"has-post-thumbnail","6":"product_cat-guitares","7":"product_cat-guitares-classique","8":"product_tag-guitars-made-in-spain-fr","9":"product_tag-otto-vowinkel-guitars-fr","10":"product_tag-otto-vowinkel-luthier-amsterdam-fr","11":"product_tag-otto-vowinkel-modell-3a-guitars-fr","12":"product_tag-vowinkel-3a-guitars-made-in-spain-fr","13":"sales-flash-overlay","14":"woocommerce-text-align-left","15":"woocommerce-image-align-center","16":"do-quantity-buttons","17":"wc-has-gallery","19":"first","20":"instock","21":"taxable","22":"shipping-taxable","23":"purchasable","24":"product-type-simple"},"_links":{"self":[{"href":"https:\/\/www.grandsalondeguitare.com\/fr\/wp-json\/wp\/v2\/product\/24971","targetHints":{"allow":["GET"]}}],"collection":[{"href":"https:\/\/www.grandsalondeguitare.com\/fr\/wp-json\/wp\/v2\/product"}],"about":[{"href":"https:\/\/www.grandsalondeguitare.com\/fr\/wp-json\/wp\/v2\/types\/product"}],"replies":[{"embeddable":true,"href":"https:\/\/www.grandsalondeguitare.com\/fr\/wp-json\/wp\/v2\/comments?post=24971"}],"wp:featuredmedia":[{"embeddable":true,"href":"https:\/\/www.grandsalondeguitare.com\/fr\/wp-json\/wp\/v2\/media\/10905"}],"wp:attachment":[{"href":"https:\/\/www.grandsalondeguitare.com\/fr\/wp-json\/wp\/v2\/media?parent=24971"}],"wp:term":[{"taxonomy":"product_brand","embeddable":true,"href":"https:\/\/www.grandsalondeguitare.com\/fr\/wp-json\/wp\/v2\/product_brand?post=24971"},{"taxonomy":"product_cat","embeddable":true,"href":"https:\/\/www.grandsalondeguitare.com\/fr\/wp-json\/wp\/v2\/product_cat?post=24971"},{"taxonomy":"product_tag","embeddable":true,"href":"https:\/\/www.grandsalondeguitare.com\/fr\/wp-json\/wp\/v2\/product_tag?post=24971"}],"curies":[{"name":"wp","href":"https:\/\/api.w.org\/{rel}","templated":true}]}}