{"id":24910,"date":"2020-03-13T14:22:28","date_gmt":"2020-03-13T19:22:28","guid":{"rendered":"https:\/\/www.grandsalondeguitare.com\/product\/a-151-ns-lite-capo\/"},"modified":"2022-03-25T16:35:27","modified_gmt":"2022-03-25T21:35:27","slug":"a-151-ns-lite-capo","status":"publish","type":"product","link":"https:\/\/www.grandsalondeguitare.com\/fr\/produit\/a-151-ns-lite-capo\/","title":{"rendered":"A-151, Capo \u00ab\u00a0NS Lite\u00a0\u00bb"},"content":{"rendered":"","protected":false},"excerpt":{"rendered":"<p>Capo pour guitare classique<\/p>\n<p>\u00ab\u00a0NS Lite\u00a0\u00bb<\/p>\n<p>Op\u00e9ration d&rsquo;une seule main<\/p>\n<p>Construction thermoplastique renforc\u00e9e ultra-l\u00e9g\u00e8re<\/p>\n<p>R\u00e9glage microm\u00e9trique de la tension<\/p>\n<p>La vis microm\u00e9trique assure une pression parfaite<\/p>\n<p>Performances sans bourdonnement \u00e0 chaque frette<\/p>\n<p>&nbsp;<\/p>\n","protected":false},"featured_media":14753,"comment_status":"closed","ping_status":"closed","template":"","meta":{"_mo_disable_npp":""},"product_brand":[],"product_cat":[1052,1480],"product_tag":[1689],"class_list":{"0":"post-24910","1":"product","2":"type-product","3":"status-publish","4":"has-post-thumbnail","6":"product_cat-accessoires","7":"product_cat-capos","8":"product_tag-ns-lite-classical-guitar-capo-fr","9":"sales-flash-overlay","10":"woocommerce-text-align-left","11":"woocommerce-image-align-center","12":"do-quantity-buttons","14":"first","15":"onbackorder","16":"taxable","17":"shipping-taxable","18":"purchasable","19":"product-type-simple"},"_links":{"self":[{"href":"https:\/\/www.grandsalondeguitare.com\/fr\/wp-json\/wp\/v2\/product\/24910","targetHints":{"allow":["GET"]}}],"collection":[{"href":"https:\/\/www.grandsalondeguitare.com\/fr\/wp-json\/wp\/v2\/product"}],"about":[{"href":"https:\/\/www.grandsalondeguitare.com\/fr\/wp-json\/wp\/v2\/types\/product"}],"replies":[{"embeddable":true,"href":"https:\/\/www.grandsalondeguitare.com\/fr\/wp-json\/wp\/v2\/comments?post=24910"}],"wp:featuredmedia":[{"embeddable":true,"href":"https:\/\/www.grandsalondeguitare.com\/fr\/wp-json\/wp\/v2\/media\/14753"}],"wp:attachment":[{"href":"https:\/\/www.grandsalondeguitare.com\/fr\/wp-json\/wp\/v2\/media?parent=24910"}],"wp:term":[{"taxonomy":"product_brand","embeddable":true,"href":"https:\/\/www.grandsalondeguitare.com\/fr\/wp-json\/wp\/v2\/product_brand?post=24910"},{"taxonomy":"product_cat","embeddable":true,"href":"https:\/\/www.grandsalondeguitare.com\/fr\/wp-json\/wp\/v2\/product_cat?post=24910"},{"taxonomy":"product_tag","embeddable":true,"href":"https:\/\/www.grandsalondeguitare.com\/fr\/wp-json\/wp\/v2\/product_tag?post=24910"}],"curies":[{"name":"wp","href":"https:\/\/api.w.org\/{rel}","templated":true}]}}