{"id":24899,"date":"2015-12-09T13:43:44","date_gmt":"2015-12-09T18:43:44","guid":{"rendered":"https:\/\/www.grandsalondeguitare.com\/product\/c-318-decascia-talia-cedar\/"},"modified":"2024-02-20T13:07:47","modified_gmt":"2024-02-20T18:07:47","slug":"c-318-decascia-talia-cedar","status":"publish","type":"product","link":"https:\/\/www.grandsalondeguitare.com\/fr\/produit\/c-318-decascia-talia-cedar\/","title":{"rendered":"C-324, De Cascia \u00a0\u00bb Talia \u00ab\u00a0"},"content":{"rendered":"<div id=\"erdyt-6a006aec89356\" data-id=\"wiFNgi4rAAA\" class=\"erd-youtube-responsive\" style=\"display:block;position:relative;clear:both;width:100%;max-width:800px;margin-left:auto;margin-right:auto;\"><div style=\"padding-bottom:56.25%;\"><div class=\"erd-ytplay\" id=\"erdytp-wiFNgi4rAAA-6a006aec89356\" data-vid=\"wiFNgi4rAAA\"   data-src=\"https:\/\/www.youtube.com\/embed\/wiFNgi4rAAA?loop=1&#038;autoplay=1&#038;rel=0\" data-allowfullscreen=\"true\"><img decoding=\"async\" src=\"https:\/\/i.ytimg.com\/vi\/wiFNgi4rAAA\/hqdefault.jpg\" alt=\"YouTube Video\" \/><\/div><\/div><\/div>\n<p>&nbsp;<\/p>\n<p>Nouvelle guitare classique<\/p>\n<p>Mod\u00e8le \u00a0\u00bb Talia \u00ab\u00a0<\/p>\n<p>Table en c\u00e8dre Canadien massif<\/p>\n<p>Dos et \u00e9clisses en palissandre Indien<\/p>\n<p>Manche en acajou Africain avec bande de renfort en \u00e9b\u00e8ne<\/p>\n<p>Touche en palissandre indien<\/p>\n<p>Chevalet et placage de la t\u00eate en palissandre indien\u00a0<\/p>\n<p>M\u00e9caniques Der Jung<\/p>\n<p>Finition tout laqu\u00e9<\/p>\n<p>Etuis semi-rigide ou sac de transport matelass\u00e9 deluxe 15m inclus<\/p>\n<p>&nbsp;<\/p>\n<p>Le poids de la guitare est de 1,6 kg \/ 3,6 lb<\/p>\n<p>Mesure 100 cm \/ 39,37 pouces de hauteur<\/p>\n<p>La longueur du corps est de 48,5 cm \/ 19,09 pouces<\/p>\n<p>La profondeur du corps est de 9,5 cm \/ 3,74 pouces<\/p>\n<p>Le bout sup\u00e9rieur mesure 29\u00a0cm\u00a0\/ 11,417\u00a0pouces<\/p>\n<p>Le bout inf\u00e9rieur est de 38,1 cm \/ 15 pouces<\/p>\n<p>&nbsp;<\/p>\n<p>Veuillez noter que les photos utilis\u00e9es pour ce mod\u00e8le sont g\u00e9n\u00e9rique, la guitare exacte illustr\u00e9e n&rsquo;est plus disponible, la nouvelle guitare offerte diff\u00e9rera l\u00e9g\u00e8rement des images actuelles\u2026<\/p>\n","protected":false},"excerpt":{"rendered":"<p>Nouveau\u00a0mod\u00e8le \u00a0\u00bb Talia \u00ab\u00a0<\/p>\n<p>Table en c\u00e8dre Canadien massif<\/p>\n<p>Dos et \u00e9clisses lamin\u00e9s avec palissandre de qualit\u00e9<\/p>\n<p>Excellent rapport qualit\u00e9\/prix, tonalit\u00e9 et jouabilit\u00e9<\/p>\n<p>A essayer !!!<\/p>\n","protected":false},"featured_media":20206,"comment_status":"closed","ping_status":"closed","template":"","meta":{"_mo_disable_npp":""},"product_brand":[],"product_cat":[1058,1057],"product_tag":[1406,1408,1409,1677,1681,1410,1411,1414,1416,1682],"class_list":{"0":"post-24899","1":"product","2":"type-product","3":"status-publish","4":"has-post-thumbnail","6":"product_cat-guitares","7":"product_cat-guitares-classique","8":"product_tag-canada-fr","9":"product_tag-classical-fr","10":"product_tag-classique-fr","11":"product_tag-de-cascia-fr","12":"product_tag-de-cascia-talia-model-classical-guitar-fr","13":"product_tag-guitar-fr","14":"product_tag-guitare-fr","15":"product_tag-montreal-fr","16":"product_tag-salon-de-guitare-fr","17":"product_tag-talia-fr","18":"sales-flash-overlay","19":"woocommerce-text-align-left","20":"woocommerce-image-align-center","21":"do-quantity-buttons","22":"wc-has-gallery","24":"first","25":"outofstock","26":"taxable","27":"shipping-taxable","28":"purchasable","29":"product-type-simple"},"_links":{"self":[{"href":"https:\/\/www.grandsalondeguitare.com\/fr\/wp-json\/wp\/v2\/product\/24899","targetHints":{"allow":["GET"]}}],"collection":[{"href":"https:\/\/www.grandsalondeguitare.com\/fr\/wp-json\/wp\/v2\/product"}],"about":[{"href":"https:\/\/www.grandsalondeguitare.com\/fr\/wp-json\/wp\/v2\/types\/product"}],"replies":[{"embeddable":true,"href":"https:\/\/www.grandsalondeguitare.com\/fr\/wp-json\/wp\/v2\/comments?post=24899"}],"wp:featuredmedia":[{"embeddable":true,"href":"https:\/\/www.grandsalondeguitare.com\/fr\/wp-json\/wp\/v2\/media\/20206"}],"wp:attachment":[{"href":"https:\/\/www.grandsalondeguitare.com\/fr\/wp-json\/wp\/v2\/media?parent=24899"}],"wp:term":[{"taxonomy":"product_brand","embeddable":true,"href":"https:\/\/www.grandsalondeguitare.com\/fr\/wp-json\/wp\/v2\/product_brand?post=24899"},{"taxonomy":"product_cat","embeddable":true,"href":"https:\/\/www.grandsalondeguitare.com\/fr\/wp-json\/wp\/v2\/product_cat?post=24899"},{"taxonomy":"product_tag","embeddable":true,"href":"https:\/\/www.grandsalondeguitare.com\/fr\/wp-json\/wp\/v2\/product_tag?post=24899"}],"curies":[{"name":"wp","href":"https:\/\/api.w.org\/{rel}","templated":true}]}}