{"id":24898,"date":"2016-01-03T13:38:07","date_gmt":"2016-01-03T18:38:07","guid":{"rendered":"https:\/\/www.grandsalondeguitare.com\/product\/a-103-single-arched-hard-shell-case\/"},"modified":"2023-09-07T12:01:13","modified_gmt":"2023-09-07T17:01:13","slug":"a-103-single-arched-hard-shell-case","status":"publish","type":"product","link":"https:\/\/www.grandsalondeguitare.com\/fr\/produit\/a-103-single-arched-hard-shell-case\/","title":{"rendered":"A-103, Etuis Rigide Arqu\u00e9 Un C\u00f4t\u00e9"},"content":{"rendered":"<p>Etui Rigide Deluxe<\/p>\n<p>Pour Guitare Classique<\/p>\n<p>Convient aux guitares classique jusqu&rsquo;\u00e0 387 mm de large<\/p>\n<p>Peluche rouge \u00e0 l&rsquo;int\u00e9rieur<\/p>\n<p>Noir ext\u00e9rieur\u00a0<\/p>\n<p>Loquet verrouillable (cl\u00e9 incluse)<\/p>\n<p>&nbsp;<\/p>\n<p>Dimensions int\u00e9rieures de l&rsquo;\u00e9tui :<\/p>\n<p>Longueur 1028 mm \/ 40.5&Prime;<\/p>\n<p>Corps Inf\u00e9rieur \u00a0387mm \/ 15\u2033<\/p>\n<p>Corps Sup\u00e9rieur 279mm \/ 11\u2033<\/p>\n<p>Longueur du corps 495mm \/ \u00a019 1\/2\u2033<\/p>\n<p>Profondeur du corps 117mm \/ 4 1\/2 \u00ab\u00a0<\/p>\n<p>&nbsp;<\/p>\n<p>Poids \u00e0 vide 4.75 kg \/ 9.5 lbs<\/p>\n","protected":false},"excerpt":{"rendered":"<p>\u00c9tui rigide de luxe<\/p>\n<p>Mod\u00e8le 8800<\/p>\n<p>Arqu\u00e9 un c\u00f4t\u00e9<\/p>\n<p>Fabriquer au Canada<\/p>\n<p>&nbsp;<\/p>\n","protected":false},"featured_media":8923,"comment_status":"closed","ping_status":"closed","template":"","meta":{"_mo_disable_npp":""},"product_brand":[],"product_cat":[1052,1187],"product_tag":[1406,1407,1408,1409,1410,1411,1412,1414,1415,1416],"class_list":{"0":"post-24898","1":"product","2":"type-product","3":"status-publish","4":"has-post-thumbnail","6":"product_cat-accessoires","7":"product_cat-etuis","8":"product_tag-canada-fr","9":"product_tag-case-fr","10":"product_tag-classical-fr","11":"product_tag-classique-fr","12":"product_tag-guitar-fr","13":"product_tag-guitare-fr","14":"product_tag-hiscox-fr","15":"product_tag-montreal-fr","16":"product_tag-quebec-fr","17":"product_tag-salon-de-guitare-fr","18":"sales-flash-overlay","19":"woocommerce-text-align-left","20":"woocommerce-image-align-center","21":"do-quantity-buttons","22":"wc-has-gallery","24":"first","25":"instock","26":"sold-individually","27":"taxable","28":"shipping-taxable","29":"purchasable","30":"product-type-simple"},"_links":{"self":[{"href":"https:\/\/www.grandsalondeguitare.com\/fr\/wp-json\/wp\/v2\/product\/24898","targetHints":{"allow":["GET"]}}],"collection":[{"href":"https:\/\/www.grandsalondeguitare.com\/fr\/wp-json\/wp\/v2\/product"}],"about":[{"href":"https:\/\/www.grandsalondeguitare.com\/fr\/wp-json\/wp\/v2\/types\/product"}],"replies":[{"embeddable":true,"href":"https:\/\/www.grandsalondeguitare.com\/fr\/wp-json\/wp\/v2\/comments?post=24898"}],"wp:featuredmedia":[{"embeddable":true,"href":"https:\/\/www.grandsalondeguitare.com\/fr\/wp-json\/wp\/v2\/media\/8923"}],"wp:attachment":[{"href":"https:\/\/www.grandsalondeguitare.com\/fr\/wp-json\/wp\/v2\/media?parent=24898"}],"wp:term":[{"taxonomy":"product_brand","embeddable":true,"href":"https:\/\/www.grandsalondeguitare.com\/fr\/wp-json\/wp\/v2\/product_brand?post=24898"},{"taxonomy":"product_cat","embeddable":true,"href":"https:\/\/www.grandsalondeguitare.com\/fr\/wp-json\/wp\/v2\/product_cat?post=24898"},{"taxonomy":"product_tag","embeddable":true,"href":"https:\/\/www.grandsalondeguitare.com\/fr\/wp-json\/wp\/v2\/product_tag?post=24898"}],"curies":[{"name":"wp","href":"https:\/\/api.w.org\/{rel}","templated":true}]}}