{"id":24896,"date":"2016-01-03T13:49:47","date_gmt":"2016-01-03T18:49:47","guid":{"rendered":"https:\/\/www.grandsalondeguitare.com\/product\/c-317b-de-cascia-sylvia\/"},"modified":"2026-01-24T09:51:10","modified_gmt":"2026-01-24T14:51:10","slug":"c-317b-de-cascia-sylvia","status":"publish","type":"product","link":"https:\/\/www.grandsalondeguitare.com\/fr\/produit\/c-317b-de-cascia-sylvia\/","title":{"rendered":"C-317, De Cascia Sylvia Cd (Canada)"},"content":{"rendered":"<p>Le tout nouveau mod\u00e8le Sylvia<\/p>\n<p>Guitare classique de concert<\/p>\n<p>\u00c9chelle de 650 mm avec une sillet de 52 mm<\/p>\n<p>Table en c\u00e8dre Canadien (Barrage Lattice tout en bois)<\/p>\n<p>Dos et \u00e9clisses en palissandre Indien (tous massifs)<\/p>\n<p>Manche sur\u00e9lev\u00e9 en acajou Africain avec bande en \u00e9b\u00e8ne<\/p>\n<p>Touche en \u00e9b\u00e8ne avec 20e frette<\/p>\n<p>Accoudoir et port de son<\/p>\n<p>M\u00e9caniques Der Jung (rapport 18:1)<\/p>\n<p>Finis compl\u00e8tement au \u00a0laque<\/p>\n<p>\u00c9tui rigide inclus<\/p>\n<p>&nbsp;<\/p>\n<p>Le poids de la guitare est de 1,5 kg \/ 3,4 lb<\/p>\n<p>La longueur du corps est de 48 cm \/ 18,897 pouces<\/p>\n<p>Le bout sup\u00e9rieur est de 28 cm \/ 11,02 pouces<\/p>\n<p>Le bout inf\u00e9rieur est de 36,5\u00a0cm \/ 14,37\u00a0pouces<\/p>\n<p>La profondeur du corps est de 10 cm\/ 3,93 pouces<\/p>\n<p>&nbsp;<\/p>\n<p>Veuillez noter que les photos utilis\u00e9es pour se mod\u00e8le sont g\u00e9n\u00e9riques, la guitare exacte illustr\u00e9e n&rsquo;est plus disponible, la nouvelle guitare offerte diff\u00e9rera l\u00e9g\u00e8rement des images actuelles\u2026<\/p>\n<p>*** \u00c9galement disponible en commande sp\u00e9cial,\u00a0\u00e9chelle courte de 640mm ou 630mm et une largeur de sillet de 51 mm ***<\/p>\n<div id=\"erdyt-6a006a5548120\" data-id=\"a_cY9kPbfBs\" class=\"erd-youtube-responsive\" style=\"display:block;position:relative;clear:both;width:100%;max-width:800px;margin-left:auto;margin-right:auto;\"><div style=\"padding-bottom:56.25%;\"><div class=\"erd-ytplay\" id=\"erdytp-a_cY9kPbfBs-6a006a5548120\" data-vid=\"a_cY9kPbfBs\"   data-src=\"https:\/\/www.youtube.com\/embed\/a_cY9kPbfBs?loop=1&#038;autoplay=1&#038;rel=0\" data-allowfullscreen=\"true\"><img decoding=\"async\" src=\"https:\/\/i.ytimg.com\/vi\/a_cY9kPbfBs\/hqdefault.jpg\" alt=\"YouTube Video\" \/><\/div><\/div><\/div>\n<p>&nbsp;<\/p>\n","protected":false},"excerpt":{"rendered":"[youtube v=CZCCQtYaQak maxwidth=\"800px\"]\n<p>&nbsp;<\/p>\n[youtube v=Xa9E0qzsakg maxwidth=\"800px\"]\n<p>&nbsp;<\/p>\n<p>Le tout nouveau mod\u00e8le Sylvia<\/p>\n<p>Excellent rapport qualit\u00e9\/prix&#8230; Facile \u00e0 jouer&#8230; Projection de niveau concert !!!<\/p>\n<p>Disponibles avec \u00e9chelles courtes 640mm ou 630mm et sillet de 51mm<\/p>\n<p>Veuillez nous contacter directement pour r\u00e9server les prochaines guitares en production<\/p>\n","protected":false},"featured_media":24155,"comment_status":"closed","ping_status":"closed","template":"","meta":{"_mo_disable_npp":""},"product_brand":[],"product_cat":[1058,1057],"product_tag":[1165,1679],"class_list":{"0":"post-24896","1":"product","2":"type-product","3":"status-publish","4":"has-post-thumbnail","6":"product_cat-guitares","7":"product_cat-guitares-classique","8":"product_tag-de-cascia-classical-guitars-fr","9":"product_tag-de-cascia-sylvia-models-fr","10":"sales-flash-overlay","11":"woocommerce-text-align-left","12":"woocommerce-image-align-center","13":"do-quantity-buttons","14":"wc-has-gallery","16":"first","17":"instock","18":"taxable","19":"shipping-taxable","20":"purchasable","21":"product-type-simple"},"_links":{"self":[{"href":"https:\/\/www.grandsalondeguitare.com\/fr\/wp-json\/wp\/v2\/product\/24896","targetHints":{"allow":["GET"]}}],"collection":[{"href":"https:\/\/www.grandsalondeguitare.com\/fr\/wp-json\/wp\/v2\/product"}],"about":[{"href":"https:\/\/www.grandsalondeguitare.com\/fr\/wp-json\/wp\/v2\/types\/product"}],"replies":[{"embeddable":true,"href":"https:\/\/www.grandsalondeguitare.com\/fr\/wp-json\/wp\/v2\/comments?post=24896"}],"wp:featuredmedia":[{"embeddable":true,"href":"https:\/\/www.grandsalondeguitare.com\/fr\/wp-json\/wp\/v2\/media\/24155"}],"wp:attachment":[{"href":"https:\/\/www.grandsalondeguitare.com\/fr\/wp-json\/wp\/v2\/media?parent=24896"}],"wp:term":[{"taxonomy":"product_brand","embeddable":true,"href":"https:\/\/www.grandsalondeguitare.com\/fr\/wp-json\/wp\/v2\/product_brand?post=24896"},{"taxonomy":"product_cat","embeddable":true,"href":"https:\/\/www.grandsalondeguitare.com\/fr\/wp-json\/wp\/v2\/product_cat?post=24896"},{"taxonomy":"product_tag","embeddable":true,"href":"https:\/\/www.grandsalondeguitare.com\/fr\/wp-json\/wp\/v2\/product_tag?post=24896"}],"curies":[{"name":"wp","href":"https:\/\/api.w.org\/{rel}","templated":true}]}}