{"id":24895,"date":"2016-01-03T20:22:56","date_gmt":"2016-01-04T01:22:56","guid":{"rendered":"https:\/\/www.grandsalondeguitare.com\/product\/planet-waves-ns-classical-capo-pro\/"},"modified":"2026-02-20T12:27:34","modified_gmt":"2026-02-20T17:27:34","slug":"planet-waves-ns-classical-capo-pro","status":"publish","type":"product","link":"https:\/\/www.grandsalondeguitare.com\/fr\/produit\/planet-waves-ns-classical-capo-pro\/","title":{"rendered":"A-105, Capo Pro \u00ab\u00a0NS\u00a0\u00bb"},"content":{"rendered":"","protected":false},"excerpt":{"rendered":"<p>Capodastre professionnel, con\u00e7u pour la guitare classique<\/p>\n<p>Op\u00e9ration d&rsquo;une seule main<\/p>\n<p>Aluminium ultra-l\u00e9ger de qualit\u00e9 a\u00e9rospatiale<\/p>\n<p>R\u00e9glage microm\u00e9trique de la tension<\/p>\n<p>La vis microm\u00e9trique assure une pression parfaite<\/p>\n<p>Performances sans bourdonnement \u00e0 chaque frette<\/p>\n","protected":false},"featured_media":8991,"comment_status":"closed","ping_status":"closed","template":"","meta":{"_mo_disable_npp":""},"product_brand":[],"product_cat":[1052,1480],"product_tag":[1676],"class_list":{"0":"post-24895","1":"product","2":"type-product","3":"status-publish","4":"has-post-thumbnail","6":"product_cat-accessoires","7":"product_cat-capos","8":"product_tag-professional-classical-guitar-capo-fr","9":"sales-flash-overlay","10":"woocommerce-text-align-left","11":"woocommerce-image-align-center","12":"do-quantity-buttons","13":"wc-has-gallery","15":"first","16":"instock","17":"sold-individually","18":"taxable","19":"shipping-taxable","20":"purchasable","21":"product-type-simple"},"_links":{"self":[{"href":"https:\/\/www.grandsalondeguitare.com\/fr\/wp-json\/wp\/v2\/product\/24895","targetHints":{"allow":["GET"]}}],"collection":[{"href":"https:\/\/www.grandsalondeguitare.com\/fr\/wp-json\/wp\/v2\/product"}],"about":[{"href":"https:\/\/www.grandsalondeguitare.com\/fr\/wp-json\/wp\/v2\/types\/product"}],"replies":[{"embeddable":true,"href":"https:\/\/www.grandsalondeguitare.com\/fr\/wp-json\/wp\/v2\/comments?post=24895"}],"wp:featuredmedia":[{"embeddable":true,"href":"https:\/\/www.grandsalondeguitare.com\/fr\/wp-json\/wp\/v2\/media\/8991"}],"wp:attachment":[{"href":"https:\/\/www.grandsalondeguitare.com\/fr\/wp-json\/wp\/v2\/media?parent=24895"}],"wp:term":[{"taxonomy":"product_brand","embeddable":true,"href":"https:\/\/www.grandsalondeguitare.com\/fr\/wp-json\/wp\/v2\/product_brand?post=24895"},{"taxonomy":"product_cat","embeddable":true,"href":"https:\/\/www.grandsalondeguitare.com\/fr\/wp-json\/wp\/v2\/product_cat?post=24895"},{"taxonomy":"product_tag","embeddable":true,"href":"https:\/\/www.grandsalondeguitare.com\/fr\/wp-json\/wp\/v2\/product_tag?post=24895"}],"curies":[{"name":"wp","href":"https:\/\/api.w.org\/{rel}","templated":true}]}}