{"id":24891,"date":"2016-01-03T21:31:14","date_gmt":"2016-01-04T02:31:14","guid":{"rendered":"https:\/\/www.grandsalondeguitare.com\/product\/oasis-grip-strip\/"},"modified":"2025-10-17T15:12:35","modified_gmt":"2025-10-17T20:12:35","slug":"oasis-grip-strip","status":"publish","type":"product","link":"https:\/\/www.grandsalondeguitare.com\/fr\/produit\/oasis-grip-strip\/","title":{"rendered":"A-109, Oasis \u00ab\u00a0Grip Strip\u00a0\u00bb OH-22"},"content":{"rendered":"<p>Le Grip-Strip \u2122 est formul\u00e9 \u00e0 partir de caoutchouc n\u00e9opr\u00e8ne textur\u00e9 de haute qualit\u00e9 et con\u00e7u avec pr\u00e9cision avec des ar\u00eates antid\u00e9rapantes pour cr\u00e9er une prise s\u00fbre pour votre guitare chaque fois qu&rsquo;elle repose sur votre jambe.<\/p>\n<p>Fonctionne avec des guitares acoustique cordes en acier ou des guitares classiques.<\/p>\n<p><strong>Grip-Strip n&rsquo;endommages pas la finition du polie fran\u00e7aise sur les guitares classique.<\/strong><\/p>\n","protected":false},"excerpt":{"rendered":"<p>Le Grip-Strip \u2122 est formul\u00e9 \u00e0 partir de caoutchouc n\u00e9opr\u00e8ne textur\u00e9 de haute qualit\u00e9 et con\u00e7u avec pr\u00e9cision avec des ar\u00eates antid\u00e9rapantes pour cr\u00e9er une prise s\u00fbre pour votre guitare chaque fois qu&rsquo;elle repose sur votre jambe. Fonctionne avec des guitares acoustique cordes en acier ou des guitares classiques. Grip-Strip n&rsquo;endommages pas la finition du &#8230; <a title=\"A-109, Oasis \u00ab\u00a0Grip Strip\u00a0\u00bb OH-22\" class=\"read-more\" href=\"https:\/\/www.grandsalondeguitare.com\/fr\/produit\/oasis-grip-strip\/\" aria-label=\"En savoir plus sur A-109, Oasis \u00ab\u00a0Grip Strip\u00a0\u00bb OH-22\">Lire la suite<\/a><\/p>\n","protected":false},"featured_media":9031,"comment_status":"closed","ping_status":"closed","template":"","meta":{"_mo_disable_npp":""},"product_brand":[],"product_cat":[1052,1672],"product_tag":[],"class_list":{"0":"post-24891","1":"product","2":"type-product","3":"status-publish","4":"has-post-thumbnail","6":"product_cat-accessoires","7":"product_cat-anti-derapant","8":"sales-flash-overlay","9":"woocommerce-text-align-left","10":"woocommerce-image-align-center","11":"do-quantity-buttons","13":"first","14":"instock","15":"taxable","16":"shipping-taxable","17":"purchasable","18":"product-type-simple"},"_links":{"self":[{"href":"https:\/\/www.grandsalondeguitare.com\/fr\/wp-json\/wp\/v2\/product\/24891","targetHints":{"allow":["GET"]}}],"collection":[{"href":"https:\/\/www.grandsalondeguitare.com\/fr\/wp-json\/wp\/v2\/product"}],"about":[{"href":"https:\/\/www.grandsalondeguitare.com\/fr\/wp-json\/wp\/v2\/types\/product"}],"replies":[{"embeddable":true,"href":"https:\/\/www.grandsalondeguitare.com\/fr\/wp-json\/wp\/v2\/comments?post=24891"}],"wp:featuredmedia":[{"embeddable":true,"href":"https:\/\/www.grandsalondeguitare.com\/fr\/wp-json\/wp\/v2\/media\/9031"}],"wp:attachment":[{"href":"https:\/\/www.grandsalondeguitare.com\/fr\/wp-json\/wp\/v2\/media?parent=24891"}],"wp:term":[{"taxonomy":"product_brand","embeddable":true,"href":"https:\/\/www.grandsalondeguitare.com\/fr\/wp-json\/wp\/v2\/product_brand?post=24891"},{"taxonomy":"product_cat","embeddable":true,"href":"https:\/\/www.grandsalondeguitare.com\/fr\/wp-json\/wp\/v2\/product_cat?post=24891"},{"taxonomy":"product_tag","embeddable":true,"href":"https:\/\/www.grandsalondeguitare.com\/fr\/wp-json\/wp\/v2\/product_tag?post=24891"}],"curies":[{"name":"wp","href":"https:\/\/api.w.org\/{rel}","templated":true}]}}