{"id":24886,"date":"2016-01-03T22:09:03","date_gmt":"2016-01-04T03:09:03","guid":{"rendered":"https:\/\/www.grandsalondeguitare.com\/product\/ergoplay-guitar-support-tappert-left-hand-model\/"},"modified":"2022-03-29T17:42:35","modified_gmt":"2022-03-29T22:42:35","slug":"ergoplay-guitar-support-tappert-left-hand-model","status":"publish","type":"product","link":"https:\/\/www.grandsalondeguitare.com\/fr\/produit\/ergoplay-guitar-support-tappert-left-hand-model\/","title":{"rendered":"A-114, Ergoplay Tappert Gaucher"},"content":{"rendered":"<p>Fabriqu\u00e9 en Allemagne<\/p>\n<p>Ventouses enti\u00e8rement r\u00e9glables<\/p>\n<p>R\u00e9glages de la hauteur et de l&rsquo;angle sur 1 seul c\u00f4t\u00e9<\/p>\n<p>Mod\u00e8le Tappert pour gaucher<\/p>\n<p>&nbsp;<\/p>\n","protected":false},"excerpt":{"rendered":"<p>Mod\u00e8le Tappert pour gaucher<\/p>\n","protected":false},"featured_media":9057,"comment_status":"closed","ping_status":"closed","template":"","meta":{"_mo_disable_npp":""},"product_brand":[],"product_cat":[1052,1069],"product_tag":[],"class_list":{"0":"post-24886","1":"product","2":"type-product","3":"status-publish","4":"has-post-thumbnail","6":"product_cat-accessoires","7":"product_cat-supports-pour-guitare","8":"sales-flash-overlay","9":"woocommerce-text-align-left","10":"woocommerce-image-align-center","11":"do-quantity-buttons","13":"first","14":"instock","15":"sold-individually","16":"taxable","17":"shipping-taxable","18":"purchasable","19":"product-type-simple"},"_links":{"self":[{"href":"https:\/\/www.grandsalondeguitare.com\/fr\/wp-json\/wp\/v2\/product\/24886","targetHints":{"allow":["GET"]}}],"collection":[{"href":"https:\/\/www.grandsalondeguitare.com\/fr\/wp-json\/wp\/v2\/product"}],"about":[{"href":"https:\/\/www.grandsalondeguitare.com\/fr\/wp-json\/wp\/v2\/types\/product"}],"replies":[{"embeddable":true,"href":"https:\/\/www.grandsalondeguitare.com\/fr\/wp-json\/wp\/v2\/comments?post=24886"}],"wp:featuredmedia":[{"embeddable":true,"href":"https:\/\/www.grandsalondeguitare.com\/fr\/wp-json\/wp\/v2\/media\/9057"}],"wp:attachment":[{"href":"https:\/\/www.grandsalondeguitare.com\/fr\/wp-json\/wp\/v2\/media?parent=24886"}],"wp:term":[{"taxonomy":"product_brand","embeddable":true,"href":"https:\/\/www.grandsalondeguitare.com\/fr\/wp-json\/wp\/v2\/product_brand?post=24886"},{"taxonomy":"product_cat","embeddable":true,"href":"https:\/\/www.grandsalondeguitare.com\/fr\/wp-json\/wp\/v2\/product_cat?post=24886"},{"taxonomy":"product_tag","embeddable":true,"href":"https:\/\/www.grandsalondeguitare.com\/fr\/wp-json\/wp\/v2\/product_tag?post=24886"}],"curies":[{"name":"wp","href":"https:\/\/api.w.org\/{rel}","templated":true}]}}