{"id":24884,"date":"2016-01-03T22:36:02","date_gmt":"2016-01-04T03:36:02","guid":{"rendered":"https:\/\/www.grandsalondeguitare.com\/product\/ergoplay-guitar-support-troster-left-hand-model\/"},"modified":"2022-03-29T17:37:32","modified_gmt":"2022-03-29T22:37:32","slug":"ergoplay-guitar-support-troster-left-hand-model","status":"publish","type":"product","link":"https:\/\/www.grandsalondeguitare.com\/fr\/produit\/ergoplay-guitar-support-troster-left-hand-model\/","title":{"rendered":"A-116, Ergoplay Troster Gaucher"},"content":{"rendered":"<p><iframe loading=\"lazy\" title=\"ErgoPlay Gitarrenst\u00fctze Tappert\/Tr\u00f6ster \u2013 Die perfekte Erg\u00e4nzung f\u00fcr bequemes Gitarre spielen!\" width=\"1200\" height=\"675\" src=\"https:\/\/www.youtube.com\/embed\/myfenJT-u1E?feature=oembed\" frameborder=\"0\" allow=\"accelerometer; autoplay; clipboard-write; encrypted-media; gyroscope; picture-in-picture; web-share\" referrerpolicy=\"strict-origin-when-cross-origin\" allowfullscreen><\/iframe><\/p>\n<p>Fabriqu\u00e9 en Allemagne<\/p>\n<p>Ventouses enti\u00e8rement r\u00e9glables<\/p>\n<p>R\u00e9glages de la hauteur et de l&rsquo;angle des deux c\u00f4t\u00e9s<\/p>\n<p>Modele Gaucher\/ere<\/p>\n","protected":false},"excerpt":{"rendered":"<p>Fabriqu\u00e9 en Allemagne Ventouses enti\u00e8rement r\u00e9glables R\u00e9glages de la hauteur et de l&rsquo;angle des deux c\u00f4t\u00e9s Modele Gaucher\/ere<\/p>\n","protected":false},"featured_media":18084,"comment_status":"closed","ping_status":"closed","template":"","meta":{"_mo_disable_npp":""},"product_brand":[],"product_cat":[1052,1069],"product_tag":[1664,1665],"class_list":{"0":"post-24884","1":"product","2":"type-product","3":"status-publish","4":"has-post-thumbnail","6":"product_cat-accessoires","7":"product_cat-supports-pour-guitare","8":"product_tag-ergoplay-left-handed-troster-model-fr","9":"product_tag-left-handed-classical-guitar-suports-fr","10":"sales-flash-overlay","11":"woocommerce-text-align-left","12":"woocommerce-image-align-center","13":"do-quantity-buttons","14":"wc-has-gallery","16":"first","17":"instock","18":"sold-individually","19":"taxable","20":"shipping-taxable","21":"purchasable","22":"product-type-simple"},"_links":{"self":[{"href":"https:\/\/www.grandsalondeguitare.com\/fr\/wp-json\/wp\/v2\/product\/24884","targetHints":{"allow":["GET"]}}],"collection":[{"href":"https:\/\/www.grandsalondeguitare.com\/fr\/wp-json\/wp\/v2\/product"}],"about":[{"href":"https:\/\/www.grandsalondeguitare.com\/fr\/wp-json\/wp\/v2\/types\/product"}],"replies":[{"embeddable":true,"href":"https:\/\/www.grandsalondeguitare.com\/fr\/wp-json\/wp\/v2\/comments?post=24884"}],"wp:featuredmedia":[{"embeddable":true,"href":"https:\/\/www.grandsalondeguitare.com\/fr\/wp-json\/wp\/v2\/media\/18084"}],"wp:attachment":[{"href":"https:\/\/www.grandsalondeguitare.com\/fr\/wp-json\/wp\/v2\/media?parent=24884"}],"wp:term":[{"taxonomy":"product_brand","embeddable":true,"href":"https:\/\/www.grandsalondeguitare.com\/fr\/wp-json\/wp\/v2\/product_brand?post=24884"},{"taxonomy":"product_cat","embeddable":true,"href":"https:\/\/www.grandsalondeguitare.com\/fr\/wp-json\/wp\/v2\/product_cat?post=24884"},{"taxonomy":"product_tag","embeddable":true,"href":"https:\/\/www.grandsalondeguitare.com\/fr\/wp-json\/wp\/v2\/product_tag?post=24884"}],"curies":[{"name":"wp","href":"https:\/\/api.w.org\/{rel}","templated":true}]}}