{"id":24883,"date":"2016-01-03T22:43:39","date_gmt":"2016-01-04T03:43:39","guid":{"rendered":"https:\/\/www.grandsalondeguitare.com\/product\/ergoplay-guitar-support-for-kids\/"},"modified":"2024-05-16T09:56:19","modified_gmt":"2024-05-16T14:56:19","slug":"ergoplay-guitar-support-for-kids","status":"publish","type":"product","link":"https:\/\/www.grandsalondeguitare.com\/fr\/produit\/ergoplay-guitar-support-for-kids\/","title":{"rendered":"A-117, Support Ergoplay \u00ab\u00a0Kids\u00a0\u00bb"},"content":{"rendered":"<p><iframe loading=\"lazy\" title=\"ErgoPlay Gitarrenst\u00fctze Tappert\/Tr\u00f6ster \u2013 Die perfekte Erg\u00e4nzung f\u00fcr bequemes Gitarre spielen!\" width=\"1200\" height=\"675\" src=\"https:\/\/www.youtube.com\/embed\/myfenJT-u1E?feature=oembed\" frameborder=\"0\" allow=\"accelerometer; autoplay; clipboard-write; encrypted-media; gyroscope; picture-in-picture; web-share\" referrerpolicy=\"strict-origin-when-cross-origin\" allowfullscreen><\/iframe><\/p>\n<p>Fabriqu\u00e9 en Allemagne<\/p>\n<p>Ventouses enti\u00e8rement r\u00e9glables<\/p>\n<p>Ventouses plus petites que les mod\u00e8les ordinaires<\/p>\n<p>Con\u00e7u pour s&rsquo;adapter aux guitares d&rsquo;enfants de taille 3\/4 ou 1\/2<\/p>\n<p>R\u00e9glages de la hauteur et de l&rsquo;angle d&rsquo;un seul c\u00f4t\u00e9<\/p>\n<p>Mod\u00e8le droitier<\/p>\n","protected":false},"excerpt":{"rendered":"<p>Support Ergoplay \u00ab\u00a0Kids\u00a0\u00bb<\/p>\n<p>Mod\u00e8le pour enfant\u00a0droitier<\/p>\n<p>&nbsp;<\/p>\n","protected":false},"featured_media":9073,"comment_status":"closed","ping_status":"closed","template":"","meta":{"_mo_disable_npp":""},"product_brand":[],"product_cat":[1052,1069],"product_tag":[1661,1662,1663],"class_list":{"0":"post-24883","1":"product","2":"type-product","3":"status-publish","4":"has-post-thumbnail","6":"product_cat-accessoires","7":"product_cat-supports-pour-guitare","8":"product_tag-classical-guitar-suports-fr","9":"product_tag-ergoplay-kids-guitar-suport-fr","10":"product_tag-guitar-suports-for-kids-fr","11":"sales-flash-overlay","12":"woocommerce-text-align-left","13":"woocommerce-image-align-center","14":"do-quantity-buttons","16":"first","17":"instock","18":"sold-individually","19":"taxable","20":"shipping-taxable","21":"purchasable","22":"product-type-simple"},"_links":{"self":[{"href":"https:\/\/www.grandsalondeguitare.com\/fr\/wp-json\/wp\/v2\/product\/24883","targetHints":{"allow":["GET"]}}],"collection":[{"href":"https:\/\/www.grandsalondeguitare.com\/fr\/wp-json\/wp\/v2\/product"}],"about":[{"href":"https:\/\/www.grandsalondeguitare.com\/fr\/wp-json\/wp\/v2\/types\/product"}],"replies":[{"embeddable":true,"href":"https:\/\/www.grandsalondeguitare.com\/fr\/wp-json\/wp\/v2\/comments?post=24883"}],"wp:featuredmedia":[{"embeddable":true,"href":"https:\/\/www.grandsalondeguitare.com\/fr\/wp-json\/wp\/v2\/media\/9073"}],"wp:attachment":[{"href":"https:\/\/www.grandsalondeguitare.com\/fr\/wp-json\/wp\/v2\/media?parent=24883"}],"wp:term":[{"taxonomy":"product_brand","embeddable":true,"href":"https:\/\/www.grandsalondeguitare.com\/fr\/wp-json\/wp\/v2\/product_brand?post=24883"},{"taxonomy":"product_cat","embeddable":true,"href":"https:\/\/www.grandsalondeguitare.com\/fr\/wp-json\/wp\/v2\/product_cat?post=24883"},{"taxonomy":"product_tag","embeddable":true,"href":"https:\/\/www.grandsalondeguitare.com\/fr\/wp-json\/wp\/v2\/product_tag?post=24883"}],"curies":[{"name":"wp","href":"https:\/\/api.w.org\/{rel}","templated":true}]}}