{"id":24874,"date":"2016-01-08T14:29:05","date_gmt":"2016-01-08T19:29:05","guid":{"rendered":"https:\/\/www.grandsalondeguitare.com\/product\/c-326-otto-vowinkel-2a-amsterdam\/"},"modified":"2024-11-07T16:27:54","modified_gmt":"2024-11-07T21:27:54","slug":"c-326-otto-vowinkel-2a-amsterdam","status":"publish","type":"product","link":"https:\/\/www.grandsalondeguitare.com\/fr\/produit\/c-326-otto-vowinkel-2a-amsterdam\/","title":{"rendered":"C-326, Otto Vowinkel 2A-Cd (Amsterdam)"},"content":{"rendered":"<div id=\"erdyt-6a006aec3d0eb\" data-id=\"dl_ecHTl8Rg\" class=\"erd-youtube-responsive\" style=\"display:block;position:relative;clear:both;width:100%;max-width:800px;margin-left:auto;margin-right:auto;\"><div style=\"padding-bottom:56.25%;\"><div class=\"erd-ytplay\" id=\"erdytp-dl_ecHTl8Rg-6a006aec3d0eb\" data-vid=\"dl_ecHTl8Rg\"   data-src=\"https:\/\/www.youtube.com\/embed\/dl_ecHTl8Rg?loop=1&#038;autoplay=1&#038;rel=0\" data-allowfullscreen=\"true\"><img decoding=\"async\" src=\"https:\/\/i.ytimg.com\/vi\/dl_ecHTl8Rg\/hqdefault.jpg\" alt=\"YouTube Video\" \/><\/div><\/div><\/div>\n<p>&nbsp;<\/p>\n<p>Otto Vowinkel<\/p>\n<p>Nouvelle guitare classique<\/p>\n<p>Mod\u00e8le 2A<\/p>\n<p>\u00c9chelle de 650 mm avec 52mm au scillet<\/p>\n<p>Table en c\u00e8dre<\/p>\n<p>Dos et \u00e9clisses en palissandre indien<\/p>\n<p>Manche en c\u00e8dre du Honduras avec renfort en \u00e9b\u00e8ne<\/p>\n<p>Touche en \u00e9b\u00e8ne<\/p>\n<p>M\u00e9caniques Der Jung avec boutons en \u00e9b\u00e8ne<\/p>\n<p>Finition laqu\u00e9e<\/p>\n<p>\u00c9tui rigide inclus<\/p>\n<p>Le poids du guitare est de 1,6 kg \/ 3,6 lb<\/p>\n<p>Mesure 98,5 cm \/ 38,78 pouces de hauteur<\/p>\n<p>La longueur du corps est de 47,8 cm \/ 18,81 pouces<\/p>\n<p>La profondeur du corps est de 9,5 cm \/ 3,74 pouces<\/p>\n<p>Le bout sup\u00e9rieur mesure 27,5\u00a0cm\u00a0\/ 10,826\u00a0pouces<\/p>\n<p>Le bout inf\u00e9rieur est de 36 cm \/ 14,17 pouces<\/p>\n<p>Fabriqu\u00e9e en collaboration avec Antonio Picado de Barcelone en Espagne, c&rsquo;est une excellente guitare pour cette gamme de prix. Tr\u00e8s facile \u00e0 jouer, l\u00e9g\u00e8re et confortable \u00e0 tenir gr\u00e2ce \u00e0 son corps l\u00e9g\u00e8rement plus petit&#8230; Douce et agr\u00e9able \u00e0 l&rsquo;oreille, une excellente guitare pour les \u00e9tudiants avanc\u00e9s ou les interpr\u00e8tes en herbe&#8230;<\/p>\n<p>Le mod\u00e8le 2A peut \u00eatre command\u00e9 avec une longueur d&rsquo;\u00e9chelle de 640 mm<\/p>\n<p>***Nous sommes fiers d&rsquo;\u00eatre le revendeur canadien exclusif des guitares Otto Vowinkel***<\/p>\n<p>Veuillez noter que des g\u00e9n\u00e9riques sont utilis\u00e9es pour ce mod\u00e8le, la guitare exacte illustr\u00e9e n&rsquo;est plus disponible, la nouvelle guitare offerte diff\u00e9rera l\u00e9g\u00e8rement des images actuelles&#8230;<\/p>\n","protected":false},"excerpt":{"rendered":"<p>Le mod\u00e8le 2A a un tr\u00e8s beau timbre et projection !!!<\/p>\n<p>Une grande valeur pour sa classe !!!<\/p>\n","protected":false},"featured_media":9155,"comment_status":"closed","ping_status":"closed","template":"","meta":{"_mo_disable_npp":""},"product_brand":[],"product_cat":[1058,1057],"product_tag":[1649,1650,1174,1175,1651],"class_list":{"0":"post-24874","1":"product","2":"type-product","3":"status-publish","4":"has-post-thumbnail","6":"product_cat-guitares","7":"product_cat-guitares-classique","8":"product_tag-modelo-2a-guitars-made-in-spain-fr","9":"product_tag-otto-vowinkel-2a-guitars-fr","10":"product_tag-otto-vowinkel-guitars-fr","11":"product_tag-otto-vowinkel-luthier-amsterdam-fr","12":"product_tag-vowinkel-2a-guitars-fr","13":"sales-flash-overlay","14":"woocommerce-text-align-left","15":"woocommerce-image-align-center","16":"do-quantity-buttons","17":"wc-has-gallery","19":"first","20":"outofstock","21":"sold-individually","22":"taxable","23":"shipping-taxable","24":"product-type-simple"},"_links":{"self":[{"href":"https:\/\/www.grandsalondeguitare.com\/fr\/wp-json\/wp\/v2\/product\/24874","targetHints":{"allow":["GET"]}}],"collection":[{"href":"https:\/\/www.grandsalondeguitare.com\/fr\/wp-json\/wp\/v2\/product"}],"about":[{"href":"https:\/\/www.grandsalondeguitare.com\/fr\/wp-json\/wp\/v2\/types\/product"}],"replies":[{"embeddable":true,"href":"https:\/\/www.grandsalondeguitare.com\/fr\/wp-json\/wp\/v2\/comments?post=24874"}],"wp:featuredmedia":[{"embeddable":true,"href":"https:\/\/www.grandsalondeguitare.com\/fr\/wp-json\/wp\/v2\/media\/9155"}],"wp:attachment":[{"href":"https:\/\/www.grandsalondeguitare.com\/fr\/wp-json\/wp\/v2\/media?parent=24874"}],"wp:term":[{"taxonomy":"product_brand","embeddable":true,"href":"https:\/\/www.grandsalondeguitare.com\/fr\/wp-json\/wp\/v2\/product_brand?post=24874"},{"taxonomy":"product_cat","embeddable":true,"href":"https:\/\/www.grandsalondeguitare.com\/fr\/wp-json\/wp\/v2\/product_cat?post=24874"},{"taxonomy":"product_tag","embeddable":true,"href":"https:\/\/www.grandsalondeguitare.com\/fr\/wp-json\/wp\/v2\/product_tag?post=24874"}],"curies":[{"name":"wp","href":"https:\/\/api.w.org\/{rel}","templated":true}]}}