{"id":24872,"date":"2016-02-04T17:53:23","date_gmt":"2016-02-04T22:53:23","guid":{"rendered":"https:\/\/www.grandsalondeguitare.com\/product\/c-334-de-cascia-canada\/"},"modified":"2022-05-13T15:47:15","modified_gmt":"2022-05-13T20:47:15","slug":"c-334-de-cascia-canada","status":"publish","type":"product","link":"https:\/\/www.grandsalondeguitare.com\/fr\/produit\/c-334-de-cascia-canada\/","title":{"rendered":"C-334, De Cascia \u00ab\u00a0Gabrielle Cd\u00a0\u00bb"},"content":{"rendered":"<div id=\"erdyt-6a00691139276\" data-id=\"6SQwHl2ZEf0\" class=\"erd-youtube-responsive\" style=\"display:block;position:relative;clear:both;width:100%;max-width:100%;margin-left:auto;margin-right:auto;\"><div style=\"padding-bottom:56.25%;\"><div class=\"erd-ytplay\" id=\"erdytp-6SQwHl2ZEf0-6a00691139276\" data-vid=\"6SQwHl2ZEf0\"   data-src=\"https:\/\/www.youtube.com\/embed\/6SQwHl2ZEf0?loop=1&#038;autoplay=1&#038;rel=0\" data-allowfullscreen=\"true\"><img decoding=\"async\" src=\"https:\/\/i.ytimg.com\/vi\/6SQwHl2ZEf0\/hqdefault.jpg\" alt=\"YouTube Video\" \/><\/div><\/div><\/div>\n<p>&nbsp;<\/p>\n<p>Nouvelle guitare classique<\/p>\n<p>\u00ab\u00a0Mod\u00e8le Gabrielle\u00a0\u00bb<\/p>\n<p>Table en c\u00e8dre Canadien<\/p>\n<p>Dos et \u00e9clisses en palissandre Indien massif<\/p>\n<p>Manche en acajou africain avec bande de renfort en \u00e9b\u00e8ne<\/p>\n<p>Touche en \u00e9b\u00e8ne Africain<\/p>\n<p>Bloc d&rsquo;attache \u00e0 12 trous<\/p>\n<p>M\u00e9caniques Der Jung<\/p>\n<p>Finition tout laqu\u00e9<\/p>\n<p>\u00c9tui rigide inclus<\/p>\n<p>Le poids de la guitares est de 1,8 kg \/ 4 lb<\/p>\n<p>Mesure 100 cm \/ 39,37 pouces de hauteur<\/p>\n<p>La longueur du corps est de 48,5 cm \/ 19,09 pouces<\/p>\n<p>La profondeur du corps est de 9,5 cm \/ 3,74 pouces<\/p>\n<p>Le bout sup\u00e9rieur mesure 29\u00a0cm\u00a0\/ 11,417\u00a0pouces<\/p>\n<p>Le bout inf\u00e9rieur est de 38,1 cm \/ 15 pouces<\/p>\n<p>Veuillez noter que les photos utilis\u00e9es pour ce mod\u00e8le sont g\u00e9n\u00e9rique, la guitare exacte illustr\u00e9e n&rsquo;est plus disponible, la nouvelle guitare offerte diff\u00e9rera l\u00e9g\u00e8rement des images actuelles\u2026<\/p>\n<p>Merci<\/p>\n","protected":false},"excerpt":{"rendered":"<p>&nbsp; Nouvelle guitare classique \u00ab\u00a0Mod\u00e8le Gabrielle\u00a0\u00bb Table en c\u00e8dre Canadien Dos et \u00e9clisses en palissandre Indien massif Manche en acajou africain avec bande de renfort en \u00e9b\u00e8ne Touche en \u00e9b\u00e8ne Africain Bloc d&rsquo;attache \u00e0 12 trous M\u00e9caniques Der Jung Finition tout laqu\u00e9 \u00c9tui rigide inclus Le poids de la guitares est de 1,8 kg \/ &#8230; <a title=\"C-334, De Cascia \u00ab\u00a0Gabrielle Cd\u00a0\u00bb\" class=\"read-more\" href=\"https:\/\/www.grandsalondeguitare.com\/fr\/produit\/c-334-de-cascia-canada\/\" aria-label=\"En savoir plus sur C-334, De Cascia \u00ab\u00a0Gabrielle Cd\u00a0\u00bb\">Lire la suite<\/a><\/p>\n","protected":false},"featured_media":20158,"comment_status":"closed","ping_status":"closed","template":"","meta":{"_mo_disable_npp":""},"product_brand":[],"product_cat":[1058,1057],"product_tag":[1165,1166,1643,1644,1645],"class_list":{"0":"post-24872","1":"product","2":"type-product","3":"status-publish","4":"has-post-thumbnail","6":"product_cat-guitares","7":"product_cat-guitares-classique","8":"product_tag-de-cascia-classical-guitars-fr","9":"product_tag-de-cascia-classical-guitars-montreal-canada-fr","10":"product_tag-de-cascia-gabrielle-cedar-top-guitar-fr","11":"product_tag-gabrielle-all-solid-woods-model-fr","12":"product_tag-solid-cedar-top-guitar-fr","13":"sales-flash-overlay","14":"woocommerce-text-align-left","15":"woocommerce-image-align-center","16":"do-quantity-buttons","17":"wc-has-gallery","19":"first","20":"outofstock","21":"taxable","22":"shipping-taxable","23":"purchasable","24":"product-type-simple"},"_links":{"self":[{"href":"https:\/\/www.grandsalondeguitare.com\/fr\/wp-json\/wp\/v2\/product\/24872","targetHints":{"allow":["GET"]}}],"collection":[{"href":"https:\/\/www.grandsalondeguitare.com\/fr\/wp-json\/wp\/v2\/product"}],"about":[{"href":"https:\/\/www.grandsalondeguitare.com\/fr\/wp-json\/wp\/v2\/types\/product"}],"replies":[{"embeddable":true,"href":"https:\/\/www.grandsalondeguitare.com\/fr\/wp-json\/wp\/v2\/comments?post=24872"}],"wp:featuredmedia":[{"embeddable":true,"href":"https:\/\/www.grandsalondeguitare.com\/fr\/wp-json\/wp\/v2\/media\/20158"}],"wp:attachment":[{"href":"https:\/\/www.grandsalondeguitare.com\/fr\/wp-json\/wp\/v2\/media?parent=24872"}],"wp:term":[{"taxonomy":"product_brand","embeddable":true,"href":"https:\/\/www.grandsalondeguitare.com\/fr\/wp-json\/wp\/v2\/product_brand?post=24872"},{"taxonomy":"product_cat","embeddable":true,"href":"https:\/\/www.grandsalondeguitare.com\/fr\/wp-json\/wp\/v2\/product_cat?post=24872"},{"taxonomy":"product_tag","embeddable":true,"href":"https:\/\/www.grandsalondeguitare.com\/fr\/wp-json\/wp\/v2\/product_tag?post=24872"}],"curies":[{"name":"wp","href":"https:\/\/api.w.org\/{rel}","templated":true}]}}