{"id":24871,"date":"2016-11-01T12:57:05","date_gmt":"2016-11-01T17:57:05","guid":{"rendered":"https:\/\/www.grandsalondeguitare.com\/product\/f-365-hermanos-camps-spain\/"},"modified":"2025-03-29T08:53:33","modified_gmt":"2025-03-29T13:53:33","slug":"f-365-hermanos-camps-spain","status":"publish","type":"product","link":"https:\/\/www.grandsalondeguitare.com\/fr\/produit\/f-365-hermanos-camps-spain\/","title":{"rendered":"F-365, Camps Primera (Espagne)"},"content":{"rendered":"<p>Guitare Flamenca Blanca neuve<\/p>\n<p>Modelo \u00ab\u00a0Primera\u00a0\u00bb<\/p>\n<p>Diapason de 650 mm avec sillet de 52mm<\/p>\n<p>Table en \u00e9pic\u00e9a europ\u00e9en<\/p>\n<p>Dos et \u00e9clisses en cypr\u00e8s<\/p>\n<p>Manche en c\u00e8dre avec renfort en \u00e9b\u00e8ne<\/p>\n<p>Touche en \u00e9b\u00e8ne<\/p>\n<p>M\u00e9caniques Der Jung<\/p>\n<p>Finition laqu\u00e9e<\/p>\n<p>\u00c9tui rigide inclus<\/p>\n<p>&nbsp;<\/p>\n<p>La longueur totale de la guitare est de 100 cm\/ 39,37 pouces<\/p>\n<p>La longueur du corps est de 49 cm\/ 17,7165 pouces<\/p>\n<p>La profondeur du corps est de 9 cm\/ 3,54 pouces<\/p>\n<p>La partie sup\u00e9rieure est de 28 cm\/ 11,023 pouces<\/p>\n<p>La partie inf\u00e9rieure est de 37 cm\/ 14,56 pouces<\/p>\n<p>Le poids de la guitare est de 1,4 kg\/ 3 lb<\/p>\n<p>&nbsp;<\/p>\n<p>*** Nous sommes fiers d&rsquo;\u00eatre le revendeur canadien des guitares Hermanos Camps de G\u00e9rone, Espagne ***<\/p>\n<p>Veuillez noter que des photos de stock sont utilis\u00e9es pour la liste de ce mod\u00e8le, la guitare exacte illustr\u00e9e n&rsquo;est plus disponible, la nouvelle la guitare propos\u00e9e sera l\u00e9g\u00e8rement diff\u00e9rente des photos actuelles&#8230;<\/p>\n","protected":false},"excerpt":{"rendered":"[youtube v=WWPz4NLXATg maxwidth=\"800px\"]\n<p>&nbsp;<\/p>\n<p>Une magnifique guitare Flamenca Blanca directement d&rsquo;Espagne&#8230;<\/p>\n<p>Certifi\u00e9 par Manuel Granados&#8230;<\/p>\n<p>Un essaie s&rsquo;impose !!!<\/p>\n","protected":false},"featured_media":21228,"comment_status":"closed","ping_status":"closed","template":"","meta":{"_mo_disable_npp":""},"product_brand":[],"product_cat":[1058,1053],"product_tag":[1642,1161,1202,1203,1220],"class_list":{"0":"post-24871","1":"product","2":"type-product","3":"status-publish","4":"has-post-thumbnail","6":"product_cat-guitares","7":"product_cat-guitares-flamenco","8":"product_tag-camps-primera-blanca-from-spain-fr","9":"product_tag-flamenco-guitars-from-spain-fr","10":"product_tag-hand-made-guitars-from-spain-fr","11":"product_tag-hand-made-guitars-montreal-canada-fr","12":"product_tag-hermanos-camps-guitars-fr","13":"sales-flash-overlay","14":"woocommerce-text-align-left","15":"woocommerce-image-align-center","16":"do-quantity-buttons","17":"wc-has-gallery","19":"first","20":"instock","21":"taxable","22":"shipping-taxable","23":"purchasable","24":"product-type-simple"},"_links":{"self":[{"href":"https:\/\/www.grandsalondeguitare.com\/fr\/wp-json\/wp\/v2\/product\/24871","targetHints":{"allow":["GET"]}}],"collection":[{"href":"https:\/\/www.grandsalondeguitare.com\/fr\/wp-json\/wp\/v2\/product"}],"about":[{"href":"https:\/\/www.grandsalondeguitare.com\/fr\/wp-json\/wp\/v2\/types\/product"}],"replies":[{"embeddable":true,"href":"https:\/\/www.grandsalondeguitare.com\/fr\/wp-json\/wp\/v2\/comments?post=24871"}],"wp:featuredmedia":[{"embeddable":true,"href":"https:\/\/www.grandsalondeguitare.com\/fr\/wp-json\/wp\/v2\/media\/21228"}],"wp:attachment":[{"href":"https:\/\/www.grandsalondeguitare.com\/fr\/wp-json\/wp\/v2\/media?parent=24871"}],"wp:term":[{"taxonomy":"product_brand","embeddable":true,"href":"https:\/\/www.grandsalondeguitare.com\/fr\/wp-json\/wp\/v2\/product_brand?post=24871"},{"taxonomy":"product_cat","embeddable":true,"href":"https:\/\/www.grandsalondeguitare.com\/fr\/wp-json\/wp\/v2\/product_cat?post=24871"},{"taxonomy":"product_tag","embeddable":true,"href":"https:\/\/www.grandsalondeguitare.com\/fr\/wp-json\/wp\/v2\/product_tag?post=24871"}],"curies":[{"name":"wp","href":"https:\/\/api.w.org\/{rel}","templated":true}]}}