{"id":24870,"date":"2017-03-24T15:21:54","date_gmt":"2017-03-24T20:21:54","guid":{"rendered":"https:\/\/www.grandsalondeguitare.com\/product\/a-131-visesnut-flight-case-thailand\/"},"modified":"2022-03-26T13:32:39","modified_gmt":"2022-03-26T18:32:39","slug":"a-131-visesnut-flight-case-thailand","status":"publish","type":"product","link":"https:\/\/www.grandsalondeguitare.com\/fr\/produit\/a-131-visesnut-flight-case-thailand\/","title":{"rendered":"A-131, S\u00e9rie Premier Visesnut"},"content":{"rendered":"<p>S\u00e9rie Premier<\/p>\n<p>\u00c9tuis pour\u00a0guitare classique ou guitares de taille similaire<\/p>\n<p>Con\u00e7u pour s&rsquo;adapter \u00e0 la plupart des tailles et formes de corps standard des guitares classiques<\/p>\n<p>Disponible dans de nombreuses couleurs diff\u00e9rentes :<\/p>\n<p>Bronze cuivr\u00e9, Noir nacr\u00e9, Noir, Noir poussi\u00e8re d&rsquo;\u00e9toiles, Blanc hiver, Blanc brillant, Bleu roi, Jaune citron, Rouge \u00e9carlate, Taupe m\u00e9tallis\u00e9, Vert scarab\u00e9e, Violet cam\u00e9l\u00e9on&#8230;<\/p>\n<p>Choix de 3 ou 4 verrous tournants<\/p>\n<p>Structure\u00a0Double paroi avec \u00e2me en mousse de polyur\u00e9thane<\/p>\n<p>Mat\u00e9riaux de la paroi ext\u00e9rieure: PVC \u200b\u200b+ ABS<\/p>\n<p>Mat\u00e9riel interm\u00e9diaire: Mousse rigide de polyur\u00e9thane (PU \u00e0 cellules ferm\u00e9es)<\/p>\n<p>Mat\u00e9riel de la paroi int\u00e9rieure\u00a0\u00bb ABS et velours<\/p>\n<p>Fonction de taille int\u00e9rieure r\u00e9glable<\/p>\n<p>Rembourrage de ceinture r\u00e9glable<\/p>\n<p>Ceinture de t\u00eate (nouveau brevet, mars\u00a02018): Oui<\/p>\n<p>Rembourrage int\u00e9rieur en mousse souple PU et velours<\/p>\n<p>Compartiment: Un compartiment<\/p>\n<p>Type de loquet\/mat\u00e9riel: Quatre loquets \u00e0 bascule\/acier inoxydable<\/p>\n<p>Verrouillage du loquet: Oui<\/p>\n<p>Mat\u00e9riel du manche: Cuir<\/p>\n<p>Position debout\u00a0Pied en PU vertical \/ lat\u00e9ral.<\/p>\n<p>Deux sangles arri\u00e8re\u00a0sont incluses<\/p>\n<p>&nbsp;<\/p>\n<p>DIMENSIONS INT\u00c9RIEURES<\/p>\n<p>Partie sup\u00e9rieure : 11 1\/2&Prime; &#8211; 29,21 cm<\/p>\n<p>Tour de taille : 9 7\/8&Prime; &#8211; 25,0825 cm<\/p>\n<p>Partie inf\u00e9rieure : 15&Prime; &#8211; 38,1 cm<\/p>\n<p>\u00c9paisseur du corps au talon : 4 1\/8&Prime; &#8211; 10,4775 cm<\/p>\n<p>\u00c9paisseur du corps \u00e0 la crosse : 4 3\/8&Prime; &#8211; 11,1125 cm<\/p>\n<p>Longueur du corps : 19 3\/8&Prime; &#8211; 49,2125 cm<\/p>\n<p>Longueur totale de la guitare : 40 3\/8&Prime; &#8211; 102,552 cm<\/p>\n<p>DIMENSIONS EXT\u00c9RIEURES<\/p>\n<p>Partie sup\u00e9rieure : 13 3\/8&Prime; &#8211; 33,9725 cm<\/p>\n<p>Partie inf\u00e9rieure : 16 7\/8&Prime; &#8211; 42.8625<\/p>\n<p>Longueur totale du bo\u00eetier : 41 7\/8&Prime; &#8211; 106,362 cm<\/p>\n<p>Poids net (\u00e9tui vide sans sangles) 7,49572 lb \/ 3,4 Kg<\/p>\n","protected":false},"excerpt":{"rendered":"<p>Nous tenons r\u00e9guli\u00e8rement les \u00e9tuis de la s\u00e9rie Premier dans notre boutique<\/p>\n<p>Veuillez nous contacter directement pour les disponibilit\u00e9s de couleurs<\/p>\n<p>Merci<\/p>\n","protected":false},"featured_media":9995,"comment_status":"closed","ping_status":"closed","template":"","meta":{"_mo_disable_npp":""},"product_brand":[],"product_cat":[1052,1187],"product_tag":[1639,1640,1641,1514,1515],"class_list":{"0":"post-24870","1":"product","2":"type-product","3":"status-publish","4":"has-post-thumbnail","6":"product_cat-accessoires","7":"product_cat-etuis","8":"product_tag-flight-cases-for-guitars-fr","9":"product_tag-musical-instrument-flight-cases-fr","10":"product_tag-premier-series-visesnut-flight-case-fr","11":"product_tag-visesnut-flight-cases-fr","12":"product_tag-visesnut-guitar-cases-fr","13":"sales-flash-overlay","14":"woocommerce-text-align-left","15":"woocommerce-image-align-center","16":"do-quantity-buttons","17":"wc-has-gallery","19":"first","20":"outofstock","21":"sold-individually","22":"taxable","23":"shipping-taxable","24":"purchasable","25":"product-type-simple"},"_links":{"self":[{"href":"https:\/\/www.grandsalondeguitare.com\/fr\/wp-json\/wp\/v2\/product\/24870","targetHints":{"allow":["GET"]}}],"collection":[{"href":"https:\/\/www.grandsalondeguitare.com\/fr\/wp-json\/wp\/v2\/product"}],"about":[{"href":"https:\/\/www.grandsalondeguitare.com\/fr\/wp-json\/wp\/v2\/types\/product"}],"replies":[{"embeddable":true,"href":"https:\/\/www.grandsalondeguitare.com\/fr\/wp-json\/wp\/v2\/comments?post=24870"}],"wp:featuredmedia":[{"embeddable":true,"href":"https:\/\/www.grandsalondeguitare.com\/fr\/wp-json\/wp\/v2\/media\/9995"}],"wp:attachment":[{"href":"https:\/\/www.grandsalondeguitare.com\/fr\/wp-json\/wp\/v2\/media?parent=24870"}],"wp:term":[{"taxonomy":"product_brand","embeddable":true,"href":"https:\/\/www.grandsalondeguitare.com\/fr\/wp-json\/wp\/v2\/product_brand?post=24870"},{"taxonomy":"product_cat","embeddable":true,"href":"https:\/\/www.grandsalondeguitare.com\/fr\/wp-json\/wp\/v2\/product_cat?post=24870"},{"taxonomy":"product_tag","embeddable":true,"href":"https:\/\/www.grandsalondeguitare.com\/fr\/wp-json\/wp\/v2\/product_tag?post=24870"}],"curies":[{"name":"wp","href":"https:\/\/api.w.org\/{rel}","templated":true}]}}