{"id":24864,"date":"2017-08-05T14:19:54","date_gmt":"2017-08-05T19:19:54","guid":{"rendered":"https:\/\/www.grandsalondeguitare.com\/product\/f-386-camps-cut-500s-spain\/"},"modified":"2022-03-29T16:14:48","modified_gmt":"2022-03-29T21:14:48","slug":"f-386-camps-cut-500s-spain","status":"publish","type":"product","link":"https:\/\/www.grandsalondeguitare.com\/fr\/produit\/f-386-camps-cut-500s-spain\/","title":{"rendered":"F-386, Camps Cut-500S (Spain)"},"content":{"rendered":"<p>Nouvelle guitare flamenco<\/p>\n<p>Electro-acoustique \u00e0 pan coup\u00e9<\/p>\n<p>Mod\u00e8le CUT-500S<\/p>\n<p>Longueur d&rsquo;\u00e9chelle de 650 mm avec sillet de 52 mm<\/p>\n<p>Espacement des cordes de 44 mm \u00e0 la 1\u00e8re frette<\/p>\n<p>Espacement des cordes de 58 mm au sillet<\/p>\n<p>Table en \u00e9pic\u00e9a Allemande<\/p>\n<p>Dos et \u00e9clisses en bois de sandalwood<\/p>\n<p>Manche en c\u00e8dre espagnol<\/p>\n<p>Touche en \u00e9b\u00e8ne<\/p>\n<p>Chevalet et Placage de la t\u00eate en palissandre<\/p>\n<p>Sillets en os<\/p>\n<p>Golpeador<\/p>\n<p>Truss rod ajustable<\/p>\n<p>Electronique Fishman Pro avec six selles ind\u00e9pendantes<\/p>\n<p>M\u00e9caniques Der Jung<\/p>\n<p>Finition laqu\u00e9e<\/p>\n<p>\u00c9tui rigide inclus<\/p>\n<p>La longueur totale de la guitare est de 100 cm\/ 39,37 pouces<\/p>\n<p>La longueur du corps est de 49 cm \/ 17,7165 pouces<\/p>\n<p>La profondeur du corps est de 9 cm \/ 3,54 pouces<\/p>\n<p>Le bout sup\u00e9rieur est de 28 cm \/ 11,023 pouces<\/p>\n<p>Le bout inf\u00e9rieur est de 37 cm \/ 14,56 pouces<\/p>\n<p>Le poids de la guitare est de 1,5 kg \/ 3,6 lb<\/p>\n<p>Veuillez noter que les photos utilis\u00e9es sont g\u00e9n\u00e9rique pour ce mod\u00e8le, la guitare exacte illustr\u00e9e n&rsquo;est plus disponible, la nouvelle guitare offerte diff\u00e9rera l\u00e9g\u00e8rement des images actuelles&#8230;<\/p>\n<p>*** Nous sommes fiers d&rsquo;\u00eatre le revendeur Canadien officiel des guitares Hermanos Camps de G\u00e9rona \u00a0Espagne ***<\/p>\n","protected":false},"excerpt":{"rendered":"<p>Excellente guitare electro acoustique flamenco \u00e0 un prix raisonnable !<\/p>\n<p>Ce mod\u00e8le r\u00e9pond \u00e0 tous les besoins du guitariste, il a une r\u00e9ponse percutante et imm\u00e9diate avec des aigus brillants<\/p>\n<p>Instrument tr\u00e8s l\u00e9ger \u00e0 tenir avec une belle coupe, une action basse et une excellente jouabilit\u00e9<\/p>\n<p>Amplifi\u00e9 \u00e0 l&rsquo;aide d&rsquo;un syst\u00e8me d&rsquo;amplification exclusif avec six selles ind\u00e9pendantes qui assure un \u00e9quilibre parfait de chaque corde.<\/p>\n<p>De plus, il contient un truss rod ajustable&#8230;\u00a0<\/p>\n","protected":false},"featured_media":10383,"comment_status":"closed","ping_status":"closed","template":"","meta":{"_mo_disable_npp":""},"product_brand":[],"product_cat":[1058,1053],"product_tag":[1627,1628,1629,1630,1631,1632,1633,1569],"class_list":{"0":"post-24864","1":"product","2":"type-product","3":"status-publish","4":"has-post-thumbnail","6":"product_cat-guitares","7":"product_cat-guitares-flamenco","8":"product_tag-camps-spanish-guitars-fr","9":"product_tag-cut-500s-camps-flamenco-fr","10":"product_tag-cut-500s-cutaway-guitar-fr","11":"product_tag-cut-500s-nylon-string-cutaway-fr","12":"product_tag-cutaway-nylon-string-guitars-montreal-canada-fr","13":"product_tag-electro-acoustic-cutaway-guitars-fr","14":"product_tag-electro-acoustic-flamenco-guitars-fr","15":"product_tag-flamenco-cutaway-guitar-fr","16":"sales-flash-overlay","17":"woocommerce-text-align-left","18":"woocommerce-image-align-center","19":"do-quantity-buttons","20":"wc-has-gallery","22":"first","23":"instock","24":"taxable","25":"shipping-taxable","26":"purchasable","27":"product-type-simple"},"_links":{"self":[{"href":"https:\/\/www.grandsalondeguitare.com\/fr\/wp-json\/wp\/v2\/product\/24864","targetHints":{"allow":["GET"]}}],"collection":[{"href":"https:\/\/www.grandsalondeguitare.com\/fr\/wp-json\/wp\/v2\/product"}],"about":[{"href":"https:\/\/www.grandsalondeguitare.com\/fr\/wp-json\/wp\/v2\/types\/product"}],"replies":[{"embeddable":true,"href":"https:\/\/www.grandsalondeguitare.com\/fr\/wp-json\/wp\/v2\/comments?post=24864"}],"wp:featuredmedia":[{"embeddable":true,"href":"https:\/\/www.grandsalondeguitare.com\/fr\/wp-json\/wp\/v2\/media\/10383"}],"wp:attachment":[{"href":"https:\/\/www.grandsalondeguitare.com\/fr\/wp-json\/wp\/v2\/media?parent=24864"}],"wp:term":[{"taxonomy":"product_brand","embeddable":true,"href":"https:\/\/www.grandsalondeguitare.com\/fr\/wp-json\/wp\/v2\/product_brand?post=24864"},{"taxonomy":"product_cat","embeddable":true,"href":"https:\/\/www.grandsalondeguitare.com\/fr\/wp-json\/wp\/v2\/product_cat?post=24864"},{"taxonomy":"product_tag","embeddable":true,"href":"https:\/\/www.grandsalondeguitare.com\/fr\/wp-json\/wp\/v2\/product_tag?post=24864"}],"curies":[{"name":"wp","href":"https:\/\/api.w.org\/{rel}","templated":true}]}}