{"id":24857,"date":"2018-03-14T15:11:51","date_gmt":"2018-03-14T20:11:51","guid":{"rendered":"https:\/\/www.grandsalondeguitare.com\/product\/c-409-wolfgang-jellinghaus-germany\/"},"modified":"2024-06-11T18:10:46","modified_gmt":"2024-06-11T23:10:46","slug":"c-409-wolfgang-jellinghaus-germany","status":"publish","type":"product","link":"https:\/\/www.grandsalondeguitare.com\/fr\/produit\/c-409-wolfgang-jellinghaus-germany\/","title":{"rendered":"C-409, Jellinghaus (Romantica 1A)"},"content":{"rendered":"<div id=\"erdyt-6a006af188532\" data-id=\"zKBaN6DiF6s\" class=\"erd-youtube-responsive\" style=\"display:block;position:relative;clear:both;width:100%;max-width:800px;margin-left:auto;margin-right:auto;\"><div style=\"padding-bottom:56.25%;\"><div class=\"erd-ytplay\" id=\"erdytp-zKBaN6DiF6s-6a006af188532\" data-vid=\"zKBaN6DiF6s\"   data-src=\"https:\/\/www.youtube.com\/embed\/zKBaN6DiF6s?loop=1&#038;autoplay=1&#038;rel=0\" data-allowfullscreen=\"true\"><img decoding=\"async\" src=\"https:\/\/i.ytimg.com\/vi\/zKBaN6DiF6s\/hqdefault.jpg\" alt=\"YouTube Video\" \/><\/div><\/div><\/div>\n<p>&nbsp;<\/p>\n<div id=\"erdyt-6a006af1885a8\" data-id=\"u8dtJ8zLh38\" class=\"erd-youtube-responsive\" style=\"display:block;position:relative;clear:both;width:100%;max-width:800px;margin-left:auto;margin-right:auto;\"><div style=\"padding-bottom:56.25%;\"><div class=\"erd-ytplay\" id=\"erdytp-u8dtJ8zLh38-6a006af1885a8\" data-vid=\"u8dtJ8zLh38\"   data-src=\"https:\/\/www.youtube.com\/embed\/u8dtJ8zLh38?loop=1&#038;autoplay=1&#038;rel=0\" data-allowfullscreen=\"true\"><img decoding=\"async\" src=\"https:\/\/i.ytimg.com\/vi\/u8dtJ8zLh38\/hqdefault.jpg\" alt=\"YouTube Video\" \/><\/div><\/div><\/div>\n<p>&nbsp;<\/p>\n<p>La Romantica<\/p>\n<p>Nouvelle guitare r\u00e9plique<\/p>\n<p>Modele 1A<\/p>\n<p>Echelle de 630mm avec sillet de 51mm<\/p>\n<p>Table en \u00e9pic\u00e9a Allemande (moon cut)<\/p>\n<p>Fond et \u00e9clisses en \u00e9rable Europ\u00e9en<\/p>\n<p>Manche en c\u00e8dre<\/p>\n<p>Touche en \u00e9b\u00e8ne<\/p>\n<p>Rosace en bois<\/p>\n<p>Chevalet et placage de la t\u00eate en palissandre indien<\/p>\n<p>M\u00e9caniques Der Jung au rapport 1:18<\/p>\n<p>Finition au tampon en polis Fran\u00e7ais avec aspect vieilli\/relique<\/p>\n<p>Etuis rigide\u00a0fabriqu\u00e9 sur mesure<\/p>\n<p>&nbsp;<\/p>\n<p>Espacement des cordes de 44 mm \u00e0 la 1\u00e8re frette<\/p>\n<p>Espacement des cordes de 51 mm \u00e0 la 12e frette<\/p>\n<p>Espacement des cordes de 55 mm au chevalet<\/p>\n<p>La longueur totale de la guitare est de 95 cm \/ 37,4 pouces<\/p>\n<p>La longueur du corps est de 45,4 cm \/ 17,87 pouces<\/p>\n<p>Le bout sup\u00e9rieur est de 26 cm \/ 10,2362 pouces<\/p>\n<p>Le bout inf\u00e9rieur est de 32 cm \/ 12,598 pouces<\/p>\n<p>La largeur est de 8,3 cm \/ 3,267 pouces<\/p>\n<p>Le poids est de 1,3 kg \/ 2,8 lb<\/p>\n<p>&nbsp;<\/p>\n<p>Veuillez noter que les photos de stock sont utilis\u00e9es pour la liste de ce mod\u00e8le, la guitare exacte illustr\u00e9e n&rsquo;est plus disponible, la nouvelle guitare offerte diff\u00e9rera l\u00e9g\u00e8rement des images actuelles\u2026<\/p>\n<p>Fabriqu\u00e9 au Milestone Luthier Center, fond\u00e9 en 2013 par Wolfgang Jellinghaus &amp; Michael Zhang.<\/p>\n<p>L&rsquo;objectif du Milestone Luthier Center est de reconstruire l&rsquo;histoire de la fabrication de guitares classiques en s\u00e9lectionnant six ma\u00eetres luthiers diff\u00e9rents des 230 derni\u00e8res ann\u00e9es qui ont \u00e9tabli de nouvelles normes pour la fabrication de guitares en termes de construction et de son.<\/p>\n<p>Le centre de R &amp; D est \u00e0 Dortmund en Allemagne et l&rsquo;atelier de fabrication de guitares est \u00e0 Guangzhou en Chine<\/p>\n<p>Nous sommes fiers d&rsquo;\u00eatre le revendeur canadien des guitares Wolfgang Jellinghaus<\/p>\n","protected":false},"excerpt":{"rendered":"<p>D\u00e9di\u00e9 \u00e0 honorer le travail de,\u00a0Ren\u00e9 Fran\u00e7ois Lacote (1785-1868)<\/p>\n<p>Instrument tout simplement magnifique, belle sonorit\u00e9, excellent savoir-faire et tr\u00e8s facile a jou\u00e9<\/p>\n<p>Un \u00ab\u00a0must have\u00a0\u00bb pour tous ceux qui cherchent \u00e0 poss\u00e9der une guitare romantique !!!<\/p>\n<p>Le look relique et l&rsquo;application du vernis fran\u00e7ais sont extr\u00eamement bien ex\u00e9cut\u00e9s !!!<\/p>\n","protected":false},"featured_media":11095,"comment_status":"closed","ping_status":"closed","template":"","meta":{"_mo_disable_npp":""},"product_brand":[],"product_cat":[1058,1057],"product_tag":[1605,1238,1606,1607,1239,1608],"class_list":{"0":"post-24857","1":"product","2":"type-product","3":"status-publish","4":"has-post-thumbnail","6":"product_cat-guitares","7":"product_cat-guitares-classique","8":"product_tag-la-romantica-ren-lacote-replica-guitar-fr","9":"product_tag-montreal-canada-luthier-hand-made-guitars-fr","10":"product_tag-rene-francois-lacote-guitar-fr","11":"product_tag-rene-lacote-classical-guitar-fr","12":"product_tag-romantic-era-hand-made-classical-guitars-fr","13":"product_tag-romantic-lacote-guitar-fr","14":"sales-flash-overlay","15":"woocommerce-text-align-left","16":"woocommerce-image-align-center","17":"do-quantity-buttons","18":"wc-has-gallery","20":"first","21":"instock","22":"taxable","23":"shipping-taxable","24":"purchasable","25":"product-type-simple"},"_links":{"self":[{"href":"https:\/\/www.grandsalondeguitare.com\/fr\/wp-json\/wp\/v2\/product\/24857","targetHints":{"allow":["GET"]}}],"collection":[{"href":"https:\/\/www.grandsalondeguitare.com\/fr\/wp-json\/wp\/v2\/product"}],"about":[{"href":"https:\/\/www.grandsalondeguitare.com\/fr\/wp-json\/wp\/v2\/types\/product"}],"replies":[{"embeddable":true,"href":"https:\/\/www.grandsalondeguitare.com\/fr\/wp-json\/wp\/v2\/comments?post=24857"}],"wp:featuredmedia":[{"embeddable":true,"href":"https:\/\/www.grandsalondeguitare.com\/fr\/wp-json\/wp\/v2\/media\/11095"}],"wp:attachment":[{"href":"https:\/\/www.grandsalondeguitare.com\/fr\/wp-json\/wp\/v2\/media?parent=24857"}],"wp:term":[{"taxonomy":"product_brand","embeddable":true,"href":"https:\/\/www.grandsalondeguitare.com\/fr\/wp-json\/wp\/v2\/product_brand?post=24857"},{"taxonomy":"product_cat","embeddable":true,"href":"https:\/\/www.grandsalondeguitare.com\/fr\/wp-json\/wp\/v2\/product_cat?post=24857"},{"taxonomy":"product_tag","embeddable":true,"href":"https:\/\/www.grandsalondeguitare.com\/fr\/wp-json\/wp\/v2\/product_tag?post=24857"}],"curies":[{"name":"wp","href":"https:\/\/api.w.org\/{rel}","templated":true}]}}