{"id":24852,"date":"2018-04-10T17:19:27","date_gmt":"2018-04-10T22:19:27","guid":{"rendered":"https:\/\/www.grandsalondeguitare.com\/product\/c-415-raimundo-spain\/"},"modified":"2022-06-09T10:52:18","modified_gmt":"2022-06-09T15:52:18","slug":"c-415-raimundo-spain","status":"publish","type":"product","link":"https:\/\/www.grandsalondeguitare.com\/fr\/produit\/c-415-raimundo-spain\/","title":{"rendered":"C-415, Raimundo 631E-Ep (Espagne)"},"content":{"rendered":"<p>Nouveau enti\u00e8rement fabriqu\u00e9 \u00e0 la main en Espagne<\/p>\n<p>Guitare classique \u00e9lectroacoustique avec pan coup\u00e9<\/p>\n<p>Mod\u00e8le 631E<\/p>\n<p>Table en \u00e9pic\u00e9a Europ\u00e9en<\/p>\n<p>Dos et \u00e9clisses en ziricote<\/p>\n<p>Manche en c\u00e8dre<\/p>\n<p>Touche en \u00e9b\u00e8ne<\/p>\n<p>Chevalet en palissandre<\/p>\n<p>Sillet de 51,5 mm<\/p>\n<p>Longueur d&rsquo;\u00e9chelle de 650 mm<\/p>\n<p>Profondeur du corps de 3,75&Prime;<\/p>\n<p>Sillets en os<\/p>\n<p>\u00c9lectronique Fishman Classica<\/p>\n<p>M\u00e9caniques dor\u00e9es<\/p>\n<p>Finition laqu\u00e9e<\/p>\n<p>\u00c9tui rigide inclus<\/p>\n<p>*** \u00c9galement disponible sur commande avec une profondeur de corps plus mince de 2,75\u00a0\u00bb ***<\/p>\n<p>*** Nous sommes fiers d&rsquo;\u00eatre le revendeur canadien officiel de Manuel Raimundo Guitarras de Valence Espagne ***<\/p>\n<p>*** Veuillez noter que les photos utilis\u00e9es pour la liste de ce mod\u00e8le sont g\u00e9n\u00e9rique, la guitare exacte illustr\u00e9e n&rsquo;est plus disponible, la nouvelle guitare offerte diff\u00e9rera l\u00e9g\u00e8rement des images actuelles\u2026<\/p>\n","protected":false},"excerpt":{"rendered":"<p>Excellente guitare classique electro acoustique<\/p>\n<p>Pr\u00e9ampli Fishman Classica install\u00e9<\/p>\n<p>Facile \u00e0 jouer avec un beau timbre\u00a0<\/p>\n<p>Excellent rapport qualit\u00e9\/prix !!!<\/p>\n","protected":false},"featured_media":11313,"comment_status":"closed","ping_status":"closed","template":"","meta":{"_mo_disable_npp":""},"product_brand":[],"product_cat":[1058,1057],"product_tag":[1324,1455,1456],"class_list":{"0":"post-24852","1":"product","2":"type-product","3":"status-publish","4":"has-post-thumbnail","6":"product_cat-guitares","7":"product_cat-guitares-classique","8":"product_tag-cutaway-electro-acoustic-guitars-montreal-canada-fr","9":"product_tag-raimundo-guitars-from-spain-fr","10":"product_tag-raimundo-guitars-in-montreal-canada-fr","11":"sales-flash-overlay","12":"woocommerce-text-align-left","13":"woocommerce-image-align-center","14":"do-quantity-buttons","15":"wc-has-gallery","17":"first","18":"outofstock","19":"taxable","20":"shipping-taxable","21":"product-type-simple"},"_links":{"self":[{"href":"https:\/\/www.grandsalondeguitare.com\/fr\/wp-json\/wp\/v2\/product\/24852","targetHints":{"allow":["GET"]}}],"collection":[{"href":"https:\/\/www.grandsalondeguitare.com\/fr\/wp-json\/wp\/v2\/product"}],"about":[{"href":"https:\/\/www.grandsalondeguitare.com\/fr\/wp-json\/wp\/v2\/types\/product"}],"replies":[{"embeddable":true,"href":"https:\/\/www.grandsalondeguitare.com\/fr\/wp-json\/wp\/v2\/comments?post=24852"}],"wp:featuredmedia":[{"embeddable":true,"href":"https:\/\/www.grandsalondeguitare.com\/fr\/wp-json\/wp\/v2\/media\/11313"}],"wp:attachment":[{"href":"https:\/\/www.grandsalondeguitare.com\/fr\/wp-json\/wp\/v2\/media?parent=24852"}],"wp:term":[{"taxonomy":"product_brand","embeddable":true,"href":"https:\/\/www.grandsalondeguitare.com\/fr\/wp-json\/wp\/v2\/product_brand?post=24852"},{"taxonomy":"product_cat","embeddable":true,"href":"https:\/\/www.grandsalondeguitare.com\/fr\/wp-json\/wp\/v2\/product_cat?post=24852"},{"taxonomy":"product_tag","embeddable":true,"href":"https:\/\/www.grandsalondeguitare.com\/fr\/wp-json\/wp\/v2\/product_tag?post=24852"}],"curies":[{"name":"wp","href":"https:\/\/api.w.org\/{rel}","templated":true}]}}