{"id":24848,"date":"2018-04-23T17:45:47","date_gmt":"2018-04-23T22:45:47","guid":{"rendered":"https:\/\/www.grandsalondeguitare.com\/product\/c-420-wolfgang-jellinghaus-germany\/"},"modified":"2024-04-02T14:41:55","modified_gmt":"2024-04-02T19:41:55","slug":"c-420-wolfgang-jellinghaus-germany","status":"publish","type":"product","link":"https:\/\/www.grandsalondeguitare.com\/fr\/produit\/c-420-wolfgang-jellinghaus-germany\/","title":{"rendered":"C-420, W. Jellinghaus \u00ab\u00a0Bavaria 1A\u00a0\u00bb"},"content":{"rendered":"<div id=\"erdyt-6a006a547c59e\" data-id=\"eQqboHON_rs\" class=\"erd-youtube-responsive\" style=\"display:block;position:relative;clear:both;width:100%;max-width:800px;margin-left:auto;margin-right:auto;\"><div style=\"padding-bottom:56.25%;\"><div class=\"erd-ytplay\" id=\"erdytp-eQqboHON_rs-6a006a547c59e\" data-vid=\"eQqboHON_rs\"   data-src=\"https:\/\/www.youtube.com\/embed\/eQqboHON_rs?loop=1&#038;autoplay=1&#038;rel=0\" data-allowfullscreen=\"true\"><img decoding=\"async\" src=\"https:\/\/i.ytimg.com\/vi\/eQqboHON_rs\/hqdefault.jpg\" alt=\"YouTube Video\" \/><\/div><\/div><\/div>\n<p>&nbsp;<\/p>\n<div id=\"erdyt-6a006a547c616\" data-id=\"A8hR58bmjxg\" class=\"erd-youtube-responsive\" style=\"display:block;position:relative;clear:both;width:100%;max-width:800px;margin-left:auto;margin-right:auto;\"><div style=\"padding-bottom:56.25%;\"><div class=\"erd-ytplay\" id=\"erdytp-A8hR58bmjxg-6a006a547c616\" data-vid=\"A8hR58bmjxg\"   data-src=\"https:\/\/www.youtube.com\/embed\/A8hR58bmjxg?loop=1&#038;autoplay=1&#038;rel=0\" data-allowfullscreen=\"true\"><img decoding=\"async\" src=\"https:\/\/i.ytimg.com\/vi\/A8hR58bmjxg\/hqdefault.jpg\" alt=\"YouTube Video\" \/><\/div><\/div><\/div>\n<p>&nbsp;<\/p>\n<p>Nouveau !!!<\/p>\n<p>Mod\u00e8le La Bavaria 1A<\/p>\n<p>Echelle de 650 mm<\/p>\n<p>Sillet de 52 mm<\/p>\n<p>Table en \u00e9pic\u00e9a Allemande (Moon cut)<\/p>\n<p>Dos et \u00e9clisses en palissandre de Madagascar<\/p>\n<p>Manche en c\u00e8dre<\/p>\n<p>Touche en \u00e9b\u00e8ne<\/p>\n<p>Rosace en bois<\/p>\n<p>Chevalet et placage de la tete en palissandre de Madagascar<\/p>\n<p>Sillets en os<\/p>\n<p>M\u00e9caniques Der Jung avec ratio d&rsquo;engrainage 1:18<\/p>\n<p>Finition au tampon en polis Fran\u00e7ais<\/p>\n<p>\u00c9tui rigide inclus<\/p>\n<p>&nbsp;<\/p>\n<p>Le poids de la guitare est de 1,5 kg \/ 3,2 lb<\/p>\n<p>La longueur du corps est de 49 cm \/ 19,29 pouces<\/p>\n<p>Le bout sup\u00e9rieur mesure 27,5 cm \/ 10,826 pouces<\/p>\n<p>Le bout inf\u00e9rieur est de 36,83 cm \/ 14,5 pouces<\/p>\n<p>La largeur du corps est de 10,16 cm \/ 4 pouces<\/p>\n<p>&nbsp;<\/p>\n<p>Veuillez noter que\u00a0des photos g\u00e9n\u00e9riques sont utilis\u00e9es pour ce mod\u00e8le, la guitare exacte illustr\u00e9e n&rsquo;est plus disponible, la nouvelle guitare propos\u00e9e sera l\u00e9g\u00e8rement diff\u00e9rente des images actuelles&#8230;<\/p>\n<p>&nbsp;<\/p>\n<p>D\u00e9di\u00e9 \u00e0 honorer l&rsquo;\u0153uvre de Herman Hauser 1 (1882-1952),<\/p>\n<p>Lorsque Andres Segovia rendit visite \u00e0 Hauser, il lui demanda de construire une guitare bas\u00e9e sur la Ramirez de 1912 et la Torres SE43 sur laquelle il jouait.<\/p>\n<p>Hauser a suivi cette id\u00e9e et a construit le l\u00e9gendaire mod\u00e8le Hauser de 1937 que Segovia a achet\u00e9 et l&rsquo;a appel\u00e9 la meilleure guitare qu&rsquo;il ait jamais jou\u00e9e&#8230;<\/p>\n<p>La guitare originale Hauser de 1937 fait d\u00e9sormais partie du mus\u00e9e d&rsquo;art moderne (MOMA) de New York<\/p>\n<p>Fabriqu\u00e9 au Milestone Luthier Centre, fond\u00e9 en 2013 par Wolfgang Jellinghaus et Michael Zhang.<\/p>\n<p>L&rsquo;objectif du Milestone Luthier Center est de reconstruire l&rsquo;histoire de la fabrication de guitares classiques en s\u00e9lectionnant six ma\u00eetres d&rsquo;\u0153uvre diff\u00e9rents des 230 derni\u00e8res ann\u00e9es qui ont \u00e9tabli de nouvelles normes pour la fabrication de guitares en termes de construction et de son.<\/p>\n<p>Le centre de R&amp;D est \u00e0 Dortmund en Allemagne et l&rsquo;atelier de fabrication de guitares est \u00e0 Guangzhou en Chine<\/p>\n<p>Nous sommes fiers d&rsquo;\u00eatre le revendeur canadien des guitares Wolfgang Jellinghaus<\/p>\n","protected":false},"excerpt":{"rendered":"<p>D\u00e9di\u00e9 \u00e0 honorer l&rsquo;\u0153uvre de Herman Hauser 1 (1882-1952)<\/p>\n<p>Le mod\u00e8le Bavaria 1A est bas\u00e9 sur le Ramirez 1912 et Torres SE43 que Segovia jou\u00e9, cette\u00a0guitare l\u00e9gendaire qui est devenue le mod\u00e8le Hauser 1 de 1937&#8230;<\/p>\n<p>Une copie tr\u00e8s bien ex\u00e9cut\u00e9e du Hauser 1, ce mod\u00e8le est extr\u00eamement l\u00e9ger \u00e0 tenir, offrant une belle voix chantante, \u00e9quilibr\u00e9e et s\u00e9paration parfaite entre les notes&#8230;<\/p>\n<p>Un essaie s&rsquo;impose<\/p>\n","protected":false},"featured_media":11535,"comment_status":"closed","ping_status":"closed","template":"","meta":{"_mo_disable_npp":""},"product_brand":[],"product_cat":[1058,1057],"product_tag":[1584,1585,1586,1587],"class_list":{"0":"post-24848","1":"product","2":"type-product","3":"status-publish","4":"has-post-thumbnail","6":"product_cat-guitares","7":"product_cat-guitares-classique","8":"product_tag-1937-hauser-segovia-model-fr","9":"product_tag-hand-made-high-end-guitars-in-montreal-canada-fr","10":"product_tag-hauser-guitars-in-montreal-canada-fr","11":"product_tag-herman-hauser-1-guitar-fr","12":"sales-flash-overlay","13":"woocommerce-text-align-left","14":"woocommerce-image-align-center","15":"do-quantity-buttons","16":"wc-has-gallery","18":"first","19":"onbackorder","20":"taxable","21":"shipping-taxable","22":"purchasable","23":"product-type-simple"},"_links":{"self":[{"href":"https:\/\/www.grandsalondeguitare.com\/fr\/wp-json\/wp\/v2\/product\/24848","targetHints":{"allow":["GET"]}}],"collection":[{"href":"https:\/\/www.grandsalondeguitare.com\/fr\/wp-json\/wp\/v2\/product"}],"about":[{"href":"https:\/\/www.grandsalondeguitare.com\/fr\/wp-json\/wp\/v2\/types\/product"}],"replies":[{"embeddable":true,"href":"https:\/\/www.grandsalondeguitare.com\/fr\/wp-json\/wp\/v2\/comments?post=24848"}],"wp:featuredmedia":[{"embeddable":true,"href":"https:\/\/www.grandsalondeguitare.com\/fr\/wp-json\/wp\/v2\/media\/11535"}],"wp:attachment":[{"href":"https:\/\/www.grandsalondeguitare.com\/fr\/wp-json\/wp\/v2\/media?parent=24848"}],"wp:term":[{"taxonomy":"product_brand","embeddable":true,"href":"https:\/\/www.grandsalondeguitare.com\/fr\/wp-json\/wp\/v2\/product_brand?post=24848"},{"taxonomy":"product_cat","embeddable":true,"href":"https:\/\/www.grandsalondeguitare.com\/fr\/wp-json\/wp\/v2\/product_cat?post=24848"},{"taxonomy":"product_tag","embeddable":true,"href":"https:\/\/www.grandsalondeguitare.com\/fr\/wp-json\/wp\/v2\/product_tag?post=24848"}],"curies":[{"name":"wp","href":"https:\/\/api.w.org\/{rel}","templated":true}]}}