{"id":24840,"date":"2018-12-14T18:22:57","date_gmt":"2018-12-14T23:22:57","guid":{"rendered":"https:\/\/www.grandsalondeguitare.com\/product\/c-443-jose-marques-united-kingdom\/"},"modified":"2026-01-26T15:56:27","modified_gmt":"2026-01-26T20:56:27","slug":"c-443-jose-marques-united-kingdom","status":"publish","type":"product","link":"https:\/\/www.grandsalondeguitare.com\/fr\/produit\/c-443-jose-marques-united-kingdom\/","title":{"rendered":"C-443, Jose Marques (Portugal)"},"content":{"rendered":"<p>Guitare classique de concert neuve<\/p>\n<p>Fabriqu\u00e9e en 2018<\/p>\n<p>N-44<\/p>\n<p>Diapason de 650 mm avec sillet de 52 mm<\/p>\n<p>Table en \u00e9pic\u00e9a Italien avec barrage en \u00e9ventail<\/p>\n<p>Fond et \u00e9clisses en palissandre indien<\/p>\n<p>Manche en c\u00e8dre renforc\u00e9 de fibre de carbone<\/p>\n<p>Touche en \u00e9b\u00e8ne<\/p>\n<p>Rosette artisanale en poirier et \u00e9b\u00e8ne<\/p>\n<p>Incrustations en poirier et \u00e9b\u00e8ne<\/p>\n<p>Placage du t\u00eate et du chevalet en palissandre indien<\/p>\n<p>Sillet de t\u00eate et chevalet r\u00e9glable en os<\/p>\n<p>M\u00e9caniques Schaller Grandtune avec boutons en bois de serpent<\/p>\n<p>Finition enti\u00e8rement vernie \u00e0 la main au tampon fran\u00e7ais<\/p>\n<p>\u00c9tui rigide inclus<\/p>\n<p>&nbsp;<\/p>\n<p>N\u00e9 au Portugal, Jos\u00e9 Marques est un luthier qui a baign\u00e9 dans le bois et la musique d\u00e8s son plus jeune \u00e2ge.<\/p>\n<p>Apr\u00e8s une carri\u00e8re de menuisier, Jos\u00e9 a fait son apprentissage aupr\u00e8s du luthier renomm\u00e9 Daniel Luz afin d&rsquo;apprendre le m\u00e9tier de la fabrication d&rsquo;instruments de musique, en commen\u00e7ant par la guitare portugaise, la viola campani\u00e7a, et enfin la guitare classique.<\/p>\n<p>Apr\u00e8s un s\u00e9jour au Royaume-Uni o\u00f9 il a perfectionn\u00e9 ses comp\u00e9tences dans diff\u00e9rents ateliers, il s&rsquo;est install\u00e9 \u00e0 Corti\u00e7ois, au Portugal, pour se consacrer enti\u00e8rement \u00e0 la fabrication de guitares classiques de haute qualit\u00e9.<\/p>\n<p>*** Nous sommes fiers d&rsquo;\u00eatre le repr\u00e9sentant nord-am\u00e9ricain du luthier Jos\u00e9 Marques ***<\/p>\n","protected":false},"excerpt":{"rendered":"[youtube v=FwBxjQCGYmM maxwidth=\"800px\"]\n<p>&nbsp;<\/p>\n<p>Une autre tr\u00e8s belle guitare traditionnelle, directement du Royaume-Uni.<\/p>\n<p>Un instrument tr\u00e8s l\u00e9ger, mais d&rsquo;une richesse sonore incroyable\u00a0!<\/p>\n<p>Des aigus chantants et doux, des basses parfaitement \u00e9quilibr\u00e9es.<\/p>\n<p>Une palette sonore riche \u2026<\/p>\n<p>Un essaie s&rsquo;impose !!<\/p>\n","protected":false},"featured_media":23369,"comment_status":"closed","ping_status":"closed","template":"","meta":{"_mo_disable_npp":""},"product_brand":[],"product_cat":[1058,1057],"product_tag":[1107,1565,1566,1567],"class_list":{"0":"post-24840","1":"product","2":"type-product","3":"status-publish","4":"has-post-thumbnail","6":"product_cat-guitares","7":"product_cat-guitares-classique","8":"product_tag-classical-guitars-montreal-canada-fr","9":"product_tag-concert-classical-guitars-from-uk-fr","10":"product_tag-hand-made-concert-guitars-montreal-canada-fr","11":"product_tag-united-kingdom-luthier-in-montreal-fr","12":"sales-flash-overlay","13":"woocommerce-text-align-left","14":"woocommerce-image-align-center","15":"do-quantity-buttons","16":"wc-has-gallery","18":"first","19":"instock","20":"taxable","21":"shipping-taxable","22":"purchasable","23":"product-type-simple"},"_links":{"self":[{"href":"https:\/\/www.grandsalondeguitare.com\/fr\/wp-json\/wp\/v2\/product\/24840","targetHints":{"allow":["GET"]}}],"collection":[{"href":"https:\/\/www.grandsalondeguitare.com\/fr\/wp-json\/wp\/v2\/product"}],"about":[{"href":"https:\/\/www.grandsalondeguitare.com\/fr\/wp-json\/wp\/v2\/types\/product"}],"replies":[{"embeddable":true,"href":"https:\/\/www.grandsalondeguitare.com\/fr\/wp-json\/wp\/v2\/comments?post=24840"}],"wp:featuredmedia":[{"embeddable":true,"href":"https:\/\/www.grandsalondeguitare.com\/fr\/wp-json\/wp\/v2\/media\/23369"}],"wp:attachment":[{"href":"https:\/\/www.grandsalondeguitare.com\/fr\/wp-json\/wp\/v2\/media?parent=24840"}],"wp:term":[{"taxonomy":"product_brand","embeddable":true,"href":"https:\/\/www.grandsalondeguitare.com\/fr\/wp-json\/wp\/v2\/product_brand?post=24840"},{"taxonomy":"product_cat","embeddable":true,"href":"https:\/\/www.grandsalondeguitare.com\/fr\/wp-json\/wp\/v2\/product_cat?post=24840"},{"taxonomy":"product_tag","embeddable":true,"href":"https:\/\/www.grandsalondeguitare.com\/fr\/wp-json\/wp\/v2\/product_tag?post=24840"}],"curies":[{"name":"wp","href":"https:\/\/api.w.org\/{rel}","templated":true}]}}