{"id":24832,"date":"2019-04-12T15:03:34","date_gmt":"2019-04-12T20:03:34","guid":{"rendered":"https:\/\/www.grandsalondeguitare.com\/product\/c-456-wolfgang-jellinghaus-germany\/"},"modified":"2026-02-03T11:03:43","modified_gmt":"2026-02-03T16:03:43","slug":"c-456-wolfgang-jellinghaus-germany","status":"publish","type":"product","link":"https:\/\/www.grandsalondeguitare.com\/fr\/produit\/c-456-wolfgang-jellinghaus-germany\/","title":{"rendered":"C-456, W. Jellinghaus \u00ab\u00a0Signature DT\u00a0\u00bb"},"content":{"rendered":"<p>Nouvelle guitare classique double table<\/p>\n<p>Mod\u00e8le \u00ab\u00a0Signature\u00a0\u00bb<\/p>\n<p>Diapason de 650 mm avec sillet de 52 mm<\/p>\n<p>C\u00e8dre\/Nomex\/C\u00e8dre<\/p>\n<p>Barrage en treillis tout en bois<\/p>\n<p>Fond et \u00e9clisses en palissandre de Granadillo doubl\u00e9s d&rsquo;une seconde couche de cypr\u00e8s<\/p>\n<p>Manche sur\u00e9lev\u00e9 en c\u00e8dre<\/p>\n<p>Touche flottante en \u00e9b\u00e8ne<\/p>\n<p>Rosette en bois<\/p>\n<p>Placage de t\u00eate et repose-bras en Granadillo<\/p>\n<p>Sillet de t\u00eate et chevalet en os<\/p>\n<p>M\u00e9caniques Der Jung (ratio d&rsquo;engrainage 1:18)<\/p>\n<p>Finition vernie au tampon \u00e0 la main<\/p>\n<p>\u00c9tui en fibre de verre sur mesure inclus<\/p>\n<p>&nbsp;<\/p>\n<p>Largeur de la caisse (partie sup\u00e9rieure) : 28 cm \/ 11,0236 pouces<\/p>\n<p>Largeur de la caisse (partie inf\u00e9rieure) : 36,83 cm \/ 14,5 pouces<\/p>\n<p>\u00c9paisseur du corps: 10 cm \/ 3,937 pouces<\/p>\n<p>Poids : 1,6 kg \/ 3,6 lbs<\/p>\n<p>&nbsp;<\/p>\n<p>*** Veuillez noter que les photos pr\u00e9sent\u00e9es sont des photos d&rsquo;illustration. La guitare exacte illustr\u00e9e n&rsquo;est plus disponible. La nouvelle guitare propos\u00e9e sera l\u00e9g\u00e8rement diff\u00e9rente des photos actuelles\u2026<\/p>\n<p>*** Ce mod\u00e8le peut \u00e9galement \u00eatre command\u00e9 avec un diapason court de 630 ou 640 mm ***<\/p>\n<p>&nbsp;<\/p>\n<p>D\u00e9di\u00e9e au travail de Matthias Dammann, qui a commenc\u00e9 \u00e0 fabriquer des guitares \u00e0 double table en 1989 en utilisant deux tables avec un support central en Nomex alv\u00e9olaire, la r\u00e9duction du poids a permis d&rsquo;augmenter le volume. Avec moins de 2 mm de bois v\u00e9ritable, la rigidit\u00e9 axiale et tangentielle \u00e9tait essentielle pour pr\u00e9server la douceur du son\u2026<\/p>\n<p>Fabriqu\u00e9e au Milestone Luthier Centre, fond\u00e9 en 2013 par Wolfgang Jellinghaus et Michael Zhang.<\/p>\n<p>L&rsquo;objectif du Milestone Luthier Centre est de faire revivre l&rsquo;histoire de la lutherie classique en s\u00e9lectionnant six ma\u00eetres luthiers des 230 derni\u00e8res ann\u00e9es qui ont \u00e9tabli de nouvelles normes en mati\u00e8re de construction et de sonorit\u00e9.<\/p>\n<p>Le centre de recherche et d\u00e9veloppement est situ\u00e9 \u00e0 Dortmund, en Allemagne, et l&rsquo;atelier de fabrication \u00e0 Guangzhou, en Chine.<\/p>\n<p>Nous sommes fiers d&rsquo;\u00eatre le distributeur canadien officiel des guitares Wolfgang Jellinghaus.<\/p>\n<div id=\"erdyt-6a007c37076c2\" data-id=\"feHwABZWz1o\" class=\"erd-youtube-responsive\" style=\"display:block;position:relative;clear:both;width:100%;max-width:800px;margin-left:auto;margin-right:auto;\"><div style=\"padding-bottom:56.25%;\"><div class=\"erd-ytplay\" id=\"erdytp-feHwABZWz1o-6a007c37076c2\" data-vid=\"feHwABZWz1o\"   data-src=\"https:\/\/www.youtube.com\/embed\/feHwABZWz1o?loop=1&#038;autoplay=1&#038;rel=0\" data-allowfullscreen=\"true\"><img decoding=\"async\" src=\"https:\/\/i.ytimg.com\/vi\/feHwABZWz1o\/hqdefault.jpg\" alt=\"YouTube Video\" \/><\/div><\/div><\/div>\n","protected":false},"excerpt":{"rendered":"[youtube v=xSzZ22XQiDE maxwidth=\"800px\"]\n<p>&nbsp;<\/p>\n<p>Nouvelle guitare disponible maintenant avec \u00e9chelle courte de 640mm !!<\/p>\n<p>&nbsp;<\/p>\n<p>Comme l&rsquo;\u00e9crit Wolfgang\u2026 Je fabrique mes guitares signature avec une double table avec couche interne de Nomex pris en sandwich entre deux couches de c\u00e8dre ou d&rsquo;\u00e9pic\u00e9a massif, mais tr\u00e8s fines.<\/p>\n<p>La jonction manche\/corps combine la construction traditionnelle du talon espagnol avec une touche flottante, utilis\u00e9e pour les violons depuis des si\u00e8cles.<\/p>\n<p>L&rsquo;id\u00e9e \u00e9tait de retrouver toute la richesse sonore d&rsquo;une table d&rsquo;harmonie de taille standard, sans comprimer la partie sup\u00e9rieure de la table entre la touche en \u00e9b\u00e8ne coll\u00e9e et la barre d&rsquo;harmonie sup\u00e9rieure.<\/p>\n<p>Pour le dos, les \u00e9clisses et le chevalet, je pr\u00e9f\u00e8re utiliser du granadillo (Platmiscium yucatanum) du Mexique, un bois de lutherie traditionnel pour les marimbas, tr\u00e8s proche du cocobolo et du palissandre de Madagascar. Je s\u00e9lectionne personnellement les grumes \u00e0 la source et les transforme moi-m\u00eame en bois de lutherie. Le granadillo n&rsquo;est pas menac\u00e9 par la CITES.<\/p>\n<p>Les \u00e9clisses sont doubl\u00e9s et comportent une seconde couche de cypr\u00e8s.<\/p>\n<p>Des guitares de concert \u00e0 prix exceptionnels !! R\u00e9ponse instantan\u00e9e, excellente s\u00e9parations, sustain remarquable pour les basses avec des aigus chantants, projection de niveaux concert !!<\/p>\n<p>Un essaie s&rsquo;impose !!<\/p>\n","protected":false},"featured_media":12955,"comment_status":"closed","ping_status":"closed","template":"","meta":{"_mo_disable_npp":""},"product_brand":[],"product_cat":[2258,1058,1057],"product_tag":[1548,1549,1550,1551],"class_list":{"0":"post-24832","1":"product","2":"type-product","3":"status-publish","4":"has-post-thumbnail","6":"product_cat-double-tops","7":"product_cat-guitares","8":"product_cat-guitares-classique","9":"product_tag-double-cedar-top-concert-guitars-fr","10":"product_tag-floating-neck-classical-guitars-fr","11":"product_tag-german-double-top-guitars-montreal-canada-fr","12":"product_tag-wolfgang-jellinghaus-luthier-fr","13":"sales-flash-overlay","14":"woocommerce-text-align-left","15":"woocommerce-image-align-center","16":"do-quantity-buttons","17":"wc-has-gallery","19":"first","20":"onbackorder","21":"sold-individually","22":"taxable","23":"shipping-taxable","24":"product-type-simple"},"_links":{"self":[{"href":"https:\/\/www.grandsalondeguitare.com\/fr\/wp-json\/wp\/v2\/product\/24832","targetHints":{"allow":["GET"]}}],"collection":[{"href":"https:\/\/www.grandsalondeguitare.com\/fr\/wp-json\/wp\/v2\/product"}],"about":[{"href":"https:\/\/www.grandsalondeguitare.com\/fr\/wp-json\/wp\/v2\/types\/product"}],"replies":[{"embeddable":true,"href":"https:\/\/www.grandsalondeguitare.com\/fr\/wp-json\/wp\/v2\/comments?post=24832"}],"wp:featuredmedia":[{"embeddable":true,"href":"https:\/\/www.grandsalondeguitare.com\/fr\/wp-json\/wp\/v2\/media\/12955"}],"wp:attachment":[{"href":"https:\/\/www.grandsalondeguitare.com\/fr\/wp-json\/wp\/v2\/media?parent=24832"}],"wp:term":[{"taxonomy":"product_brand","embeddable":true,"href":"https:\/\/www.grandsalondeguitare.com\/fr\/wp-json\/wp\/v2\/product_brand?post=24832"},{"taxonomy":"product_cat","embeddable":true,"href":"https:\/\/www.grandsalondeguitare.com\/fr\/wp-json\/wp\/v2\/product_cat?post=24832"},{"taxonomy":"product_tag","embeddable":true,"href":"https:\/\/www.grandsalondeguitare.com\/fr\/wp-json\/wp\/v2\/product_tag?post=24832"}],"curies":[{"name":"wp","href":"https:\/\/api.w.org\/{rel}","templated":true}]}}