{"id":24828,"date":"2019-09-13T14:33:50","date_gmt":"2019-09-13T19:33:50","guid":{"rendered":"https:\/\/www.grandsalondeguitare.com\/product\/c-470-zoran-kuvac-bosnia-herzegovina\/"},"modified":"2022-04-23T14:42:08","modified_gmt":"2022-04-23T19:42:08","slug":"c-470-zoran-kuvac-bosnia-herzegovina","status":"publish","type":"product","link":"https:\/\/www.grandsalondeguitare.com\/fr\/produit\/c-470-zoran-kuvac-bosnia-herzegovina\/","title":{"rendered":"C-470, Zoran Kuvac (Bosnia &#038; Herzegovina)"},"content":{"rendered":"<div id=\"erdyt-6a007b8abe9ea\" data-id=\"SEUD0vhRf-8\" class=\"erd-youtube-responsive\" style=\"display:block;position:relative;clear:both;width:100%;max-width:800px;margin-left:auto;margin-right:auto;\"><div style=\"padding-bottom:56.25%;\"><div class=\"erd-ytplay\" id=\"erdytp-SEUD0vhRf-8-6a007b8abe9ea\" data-vid=\"SEUD0vhRf-8\"   data-src=\"https:\/\/www.youtube.com\/embed\/SEUD0vhRf-8?loop=1&#038;autoplay=1&#038;rel=0\" data-allowfullscreen=\"true\"><img decoding=\"async\" src=\"https:\/\/i.ytimg.com\/vi\/SEUD0vhRf-8\/hqdefault.jpg\" alt=\"YouTube Video\" \/><\/div><\/div><\/div>\n<p>&nbsp;<\/p>\n<div id=\"erdyt-6a007b8abea5e\" data-id=\"fpQz-Mc0HJk\" class=\"erd-youtube-responsive\" style=\"display:block;position:relative;clear:both;width:100%;max-width:800px;margin-left:auto;margin-right:auto;\"><div style=\"padding-bottom:56.25%;\"><div class=\"erd-ytplay\" id=\"erdytp-fpQz-Mc0HJk-6a007b8abea5e\" data-vid=\"fpQz-Mc0HJk\"   data-src=\"https:\/\/www.youtube.com\/embed\/fpQz-Mc0HJk?loop=1&#038;autoplay=1&#038;rel=0\" data-allowfullscreen=\"true\"><img decoding=\"async\" src=\"https:\/\/i.ytimg.com\/vi\/fpQz-Mc0HJk\/hqdefault.jpg\" alt=\"YouTube Video\" \/><\/div><\/div><\/div>\n<p>&nbsp;<\/p>\n<p>Guitare classique de concert<\/p>\n<p>Fabriqu\u00e9 en 2015<\/p>\n<p>N-223<\/p>\n<p>\u00c9chelle de 650 mm avec sillet de 52 mm<\/p>\n<p>Table en \u00e9pic\u00e9a Europ\u00e9en<\/p>\n<p>Dos et \u00e9clisses en palissandre du Br\u00e9sil<\/p>\n<p>Manche en acajou<\/p>\n<p>Touche en \u00e9b\u00e8ne<\/p>\n<p>Chevalet placage de la t\u00eate en palissandre Br\u00e9silien<\/p>\n<p>M\u00e9caniques artisanales Alessi<\/p>\n<p>Finition frott\u00e9e \u00e0 la main au tampon en polis Fran\u00e7ais<\/p>\n<p>\u00c9tui rigide inclus<\/p>\n","protected":false},"excerpt":{"rendered":"<p>Le luthier Zoran Kuvac est bas\u00e9 en Bosnie-Herz\u00e9govine (ex-Yougoslavie) et est luthier \u00e0 plein temps depuis de nombreuses ann\u00e9es, ayant construit plus de 200 instruments \u00e0 ce jour.<\/p>\n<p>Ses influences sont principalement des luthiers espagnols traditionnels tels que Torres et Romanillos (il a particip\u00e9 deux fois aux masterclasses de Romanillos) mais ses instruments actuels (dont celui que nous proposons ici) sont davantage bas\u00e9s sur l&rsquo;\u00e9cole fran\u00e7aise contemporaine.<\/p>\n<p>La guitare pr\u00e9sent\u00e9e s&rsquo;inspire notamment du travail de Daniel Friederich et un regard \u00e0 l&rsquo;int\u00e9rieur sur le syst\u00e8me de barrage confirme bien cette influence. Bien qu&rsquo;inspir\u00e9e structurellement par Daniel Friederich, cette guitare est esth\u00e9tiquement unique au design de Zoran Kuvac. Les mat\u00e9riaux sont tr\u00e8s \u00e9l\u00e9gants &#8211; il comporte un ensemble de beaux bois de rose figur\u00e9s pour le dos et les c\u00f4t\u00e9s avec une magnifique table en \u00e9pic\u00e9a \u00e0 grain serr\u00e9 et sci\u00e9e sur quartier.<\/p>\n<p>Le son est extr\u00eamement raffin\u00e9 &#8211; cristallin dans tous les registres avec une belle rondeur et robustesse \u00e0 chaque note. Il est \u00e9galement tr\u00e8s r\u00e9actif aux deux mains, il a un excellent punch et un volume \u00e9norme.<\/p>\n<p>De nombreux guitaristes bien connus, dont Zoran Duki\u0107 et Edin Karamazov, ont jou\u00e9 des guitares Kuvac.<\/p>\n<p>Un essaie s&rsquo;impose\u00a0<\/p>\n","protected":false},"featured_media":13491,"comment_status":"closed","ping_status":"closed","template":"","meta":{"_mo_disable_npp":""},"product_brand":[],"product_cat":[1058,1057],"product_tag":[1536,1537,1538],"class_list":{"0":"post-24828","1":"product","2":"type-product","3":"status-publish","4":"has-post-thumbnail","6":"product_cat-guitares","7":"product_cat-guitares-classique","8":"product_tag-concert-classical-guitars-bosnia-montrea-canada-fr","9":"product_tag-zoran-kuvac-classical-guitars-from-yugoslavia-fr","10":"product_tag-zoran-kuvac-luthier-bosnia-fr","11":"sales-flash-overlay","12":"woocommerce-text-align-left","13":"woocommerce-image-align-center","14":"do-quantity-buttons","15":"wc-has-gallery","17":"first","18":"outofstock","19":"taxable","20":"shipping-taxable","21":"product-type-simple"},"_links":{"self":[{"href":"https:\/\/www.grandsalondeguitare.com\/fr\/wp-json\/wp\/v2\/product\/24828","targetHints":{"allow":["GET"]}}],"collection":[{"href":"https:\/\/www.grandsalondeguitare.com\/fr\/wp-json\/wp\/v2\/product"}],"about":[{"href":"https:\/\/www.grandsalondeguitare.com\/fr\/wp-json\/wp\/v2\/types\/product"}],"replies":[{"embeddable":true,"href":"https:\/\/www.grandsalondeguitare.com\/fr\/wp-json\/wp\/v2\/comments?post=24828"}],"wp:featuredmedia":[{"embeddable":true,"href":"https:\/\/www.grandsalondeguitare.com\/fr\/wp-json\/wp\/v2\/media\/13491"}],"wp:attachment":[{"href":"https:\/\/www.grandsalondeguitare.com\/fr\/wp-json\/wp\/v2\/media?parent=24828"}],"wp:term":[{"taxonomy":"product_brand","embeddable":true,"href":"https:\/\/www.grandsalondeguitare.com\/fr\/wp-json\/wp\/v2\/product_brand?post=24828"},{"taxonomy":"product_cat","embeddable":true,"href":"https:\/\/www.grandsalondeguitare.com\/fr\/wp-json\/wp\/v2\/product_cat?post=24828"},{"taxonomy":"product_tag","embeddable":true,"href":"https:\/\/www.grandsalondeguitare.com\/fr\/wp-json\/wp\/v2\/product_tag?post=24828"}],"curies":[{"name":"wp","href":"https:\/\/api.w.org\/{rel}","templated":true}]}}