{"id":24818,"date":"2020-03-11T14:30:01","date_gmt":"2020-03-11T19:30:01","guid":{"rendered":"https:\/\/www.grandsalondeguitare.com\/product\/a-150-visesnut-active-series\/"},"modified":"2022-03-26T16:03:32","modified_gmt":"2022-03-26T21:03:32","slug":"a-150-visesnut-active-series","status":"publish","type":"product","link":"https:\/\/www.grandsalondeguitare.com\/fr\/produit\/a-150-visesnut-active-series\/","title":{"rendered":"A-150, Visesnut S\u00e9rie Active"},"content":{"rendered":"<p>CG S\u00e9rie Active<\/p>\n<p>Couleur:\u00a0Gris Fonc\u00e9<\/p>\n<p>\u00c9tui pour guitare classique ou guitares de taille similaire<\/p>\n<p>Structure Double paroi avec \u00e2me en mousse polyur\u00e9thane<\/p>\n<p>Mat\u00e9riel de la paroi ext\u00e9rieure: ABS<\/p>\n<p>Mat\u00e9riel interm\u00e9diaire: Mousse rigide de polyur\u00e9thane (PU \u00e0 cellules ferm\u00e9es)<\/p>\n<p>Mat\u00e9riaux de la paroi int\u00e9rieure: ABS et Velours<\/p>\n<p>Fonction de taille int\u00e9rieure r\u00e9glable<\/p>\n<p>Rembourrage de ceinture r\u00e9glable<\/p>\n<p>Ceinture de t\u00eate (nouveau brevet, mars 2018): Oui<\/p>\n<p>Rembourrage du bo\u00eetier int\u00e9rieur en mousse souple PU et velours<\/p>\n<p>Compartiment: Un compartiment<\/p>\n<p>Type de loquet\/mat\u00e9riaux: Quatre loquets \u00e0 bascule\/acier inoxydable<\/p>\n<p>Verrouillage du loquet: Oui, utilisez un cadenas. (Le cadenas n&rsquo;est pas inclus)<\/p>\n<p>Mat\u00e9riel du manche: Cuir<\/p>\n<p>Position debout: Pied en PU vertical \/ lat\u00e9ral.<\/p>\n<p>Deux sangles arri\u00e8re sont incluses<\/p>\n<p>&nbsp;<\/p>\n<p>DIMENSIONS INT\u00c9RIEURES<\/p>\n<p>Partie sup\u00e9rieure : 11 1\/2&Prime; &#8211; 29,21 cm<\/p>\n<p>Tour de taille : 9 7\/8&Prime; &#8211; 25,0825 cm<\/p>\n<p>Partie inf\u00e9rieure : 15&Prime; &#8211; 38,1 cm<\/p>\n<p>\u00c9paisseur du corps au talon : 4 1\/8&Prime; &#8211; 10,4775 cm<\/p>\n<p>\u00c9paisseur du corps \u00e0 la crosse : 4 3\/8&Prime; &#8211; 11,1125 cm<\/p>\n<p>Longueur du corps : 19 3\/8&Prime; &#8211; 49,2125 cm<\/p>\n<p>Longueur totale de la guitare : 40 3\/8&Prime; &#8211; 102,552 cm<\/p>\n<p>&nbsp;<\/p>\n<p>DIMENSIONS EXT\u00c9RIEURES<\/p>\n<p>Partie sup\u00e9rieure : 13 3\/8&Prime; &#8211; 33,9725 cm<\/p>\n<p>Partie inf\u00e9rieure : 16 7\/8&Prime; &#8211; 42.8625<\/p>\n<p>Longueur totale du bo\u00eetier : 41 7\/8&Prime; &#8211; 106,362 cm<\/p>\n<p>Poids net (\u00e9tui vide sans sangles) 7,49572 lb \/ 3,4 Kg<\/p>\n","protected":false},"excerpt":{"rendered":"<p>CG, S\u00e9rie Active<\/p>\n<p>\u00c9tui pour guitare classique ou guitares de taille similaire<\/p>\n","protected":false},"featured_media":14715,"comment_status":"closed","ping_status":"closed","template":"","meta":{"_mo_disable_npp":""},"product_brand":[],"product_cat":[1052,1187],"product_tag":[1513,1514,1515],"class_list":{"0":"post-24818","1":"product","2":"type-product","3":"status-publish","4":"has-post-thumbnail","6":"product_cat-accessoires","7":"product_cat-etuis","8":"product_tag-visesnut-active-series-cases-fr","9":"product_tag-visesnut-flight-cases-fr","10":"product_tag-visesnut-guitar-cases-fr","11":"sales-flash-overlay","12":"woocommerce-text-align-left","13":"woocommerce-image-align-center","14":"do-quantity-buttons","15":"wc-has-gallery","17":"first","18":"instock","19":"sold-individually","20":"taxable","21":"shipping-taxable","22":"purchasable","23":"product-type-simple"},"_links":{"self":[{"href":"https:\/\/www.grandsalondeguitare.com\/fr\/wp-json\/wp\/v2\/product\/24818","targetHints":{"allow":["GET"]}}],"collection":[{"href":"https:\/\/www.grandsalondeguitare.com\/fr\/wp-json\/wp\/v2\/product"}],"about":[{"href":"https:\/\/www.grandsalondeguitare.com\/fr\/wp-json\/wp\/v2\/types\/product"}],"replies":[{"embeddable":true,"href":"https:\/\/www.grandsalondeguitare.com\/fr\/wp-json\/wp\/v2\/comments?post=24818"}],"wp:featuredmedia":[{"embeddable":true,"href":"https:\/\/www.grandsalondeguitare.com\/fr\/wp-json\/wp\/v2\/media\/14715"}],"wp:attachment":[{"href":"https:\/\/www.grandsalondeguitare.com\/fr\/wp-json\/wp\/v2\/media?parent=24818"}],"wp:term":[{"taxonomy":"product_brand","embeddable":true,"href":"https:\/\/www.grandsalondeguitare.com\/fr\/wp-json\/wp\/v2\/product_brand?post=24818"},{"taxonomy":"product_cat","embeddable":true,"href":"https:\/\/www.grandsalondeguitare.com\/fr\/wp-json\/wp\/v2\/product_cat?post=24818"},{"taxonomy":"product_tag","embeddable":true,"href":"https:\/\/www.grandsalondeguitare.com\/fr\/wp-json\/wp\/v2\/product_tag?post=24818"}],"curies":[{"name":"wp","href":"https:\/\/api.w.org\/{rel}","templated":true}]}}