{"id":24810,"date":"2020-03-13T15:04:42","date_gmt":"2020-03-13T20:04:42","guid":{"rendered":"https:\/\/www.grandsalondeguitare.com\/product\/a-159-la-bella-vivace-htcl\/"},"modified":"2023-12-06T19:26:43","modified_gmt":"2023-12-07T00:26:43","slug":"a-159-la-bella-vivace-htcl","status":"publish","type":"product","link":"https:\/\/www.grandsalondeguitare.com\/fr\/produit\/a-159-la-bella-vivace-htcl\/","title":{"rendered":"A-159, La Bella Vivace, HTCL"},"content":{"rendered":"<p>Jauges de cordes\u00a0:<\/p>\n<p>Aigus en fluorocarbone\u00a0:\u00a0\u00a00.025\u00a0\u00a0\u00a0\u00a00.028\u00a0\u00a0\u00a00.034<\/p>\n<p>Basses enroul\u00e9es plaqu\u00e9es argent\u00a0:\u00a0.0285\u00a0\u00a0\u00a0.0355\u00a0\u00a0\u00a0.0435<\/p>\n","protected":false},"excerpt":{"rendered":"<p>Cordes de guitare classique Vivace<\/p>\n<p>Des aigues en fluorocarbones du 21e si\u00e8cle<\/p>\n<p>Basses plaqu\u00e9es en argent, \u00e9quilibr\u00e9es dynamiquement<\/p>\n<p>Tension Fort<\/p>\n","protected":false},"featured_media":14769,"comment_status":"closed","ping_status":"closed","template":"","meta":{"_mo_disable_npp":""},"product_brand":[],"product_cat":[1052,1054],"product_tag":[1501,1503,1504],"class_list":{"0":"post-24810","1":"product","2":"type-product","3":"status-publish","4":"has-post-thumbnail","6":"product_cat-accessoires","7":"product_cat-cordes","8":"product_tag-fluorocarbon-strings-fr","9":"product_tag-high-end-classical-guitar-strings-fr","10":"product_tag-la-bella-vivace-carbon-treble-strings-fr","11":"sales-flash-overlay","12":"woocommerce-text-align-left","13":"woocommerce-image-align-center","14":"do-quantity-buttons","16":"first","17":"instock","18":"taxable","19":"shipping-taxable","20":"purchasable","21":"product-type-simple"},"_links":{"self":[{"href":"https:\/\/www.grandsalondeguitare.com\/fr\/wp-json\/wp\/v2\/product\/24810","targetHints":{"allow":["GET"]}}],"collection":[{"href":"https:\/\/www.grandsalondeguitare.com\/fr\/wp-json\/wp\/v2\/product"}],"about":[{"href":"https:\/\/www.grandsalondeguitare.com\/fr\/wp-json\/wp\/v2\/types\/product"}],"replies":[{"embeddable":true,"href":"https:\/\/www.grandsalondeguitare.com\/fr\/wp-json\/wp\/v2\/comments?post=24810"}],"wp:featuredmedia":[{"embeddable":true,"href":"https:\/\/www.grandsalondeguitare.com\/fr\/wp-json\/wp\/v2\/media\/14769"}],"wp:attachment":[{"href":"https:\/\/www.grandsalondeguitare.com\/fr\/wp-json\/wp\/v2\/media?parent=24810"}],"wp:term":[{"taxonomy":"product_brand","embeddable":true,"href":"https:\/\/www.grandsalondeguitare.com\/fr\/wp-json\/wp\/v2\/product_brand?post=24810"},{"taxonomy":"product_cat","embeddable":true,"href":"https:\/\/www.grandsalondeguitare.com\/fr\/wp-json\/wp\/v2\/product_cat?post=24810"},{"taxonomy":"product_tag","embeddable":true,"href":"https:\/\/www.grandsalondeguitare.com\/fr\/wp-json\/wp\/v2\/product_tag?post=24810"}],"curies":[{"name":"wp","href":"https:\/\/api.w.org\/{rel}","templated":true}]}}