{"id":24809,"date":"2020-03-13T15:07:50","date_gmt":"2020-03-13T20:07:50","guid":{"rendered":"https:\/\/www.grandsalondeguitare.com\/product\/a-160-la-bella-vivace-mtcl\/"},"modified":"2025-11-22T12:24:16","modified_gmt":"2025-11-22T17:24:16","slug":"a-160-la-bella-vivace-mtcl","status":"publish","type":"product","link":"https:\/\/www.grandsalondeguitare.com\/fr\/produit\/a-160-la-bella-vivace-mtcl\/","title":{"rendered":"A-160, La Bella Vivace MTCL"},"content":{"rendered":"<p>Jauges de cordes\u00a0:<\/p>\n<p>Aigus en fluorocarbone\u00a0:\u00a00.024,\u00a00.027,\u00a00.033<\/p>\n<p>Basses bobin\u00e9es plaqu\u00e9es argent\u00a0: \u00a0.0285 \u00a0.035 \u00a0\u00a0.0415<\/p>\n","protected":false},"excerpt":{"rendered":"<p>Cordes de guitare classique Vivace<\/p>\n<p>Les aigu\u00ebs en fluorocarbones du 21e si\u00e8cle<\/p>\n<p>Basses plaqu\u00e9es en argent, \u00e9quilibr\u00e9es dynamiquement<\/p>\n<p>Tension moyenne<\/p>\n","protected":false},"featured_media":14771,"comment_status":"closed","ping_status":"closed","template":"","meta":{"_mo_disable_npp":""},"product_brand":[],"product_cat":[1052,1054],"product_tag":[1501,1502],"class_list":{"0":"post-24809","1":"product","2":"type-product","3":"status-publish","4":"has-post-thumbnail","6":"product_cat-accessoires","7":"product_cat-cordes","8":"product_tag-fluorocarbon-strings-fr","9":"product_tag-la-bella-vivace-classical-guitar-strings-fr","10":"sales-flash-overlay","11":"woocommerce-text-align-left","12":"woocommerce-image-align-center","13":"do-quantity-buttons","15":"first","16":"instock","17":"taxable","18":"shipping-taxable","19":"purchasable","20":"product-type-simple"},"_links":{"self":[{"href":"https:\/\/www.grandsalondeguitare.com\/fr\/wp-json\/wp\/v2\/product\/24809","targetHints":{"allow":["GET"]}}],"collection":[{"href":"https:\/\/www.grandsalondeguitare.com\/fr\/wp-json\/wp\/v2\/product"}],"about":[{"href":"https:\/\/www.grandsalondeguitare.com\/fr\/wp-json\/wp\/v2\/types\/product"}],"replies":[{"embeddable":true,"href":"https:\/\/www.grandsalondeguitare.com\/fr\/wp-json\/wp\/v2\/comments?post=24809"}],"wp:featuredmedia":[{"embeddable":true,"href":"https:\/\/www.grandsalondeguitare.com\/fr\/wp-json\/wp\/v2\/media\/14771"}],"wp:attachment":[{"href":"https:\/\/www.grandsalondeguitare.com\/fr\/wp-json\/wp\/v2\/media?parent=24809"}],"wp:term":[{"taxonomy":"product_brand","embeddable":true,"href":"https:\/\/www.grandsalondeguitare.com\/fr\/wp-json\/wp\/v2\/product_brand?post=24809"},{"taxonomy":"product_cat","embeddable":true,"href":"https:\/\/www.grandsalondeguitare.com\/fr\/wp-json\/wp\/v2\/product_cat?post=24809"},{"taxonomy":"product_tag","embeddable":true,"href":"https:\/\/www.grandsalondeguitare.com\/fr\/wp-json\/wp\/v2\/product_tag?post=24809"}],"curies":[{"name":"wp","href":"https:\/\/api.w.org\/{rel}","templated":true}]}}