{"id":24808,"date":"2020-03-20T12:51:01","date_gmt":"2020-03-20T17:51:01","guid":{"rendered":"https:\/\/www.grandsalondeguitare.com\/product\/c-497-stephane-ferre-canada\/"},"modified":"2025-10-21T12:26:10","modified_gmt":"2025-10-21T17:26:10","slug":"c-497-stephane-ferre-canada","status":"publish","type":"product","link":"https:\/\/www.grandsalondeguitare.com\/fr\/produit\/c-497-stephane-ferre-canada\/","title":{"rendered":"C-497, Stephane Ferre (Canada)"},"content":{"rendered":"<div id=\"erdyt-6a007b8b09f98\" data-id=\"3DT6Uezq_XU\" class=\"erd-youtube-responsive\" style=\"display:block;position:relative;clear:both;width:100%;max-width:800px;margin-left:auto;margin-right:auto;\"><div style=\"padding-bottom:56.25%;\"><div class=\"erd-ytplay\" id=\"erdytp-3DT6Uezq_XU-6a007b8b09f98\" data-vid=\"3DT6Uezq_XU\"   data-src=\"https:\/\/www.youtube.com\/embed\/3DT6Uezq_XU?loop=1&#038;autoplay=1&#038;rel=0\" data-allowfullscreen=\"true\"><img decoding=\"async\" src=\"https:\/\/i.ytimg.com\/vi\/3DT6Uezq_XU\/hqdefault.jpg\" alt=\"YouTube Video\" \/><\/div><\/div><\/div>\n<p>&nbsp;<\/p>\n<p>Nouvelle guitare classique de concert<\/p>\n<p>Fabriqu\u00e9 en 2020<\/p>\n<p>\u00ab\u00a0Caroline\u00a0\u00bb<\/p>\n<p>Double table<\/p>\n<p>C\u00e8dre\/Nomex\/C\u00e8dre<\/p>\n<p>Fond et \u00e9clisses en Katalox (\u00e9b\u00e8ne Mexicain)<\/p>\n<p>Le dos et les c\u00f4t\u00e9s sont lamin\u00e9s \u00e0 l&rsquo;int\u00e9rieur avec de l&rsquo;acajou<\/p>\n<p>Manche sur\u00e9lev\u00e9 en c\u00e8dre espagnol lamin\u00e9 avec du Katalox<\/p>\n<p>Touche en \u00e9b\u00e8ne Africian<\/p>\n<p>Port de son, repose-bras et plaquage de la t\u00eate en Katalox<\/p>\n<p>M\u00e9caniques Gotoh s\u00e9rie 510 avec boutons en \u00e9b\u00e8ne<\/p>\n<p>Finition au tampon en\u00a0polis Fran\u00e7ais<\/p>\n<p>\u00c9tui rigide inclus<\/p>\n<p>La longueur totale de la guitare est de 99 cm \/ 38,97 pouces<\/p>\n<p>La longueur du corps est de 48,5 cm \/ 18,8976 pouces<\/p>\n<p>Le bout sup\u00e9rieur est de 28,5 cm \/ 11,22 pouces<\/p>\n<p>Le bout inf\u00e9rieur est de 36,5 cm \/ 14,37 pouces<\/p>\n<p>La largeur est de 10 cm \/ 3,93 pouces<\/p>\n<p>Le poids de la guitare est de 1,65 kg \/ 3,637 lb<\/p>\n","protected":false},"excerpt":{"rendered":"[youtube v=7CvY0euR6Ck =\"800px\"]\n","protected":false},"featured_media":14773,"comment_status":"closed","ping_status":"closed","template":"","meta":{"_mo_disable_npp":""},"product_brand":[],"product_cat":[2258,1058,1057],"product_tag":[1496,1497,1498,1499,1500],"class_list":{"0":"post-24808","1":"product","2":"type-product","3":"status-publish","4":"has-post-thumbnail","6":"product_cat-double-tops","7":"product_cat-guitares","8":"product_cat-guitares-classique","9":"product_tag-canadian-guitar-makers-fr","10":"product_tag-concert-classical-double-top-guitar-fr","11":"product_tag-double-cedar-top-guitars-fr","12":"product_tag-kafalox-mexican-rosewood-fr","13":"product_tag-nomex-double-tops-fr","14":"sales-flash-overlay","15":"woocommerce-text-align-left","16":"woocommerce-image-align-center","17":"do-quantity-buttons","18":"wc-has-gallery","20":"first","21":"instock","22":"sold-individually","23":"taxable","24":"shipping-taxable","25":"purchasable","26":"product-type-simple"},"_links":{"self":[{"href":"https:\/\/www.grandsalondeguitare.com\/fr\/wp-json\/wp\/v2\/product\/24808","targetHints":{"allow":["GET"]}}],"collection":[{"href":"https:\/\/www.grandsalondeguitare.com\/fr\/wp-json\/wp\/v2\/product"}],"about":[{"href":"https:\/\/www.grandsalondeguitare.com\/fr\/wp-json\/wp\/v2\/types\/product"}],"replies":[{"embeddable":true,"href":"https:\/\/www.grandsalondeguitare.com\/fr\/wp-json\/wp\/v2\/comments?post=24808"}],"wp:featuredmedia":[{"embeddable":true,"href":"https:\/\/www.grandsalondeguitare.com\/fr\/wp-json\/wp\/v2\/media\/14773"}],"wp:attachment":[{"href":"https:\/\/www.grandsalondeguitare.com\/fr\/wp-json\/wp\/v2\/media?parent=24808"}],"wp:term":[{"taxonomy":"product_brand","embeddable":true,"href":"https:\/\/www.grandsalondeguitare.com\/fr\/wp-json\/wp\/v2\/product_brand?post=24808"},{"taxonomy":"product_cat","embeddable":true,"href":"https:\/\/www.grandsalondeguitare.com\/fr\/wp-json\/wp\/v2\/product_cat?post=24808"},{"taxonomy":"product_tag","embeddable":true,"href":"https:\/\/www.grandsalondeguitare.com\/fr\/wp-json\/wp\/v2\/product_tag?post=24808"}],"curies":[{"name":"wp","href":"https:\/\/api.w.org\/{rel}","templated":true}]}}